{"id":66,"date":"2023-07-17T14:30:53","date_gmt":"2023-07-17T14:30:53","guid":{"rendered":"http:\/\/noxiy.local\/?page_id=66"},"modified":"2025-01-11T13:02:11","modified_gmt":"2025-01-11T13:02:11","slug":"klientet","status":"publish","type":"page","link":"https:\/\/fiksezjarri.al\/en\/klientet\/","title":{"rendered":"Clients"},"content":{"rendered":"<div data-elementor-type=\"wp-page\" data-elementor-id=\"66\" class=\"elementor elementor-66\" data-elementor-post-type=\"page\">\n\t\t\t\t\t\t<section class=\"elementor-section elementor-top-section elementor-element elementor-element-4087112 elementor-section-boxed elementor-section-height-default elementor-section-height-default\" data-id=\"4087112\" data-element_type=\"section\">\n\t\t\t\t\t\t<div class=\"elementor-container elementor-column-gap-no\">\n\t\t\t\t\t<div class=\"elementor-column elementor-col-100 elementor-top-column elementor-element elementor-element-98ebee3\" data-id=\"98ebee3\" data-element_type=\"column\">\n\t\t\t<div class=\"elementor-widget-wrap elementor-element-populated\">\n\t\t\t\t\t\t<div class=\"elementor-element elementor-element-eb810a6 elementor-widget elementor-widget-portfolio_noxiy\" data-id=\"eb810a6\" data-element_type=\"widget\" data-widget_type=\"portfolio_noxiy.default\">\n\t\t\t\t<div class=\"elementor-widget-container\">\n\t\t\t\t\t\r\n        \r\n        \r\n        \r\n    \r\n    \t<!-- Portfolio Area Start -->\r\n\t    <div class=\"portfolio__one\">\r\n            <div class=\"row\">\r\n                            <div class=\"col-xl-3 col-lg-6 mt-25\">\r\n                    <div class=\"project__one-item\">\r\n                        <img decoding=\"async\" class=\"img__full\" src=\"https:\/\/fiksezjarri.al\/wp-content\/uploads\/2025\/01\/iFIRE-Bolv-oil.jpg\" alt=\"\">\r\n                        <div class=\"project__one-item-content\">\r\n                            <span>Bolv Oil<\/span>\r\n                            <h4><a href=\"\"><\/a><\/h4>\r\n                        <\/div>\r\n                    <\/div>\r\n                <\/div>\r\n                            <div class=\"col-xl-3 col-lg-6 mt-25\">\r\n                    <div class=\"project__one-item\">\r\n                        <img decoding=\"async\" class=\"img__full\" src=\"https:\/\/fiksezjarri.al\/wp-content\/uploads\/2025\/01\/iFIRE-Cerdhja-Nr-26-1.jpg\" alt=\"\">\r\n                        <div class=\"project__one-item-content\">\r\n                            <span>\u00c7erdhja Nr. 26<\/span>\r\n                            <h4><a href=\"\"><\/a><\/h4>\r\n                        <\/div>\r\n                    <\/div>\r\n                <\/div>\r\n                            <div class=\"col-xl-3 col-lg-6 mt-25\">\r\n                    <div class=\"project__one-item\">\r\n                        <img decoding=\"async\" class=\"img__full\" src=\"https:\/\/fiksezjarri.al\/wp-content\/uploads\/2025\/01\/iFIRE-Gjimnazi-Myslim-Shima-Yzberish-1.jpg\" alt=\"\">\r\n                        <div class=\"project__one-item-content\">\r\n                            <span>Gjimnazi &quot;Myslim Shima&quot;, Yzberish<\/span>\r\n                            <h4><a href=\"\"><\/a><\/h4>\r\n                        <\/div>\r\n                    <\/div>\r\n                <\/div>\r\n                            <div class=\"col-xl-3 col-lg-6 mt-25\">\r\n                    <div class=\"project__one-item\">\r\n                        <img decoding=\"async\" class=\"img__full\" src=\"https:\/\/fiksezjarri.al\/wp-content\/uploads\/2025\/01\/iFIRE-Gjimnazi-Petro-Nini-Luarasi-1.jpg\" alt=\"\">\r\n                        <div class=\"project__one-item-content\">\r\n                            <span>Gjimnazi &quot;Petro Nini Luarasi&quot;<\/span>\r\n                            <h4><a href=\"\"><\/a><\/h4>\r\n                        <\/div>\r\n                    <\/div>\r\n                <\/div>\r\n                            <div class=\"col-xl-3 col-lg-6 mt-25\">\r\n                    <div class=\"project__one-item\">\r\n                        <img decoding=\"async\" class=\"img__full\" src=\"https:\/\/fiksezjarri.al\/wp-content\/uploads\/2025\/01\/iFIRE-Shkolla-Mustafa-Kemal-Ataturk.jpg\" alt=\"\">\r\n                        <div class=\"project__one-item-content\">\r\n                            <span>Shkolla &quot;Mustafa Kemal Ataturk&quot;<\/span>\r\n                            <h4><a href=\"\"><\/a><\/h4>\r\n                        <\/div>\r\n                    <\/div>\r\n                <\/div>\r\n                            <div class=\"col-xl-3 col-lg-6 mt-25\">\r\n                    <div class=\"project__one-item\">\r\n                        <img decoding=\"async\" class=\"img__full\" src=\"https:\/\/fiksezjarri.al\/wp-content\/uploads\/2025\/01\/iFIRE-Shkolla-Vasil-Shanto.jpg\" alt=\"\">\r\n                        <div class=\"project__one-item-content\">\r\n                            <span>Shkolla &quot;Vasil Shanto&quot;<\/span>\r\n                            <h4><a href=\"\"><\/a><\/h4>\r\n                        <\/div>\r\n                    <\/div>\r\n                <\/div>\r\n                            <div class=\"col-xl-3 col-lg-6 mt-25\">\r\n                    <div class=\"project__one-item\">\r\n                        <img decoding=\"async\" class=\"img__full\" src=\"https:\/\/fiksezjarri.al\/wp-content\/uploads\/2025\/01\/iFIRE-Kopshti-nr-1.jpg\" alt=\"\">\r\n                        <div class=\"project__one-item-content\">\r\n                            <span>Kopshti Nr. 1<\/span>\r\n                            <h4><a href=\"\"><\/a><\/h4>\r\n                        <\/div>\r\n                    <\/div>\r\n                <\/div>\r\n                            <div class=\"col-xl-3 col-lg-6 mt-25\">\r\n                    <div class=\"project__one-item\">\r\n                        <img decoding=\"async\" class=\"img__full\" src=\"https:\/\/fiksezjarri.al\/wp-content\/uploads\/2025\/01\/iFIRE-Kopshti-Cufo.jpg\" alt=\"\">\r\n                        <div class=\"project__one-item-content\">\r\n                            <span>Kopshti &quot;Cufo&quot;<\/span>\r\n                            <h4><a href=\"\"><\/a><\/h4>\r\n                        <\/div>\r\n                    <\/div>\r\n                <\/div>\r\n                            <div class=\"col-xl-3 col-lg-6 mt-25\">\r\n                    <div class=\"project__one-item\">\r\n                        <img decoding=\"async\" class=\"img__full\" src=\"https:\/\/fiksezjarri.al\/wp-content\/uploads\/2025\/01\/iFIRE-Kopshti-Nene-Tereza.jpg\" alt=\"\">\r\n                        <div class=\"project__one-item-content\">\r\n                            <span>Kopshti &quot;Nen\u00eb Tereza&quot;<\/span>\r\n                            <h4><a href=\"\"><\/a><\/h4>\r\n                        <\/div>\r\n                    <\/div>\r\n                <\/div>\r\n                            <div class=\"col-xl-3 col-lg-6 mt-25\">\r\n                    <div class=\"project__one-item\">\r\n                        <img decoding=\"async\" class=\"img__full\" src=\"https:\/\/fiksezjarri.al\/wp-content\/uploads\/2025\/01\/i-FIRE-Fikse-zjarri-Latitude.jpg\" alt=\"\">\r\n                        <div class=\"project__one-item-content\">\r\n                            <span>Latitude Tirana<\/span>\r\n                            <h4><a href=\"\"><\/a><\/h4>\r\n                        <\/div>\r\n                    <\/div>\r\n                <\/div>\r\n                            <div class=\"col-xl-3 col-lg-6 mt-25\">\r\n                    <div class=\"project__one-item\">\r\n                        <img decoding=\"async\" class=\"img__full\" src=\"https:\/\/fiksezjarri.al\/wp-content\/uploads\/2025\/01\/i-FIRE-Fikse-zjarri-Ministria-e-Arsimit-Sportit-dhe-Rinise.jpg\" alt=\"\">\r\n                        <div class=\"project__one-item-content\">\r\n                            <span>Ministria e Arsimit, Sportit dhe Rinis\u00eb<\/span>\r\n                            <h4><a href=\"\"><\/a><\/h4>\r\n                        <\/div>\r\n                    <\/div>\r\n                <\/div>\r\n                            <div class=\"col-xl-3 col-lg-6 mt-25\">\r\n                    <div class=\"project__one-item\">\r\n                        <img decoding=\"async\" class=\"img__full\" src=\"https:\/\/fiksezjarri.al\/wp-content\/uploads\/2025\/01\/i-FIRE-Fikse-zjarri-Parkingu-nentokesor-te-Rruga-e-Elbasanit.jpg\" alt=\"\">\r\n                        <div class=\"project__one-item-content\">\r\n                            <span>Parking n\u00ebntok\u00ebsor, Rruga e Elbasanit<\/span>\r\n                            <h4><a href=\"\"><\/a><\/h4>\r\n                        <\/div>\r\n                    <\/div>\r\n                <\/div>\r\n                            <div class=\"col-xl-3 col-lg-6 mt-25\">\r\n                    <div class=\"project__one-item\">\r\n                        <img decoding=\"async\" class=\"img__full\" src=\"https:\/\/fiksezjarri.al\/wp-content\/uploads\/2025\/01\/i-FIRE-Fikse-zjarri-Shkolla-Bedri-Llagami.jpg\" alt=\"\">\r\n                        <div class=\"project__one-item-content\">\r\n                            <span>Shkolla &quot;Bedri Llagami&quot;<\/span>\r\n                            <h4><a href=\"\"><\/a><\/h4>\r\n                        <\/div>\r\n                    <\/div>\r\n                <\/div>\r\n                            <div class=\"col-xl-3 col-lg-6 mt-25\">\r\n                    <div class=\"project__one-item\">\r\n                        <img decoding=\"async\" class=\"img__full\" src=\"https:\/\/fiksezjarri.al\/wp-content\/uploads\/2025\/01\/i-FIRE-Fikse-zjarri-Shkolla-Ismail-Qemali.jpg\" alt=\"\">\r\n                        <div class=\"project__one-item-content\">\r\n                            <span>Shkolla &quot;Ismail Qemali&quot;<\/span>\r\n                            <h4><a href=\"\"><\/a><\/h4>\r\n                        <\/div>\r\n                    <\/div>\r\n                <\/div>\r\n                            <div class=\"col-xl-3 col-lg-6 mt-25\">\r\n                    <div class=\"project__one-item\">\r\n                        <img decoding=\"async\" class=\"img__full\" src=\"https:\/\/fiksezjarri.al\/wp-content\/uploads\/2025\/01\/i-FIRE-Fikse-zjarri-Stacion-elekrik.jpg\" alt=\"\">\r\n                        <div class=\"project__one-item-content\">\r\n                            <span>Stacion elekrik<\/span>\r\n                            <h4><a href=\"\"><\/a><\/h4>\r\n                        <\/div>\r\n                    <\/div>\r\n                <\/div>\r\n                            <div class=\"col-xl-3 col-lg-6 mt-25\">\r\n                    <div class=\"project__one-item\">\r\n                        <img decoding=\"async\" class=\"img__full\" src=\"https:\/\/fiksezjarri.al\/wp-content\/uploads\/2025\/01\/i-FIRE-Fikse-zjarri-Fikese-zjarri-dhe-sinjalistike-per-zone-te-mbrojtur.jpg\" alt=\"\">\r\n                        <div class=\"project__one-item-content\">\r\n                            <span>Fikese zjarri dhe sinjalistik\u00eb p\u00ebr zon\u00eb t\u00eb mbrojtur<\/span>\r\n                            <h4><a href=\"\"><\/a><\/h4>\r\n                        <\/div>\r\n                    <\/div>\r\n                <\/div>\r\n                            <div class=\"col-xl-3 col-lg-6 mt-25\">\r\n                    <div class=\"project__one-item\">\r\n                        <img decoding=\"async\" class=\"img__full\" src=\"https:\/\/fiksezjarri.al\/wp-content\/uploads\/2025\/01\/i-FIRE-Fikse-zjarri-Fikese-zjarri-per-biblioteke.jpg\" alt=\"\">\r\n                        <div class=\"project__one-item-content\">\r\n                            <span>Fikese Zjarri p\u00ebr Biblioteke<\/span>\r\n                            <h4><a href=\"\"><\/a><\/h4>\r\n                        <\/div>\r\n                    <\/div>\r\n                <\/div>\r\n                            <div class=\"col-xl-3 col-lg-6 mt-25\">\r\n                    <div class=\"project__one-item\">\r\n                        <img decoding=\"async\" class=\"img__full\" src=\"https:\/\/fiksezjarri.al\/wp-content\/uploads\/2025\/01\/i-FIRE-Fikse-zjarri-Fikese-zjarri-per-ambient-zyre.jpg\" alt=\"\">\r\n                        <div class=\"project__one-item-content\">\r\n                            <span>Fikese zjarri p\u00ebr ambient zyre<\/span>\r\n                            <h4><a href=\"\"><\/a><\/h4>\r\n                        <\/div>\r\n                    <\/div>\r\n                <\/div>\r\n                            <div class=\"col-xl-3 col-lg-6 mt-25\">\r\n                    <div class=\"project__one-item\">\r\n                        <img decoding=\"async\" class=\"img__full\" src=\"https:\/\/fiksezjarri.al\/wp-content\/uploads\/2025\/01\/i-FIRE-Fikse-zjarri-Fikese-zjarri-tavanore-per-magazine.jpg\" alt=\"\">\r\n                        <div class=\"project__one-item-content\">\r\n                            <span>Fikese zjarri tavanore p\u00ebr magazine<\/span>\r\n                            <h4><a href=\"\"><\/a><\/h4>\r\n                        <\/div>\r\n                    <\/div>\r\n                <\/div>\r\n                            <div class=\"col-xl-3 col-lg-6 mt-25\">\r\n                    <div class=\"project__one-item\">\r\n                        <img decoding=\"async\" class=\"img__full\" src=\"https:\/\/fiksezjarri.al\/wp-content\/uploads\/2025\/01\/i-FIRE-Fikse-zjarri-Sistem-zjarri-per-ndertese-industriale.jpg\" alt=\"\">\r\n                        <div class=\"project__one-item-content\">\r\n                            <span>Sistem zjarri p\u00ebr nd\u00ebrtes\u00eb industriale<\/span>\r\n                            <h4><a href=\"\"><\/a><\/h4>\r\n                        <\/div>\r\n                    <\/div>\r\n                <\/div>\r\n                        <\/div>\r\n        <\/div>\r\n    \r\n\t\t\t\t<\/div>\n\t\t\t\t<\/div>\n\t\t\t\t\t<\/div>\n\t\t<\/div>\n\t\t\t\t\t<\/div>\n\t\t<\/section>\n\t\t\t\t<\/div>","protected":false},"excerpt":{"rendered":"<p>Bolv Oil \u00c7erdhja Nr. 26 Gjimnazi &quot;Myslim Shima&quot;, Yzberish Gjimnazi &quot;Petro Nini Luarasi&quot; Shkolla &quot;Mustafa Kemal Ataturk&quot; Shkolla &quot;Vasil Shanto&quot; Kopshti Nr. 1 Kopshti &quot;Cufo&quot; Kopshti &quot;Nen\u00eb Tereza&quot; Latitude Tirana Ministria e Arsimit, Sportit dhe Rinis\u00eb Parking n\u00ebntok\u00ebsor, Rruga e Elbasanit Shkolla &quot;Bedri Llagami&quot; Shkolla &quot;Ismail Qemali&quot; Stacion elekrik Fikese zjarri dhe sinjalistik\u00eb p\u00ebr zon\u00eb [&hellip;]<\/p>","protected":false},"author":1,"featured_media":0,"parent":0,"menu_order":0,"comment_status":"closed","ping_status":"closed","template":"page-builder.php","meta":{"footnotes":""},"categories":[],"tags":[],"class_list":["post-66","page","type-page","status-publish","hentry"],"yoast_head":"<!-- This site is optimized with the Yoast SEO plugin v26.6 - https:\/\/yoast.com\/wordpress\/plugins\/seo\/ -->\n<title>Klient\u00ebt &#8226; i-Fire Shpk<\/title>\n<meta name=\"description\" content=\"Fikse Zjarri per Biznese &amp; Shtepi. Fikse Zjarri PUDER, Fikse Zjarri CO2, Fikse Zjarri SHKUME, Fikse Zjarri TAVANORE,etj... Trajnime Stafi Zjarrfikes\" \/>\n<meta name=\"robots\" content=\"index, follow, max-snippet:-1, max-image-preview:large, max-video-preview:-1\" \/>\n<link rel=\"canonical\" href=\"https:\/\/fiksezjarri.al\/en\/klientet\/\" \/>\n<meta property=\"og:locale\" content=\"en_GB\" \/>\n<meta property=\"og:type\" content=\"article\" \/>\n<meta property=\"og:title\" content=\"Klient\u00ebt &#8226; i-Fire Shpk\" \/>\n<meta property=\"og:description\" content=\"Fikse Zjarri per Biznese &amp; Shtepi. Fikse Zjarri PUDER, Fikse Zjarri CO2, Fikse Zjarri SHKUME, Fikse Zjarri TAVANORE,etj... Trajnime Stafi Zjarrfikes\" \/>\n<meta property=\"og:url\" content=\"https:\/\/fiksezjarri.al\/en\/klientet\/\" \/>\n<meta property=\"og:site_name\" content=\"Fikse Zjarri I-Fire Shpk\" \/>\n<meta property=\"article:publisher\" content=\"https:\/\/www.facebook.com\/fikse.zjarri\" \/>\n<meta property=\"article:modified_time\" content=\"2025-01-11T13:02:11+00:00\" \/>\n<meta property=\"og:image\" content=\"https:\/\/fiksezjarri.al\/wp-content\/uploads\/2025\/01\/iFIRE-Bolv-oil.jpg\" \/>\n<meta name=\"twitter:card\" content=\"summary_large_image\" \/>\n<script type=\"application\/ld+json\" class=\"yoast-schema-graph\">{\"@context\":\"https:\/\/schema.org\",\"@graph\":[{\"@type\":\"WebPage\",\"@id\":\"https:\/\/fiksezjarri.al\/klientet\/\",\"url\":\"https:\/\/fiksezjarri.al\/klientet\/\",\"name\":\"Klient\u00ebt &#8226; i-Fire Shpk\",\"isPartOf\":{\"@id\":\"https:\/\/fiksezjarri.al\/al\/#website\"},\"primaryImageOfPage\":{\"@id\":\"https:\/\/fiksezjarri.al\/klientet\/#primaryimage\"},\"image\":{\"@id\":\"https:\/\/fiksezjarri.al\/klientet\/#primaryimage\"},\"thumbnailUrl\":\"https:\/\/fiksezjarri.al\/wp-content\/uploads\/2025\/01\/iFIRE-Bolv-oil.jpg\",\"datePublished\":\"2023-07-17T14:30:53+00:00\",\"dateModified\":\"2025-01-11T13:02:11+00:00\",\"description\":\"Fikse Zjarri per Biznese & Shtepi. Fikse Zjarri PUDER, Fikse Zjarri CO2, Fikse Zjarri SHKUME, Fikse Zjarri TAVANORE,etj... Trajnime Stafi Zjarrfikes\",\"breadcrumb\":{\"@id\":\"https:\/\/fiksezjarri.al\/klientet\/#breadcrumb\"},\"inLanguage\":\"en-GB\",\"potentialAction\":[{\"@type\":\"ReadAction\",\"target\":[\"https:\/\/fiksezjarri.al\/klientet\/\"]}]},{\"@type\":\"ImageObject\",\"inLanguage\":\"en-GB\",\"@id\":\"https:\/\/fiksezjarri.al\/klientet\/#primaryimage\",\"url\":\"https:\/\/fiksezjarri.al\/wp-content\/uploads\/2025\/01\/iFIRE-Bolv-oil.jpg\",\"contentUrl\":\"https:\/\/fiksezjarri.al\/wp-content\/uploads\/2025\/01\/iFIRE-Bolv-oil.jpg\"},{\"@type\":\"BreadcrumbList\",\"@id\":\"https:\/\/fiksezjarri.al\/klientet\/#breadcrumb\",\"itemListElement\":[{\"@type\":\"ListItem\",\"position\":1,\"name\":\"Home\",\"item\":\"https:\/\/fiksezjarri.al\/al\/\"},{\"@type\":\"ListItem\",\"position\":2,\"name\":\"Klient\u00ebt\"}]},{\"@type\":\"WebSite\",\"@id\":\"https:\/\/fiksezjarri.al\/al\/#website\",\"url\":\"https:\/\/fiksezjarri.al\/al\/\",\"name\":\"Fikse Zjarri\",\"description\":\"Fikse Zjarri per Biznese &amp; Industri\",\"publisher\":{\"@id\":\"https:\/\/fiksezjarri.al\/al\/#organization\"},\"alternateName\":\"Fikse Zjarri\",\"potentialAction\":[{\"@type\":\"SearchAction\",\"target\":{\"@type\":\"EntryPoint\",\"urlTemplate\":\"https:\/\/fiksezjarri.al\/al\/?s={search_term_string}\"},\"query-input\":{\"@type\":\"PropertyValueSpecification\",\"valueRequired\":true,\"valueName\":\"search_term_string\"}}],\"inLanguage\":\"en-GB\"},{\"@type\":\"Organization\",\"@id\":\"https:\/\/fiksezjarri.al\/al\/#organization\",\"name\":\"Fikse Zjarri I-Fire Shpk\",\"alternateName\":\"Fikse Zjarri i-Fire Shpk\",\"url\":\"https:\/\/fiksezjarri.al\/al\/\",\"logo\":{\"@type\":\"ImageObject\",\"inLanguage\":\"en-GB\",\"@id\":\"https:\/\/fiksezjarri.al\/al\/#\/schema\/logo\/image\/\",\"url\":\"https:\/\/fiksezjarri.al\/wp-content\/uploads\/2025\/01\/Logo-Fikse-Zjarri.png\",\"contentUrl\":\"https:\/\/fiksezjarri.al\/wp-content\/uploads\/2025\/01\/Logo-Fikse-Zjarri.png\",\"width\":226,\"height\":117,\"caption\":\"Fikse Zjarri I-Fire Shpk\"},\"image\":{\"@id\":\"https:\/\/fiksezjarri.al\/al\/#\/schema\/logo\/image\/\"},\"sameAs\":[\"https:\/\/www.facebook.com\/fikse.zjarri\",\"https:\/\/www.instagram.com\/fikse_zjarri\/\"]}]}<\/script>\n<!-- \/ Yoast SEO plugin. -->","yoast_head_json":{"title":"Klient\u00ebt &#8226; i-Fire Shpk","description":"Fikse Zjarri per Biznese & Shtepi. Fikse Zjarri PUDER, Fikse Zjarri CO2, Fikse Zjarri SHKUME, Fikse Zjarri TAVANORE,etj... Trajnime Stafi Zjarrfikes","robots":{"index":"index","follow":"follow","max-snippet":"max-snippet:-1","max-image-preview":"max-image-preview:large","max-video-preview":"max-video-preview:-1"},"canonical":"https:\/\/fiksezjarri.al\/en\/klientet\/","og_locale":"en_GB","og_type":"article","og_title":"Klient\u00ebt &#8226; i-Fire Shpk","og_description":"Fikse Zjarri per Biznese & Shtepi. Fikse Zjarri PUDER, Fikse Zjarri CO2, Fikse Zjarri SHKUME, Fikse Zjarri TAVANORE,etj... Trajnime Stafi Zjarrfikes","og_url":"https:\/\/fiksezjarri.al\/en\/klientet\/","og_site_name":"Fikse Zjarri I-Fire Shpk","article_publisher":"https:\/\/www.facebook.com\/fikse.zjarri","article_modified_time":"2025-01-11T13:02:11+00:00","og_image":[{"url":"https:\/\/fiksezjarri.al\/wp-content\/uploads\/2025\/01\/iFIRE-Bolv-oil.jpg","type":"","width":"","height":""}],"twitter_card":"summary_large_image","schema":{"@context":"https:\/\/schema.org","@graph":[{"@type":"WebPage","@id":"https:\/\/fiksezjarri.al\/klientet\/","url":"https:\/\/fiksezjarri.al\/klientet\/","name":"Klient\u00ebt &#8226; i-Fire Shpk","isPartOf":{"@id":"https:\/\/fiksezjarri.al\/al\/#website"},"primaryImageOfPage":{"@id":"https:\/\/fiksezjarri.al\/klientet\/#primaryimage"},"image":{"@id":"https:\/\/fiksezjarri.al\/klientet\/#primaryimage"},"thumbnailUrl":"https:\/\/fiksezjarri.al\/wp-content\/uploads\/2025\/01\/iFIRE-Bolv-oil.jpg","datePublished":"2023-07-17T14:30:53+00:00","dateModified":"2025-01-11T13:02:11+00:00","description":"Fikse Zjarri per Biznese & Shtepi. Fikse Zjarri PUDER, Fikse Zjarri CO2, Fikse Zjarri SHKUME, Fikse Zjarri TAVANORE,etj... Trajnime Stafi Zjarrfikes","breadcrumb":{"@id":"https:\/\/fiksezjarri.al\/klientet\/#breadcrumb"},"inLanguage":"en-GB","potentialAction":[{"@type":"ReadAction","target":["https:\/\/fiksezjarri.al\/klientet\/"]}]},{"@type":"ImageObject","inLanguage":"en-GB","@id":"https:\/\/fiksezjarri.al\/klientet\/#primaryimage","url":"https:\/\/fiksezjarri.al\/wp-content\/uploads\/2025\/01\/iFIRE-Bolv-oil.jpg","contentUrl":"https:\/\/fiksezjarri.al\/wp-content\/uploads\/2025\/01\/iFIRE-Bolv-oil.jpg"},{"@type":"BreadcrumbList","@id":"https:\/\/fiksezjarri.al\/klientet\/#breadcrumb","itemListElement":[{"@type":"ListItem","position":1,"name":"Home","item":"https:\/\/fiksezjarri.al\/al\/"},{"@type":"ListItem","position":2,"name":"Klient\u00ebt"}]},{"@type":"WebSite","@id":"https:\/\/fiksezjarri.al\/al\/#website","url":"https:\/\/fiksezjarri.al\/al\/","name":"Fire Extinguisher","description":"Fikse Zjarri per Biznese &amp; Industri","publisher":{"@id":"https:\/\/fiksezjarri.al\/al\/#organization"},"alternateName":"Fikse Zjarri","potentialAction":[{"@type":"SearchAction","target":{"@type":"EntryPoint","urlTemplate":"https:\/\/fiksezjarri.al\/al\/?s={search_term_string}"},"query-input":{"@type":"PropertyValueSpecification","valueRequired":true,"valueName":"search_term_string"}}],"inLanguage":"en-GB"},{"@type":"Organization","@id":"https:\/\/fiksezjarri.al\/al\/#organization","name":"Fikse Zjarri I-Fire Shpk","alternateName":"Fikse Zjarri i-Fire Shpk","url":"https:\/\/fiksezjarri.al\/al\/","logo":{"@type":"ImageObject","inLanguage":"en-GB","@id":"https:\/\/fiksezjarri.al\/al\/#\/schema\/logo\/image\/","url":"https:\/\/fiksezjarri.al\/wp-content\/uploads\/2025\/01\/Logo-Fikse-Zjarri.png","contentUrl":"https:\/\/fiksezjarri.al\/wp-content\/uploads\/2025\/01\/Logo-Fikse-Zjarri.png","width":226,"height":117,"caption":"Fikse Zjarri I-Fire Shpk"},"image":{"@id":"https:\/\/fiksezjarri.al\/al\/#\/schema\/logo\/image\/"},"sameAs":["https:\/\/www.facebook.com\/fikse.zjarri","https:\/\/www.instagram.com\/fikse_zjarri\/"]}]}},"_links":{"self":[{"href":"https:\/\/fiksezjarri.al\/en\/wp-json\/wp\/v2\/pages\/66","targetHints":{"allow":["GET"]}}],"collection":[{"href":"https:\/\/fiksezjarri.al\/en\/wp-json\/wp\/v2\/pages"}],"about":[{"href":"https:\/\/fiksezjarri.al\/en\/wp-json\/wp\/v2\/types\/page"}],"author":[{"embeddable":true,"href":"https:\/\/fiksezjarri.al\/en\/wp-json\/wp\/v2\/users\/1"}],"replies":[{"embeddable":true,"href":"https:\/\/fiksezjarri.al\/en\/wp-json\/wp\/v2\/comments?post=66"}],"version-history":[{"count":34,"href":"https:\/\/fiksezjarri.al\/en\/wp-json\/wp\/v2\/pages\/66\/revisions"}],"predecessor-version":[{"id":2989,"href":"https:\/\/fiksezjarri.al\/en\/wp-json\/wp\/v2\/pages\/66\/revisions\/2989"}],"wp:attachment":[{"href":"https:\/\/fiksezjarri.al\/en\/wp-json\/wp\/v2\/media?parent=66"}],"wp:term":[{"taxonomy":"category","embeddable":true,"href":"https:\/\/fiksezjarri.al\/en\/wp-json\/wp\/v2\/categories?post=66"},{"taxonomy":"post_tag","embeddable":true,"href":"https:\/\/fiksezjarri.al\/en\/wp-json\/wp\/v2\/tags?post=66"}],"curies":[{"name":"wp","href":"https:\/\/api.w.org\/{rel}","templated":true}]}}