{"id":58,"date":"2023-07-17T14:28:47","date_gmt":"2023-07-17T14:28:47","guid":{"rendered":"http:\/\/noxiy.local\/?page_id=58"},"modified":"2025-01-11T17:30:23","modified_gmt":"2025-01-11T17:30:23","slug":"certifikata","status":"publish","type":"page","link":"https:\/\/fiksezjarri.al\/en\/certifikata\/","title":{"rendered":"Certificates"},"content":{"rendered":"<div data-elementor-type=\"wp-page\" data-elementor-id=\"58\" class=\"elementor elementor-58\" data-elementor-post-type=\"page\">\n\t\t\t\t\t\t<section class=\"elementor-section elementor-top-section elementor-element elementor-element-bae31f0 elementor-section-boxed elementor-section-height-default elementor-section-height-default\" data-id=\"bae31f0\" data-element_type=\"section\">\n\t\t\t\t\t\t<div class=\"elementor-container elementor-column-gap-default\">\n\t\t\t\t\t<div class=\"elementor-column elementor-col-100 elementor-top-column elementor-element elementor-element-c7e4a8a\" data-id=\"c7e4a8a\" data-element_type=\"column\">\n\t\t\t<div class=\"elementor-widget-wrap elementor-element-populated\">\n\t\t\t\t\t\t<div class=\"elementor-element elementor-element-c96a75c elementor-widget-tablet__width-inherit elementor-widget-mobile__width-inherit elementor-widget elementor-widget-heading\" data-id=\"c96a75c\" data-element_type=\"widget\" data-widget_type=\"heading.default\">\n\t\t\t\t<div class=\"elementor-widget-container\">\n\t\t\t\t\t<h2 class=\"elementor-heading-title elementor-size-default\">Certificates<\/h2>\t\t\t\t<\/div>\n\t\t\t\t<\/div>\n\t\t\t\t<div class=\"elementor-element elementor-element-e270dbd elementor-widget elementor-widget-text-editor\" data-id=\"e270dbd\" data-element_type=\"widget\" data-widget_type=\"text-editor.default\">\n\t\t\t\t<div class=\"elementor-widget-container\">\n\t\t\t\t\t\t\t\t\t<p>Deri tani \u00ebsht\u00eb rritur besueshm\u00ebria e saj dhe cil\u00ebsia e nd\u00ebrtimit ka rezultuar n\u00eb rritjen e k\u00ebrkes\u00ebs ditore dhe n\u00eb zgjerimin e tregjeve. N\u00eb m\u00ebnyr\u00eb q\u00eb t\u00eb plot\u00ebsojm\u00eb t\u00eb gjitha nevojat e klient\u00ebve tan\u00eb dhe t\u00eb rrisim sigurin\u00eb e tyre, ne po punojm\u00eb vazhdimisht n\u00eb p\u00ebrmir\u00ebsimin e produktit ton\u00eb. Ne kemi \u00e7ertifikatat ISO 9001 p\u00ebr t\u00eb gjitha produktet, si dhe e para \u00e7ertifikat\u00eb EN p\u00ebr prodhuesit Serb\u00eb aparatet m\u00eb t\u00eb k\u00ebrkuar q\u00eb provon se cil\u00ebsia e tyre \u00ebsht\u00eb e jasht\u00ebzakonshme dhe mund t\u00eb eksportohen lirisht n\u00eb tregun evropian. T\u00eb gjitha makin\u00ebrit\u00eb tona jan\u00eb t\u00eb pajisura me \u00e7ertifikat\u00eb CE.<\/p>\t\t\t\t\t\t\t\t<\/div>\n\t\t\t\t<\/div>\n\t\t\t\t\t<\/div>\n\t\t<\/div>\n\t\t\t\t\t<\/div>\n\t\t<\/section>\n\t\t<div class=\"elementor-element elementor-element-16772f2 e-grid e-con-boxed e-con e-parent\" data-id=\"16772f2\" data-element_type=\"container\">\n\t\t\t\t\t<div class=\"e-con-inner\">\n\t\t\t\t<div class=\"elementor-element elementor-element-a03fd51 elementor-widget elementor-widget-image\" data-id=\"a03fd51\" data-element_type=\"widget\" data-widget_type=\"image.default\">\n\t\t\t\t<div class=\"elementor-widget-container\">\n\t\t\t\t\t\t\t\t\t\t\t\t\t\t\t\t<a href=\"https:\/\/fiksezjarri.al\/wp-content\/uploads\/2025\/01\/i-fire-shpk-certifikate-3.jpg\" data-elementor-open-lightbox=\"yes\" data-elementor-lightbox-title=\"Certifikate\" data-e-action-hash=\"#elementor-action%3Aaction%3Dlightbox%26settings%3DeyJpZCI6MjkxMCwidXJsIjoiaHR0cHM6XC9cL2Zpa3NlemphcnJpLmFsXC93cC1jb250ZW50XC91cGxvYWRzXC8yMDI1XC8wMVwvaS1maXJlLXNocGstY2VydGlmaWthdGUtMy5qcGcifQ%3D%3D\">\n\t\t\t\t\t\t\t<img fetchpriority=\"high\" decoding=\"async\" width=\"346\" height=\"489\" src=\"https:\/\/fiksezjarri.al\/wp-content\/uploads\/2025\/01\/i-fire-shpk-certifikate-3.jpg\" class=\"attachment-full size-full wp-image-2910\" alt=\"\" srcset=\"https:\/\/fiksezjarri.al\/wp-content\/uploads\/2025\/01\/i-fire-shpk-certifikate-3.jpg 346w, https:\/\/fiksezjarri.al\/wp-content\/uploads\/2025\/01\/i-fire-shpk-certifikate-3-212x300.jpg 212w\" sizes=\"(max-width: 346px) 100vw, 346px\" \/>\t\t\t\t\t\t\t\t<\/a>\n\t\t\t\t\t\t\t\t\t\t\t\t\t\t\t<\/div>\n\t\t\t\t<\/div>\n\t\t\t\t<div class=\"elementor-element elementor-element-2d354c5 elementor-widget elementor-widget-image\" data-id=\"2d354c5\" data-element_type=\"widget\" data-widget_type=\"image.default\">\n\t\t\t\t<div class=\"elementor-widget-container\">\n\t\t\t\t\t\t\t\t\t\t\t\t\t\t\t\t<a href=\"https:\/\/fiksezjarri.al\/wp-content\/uploads\/2025\/01\/i-fire-shpk-certifikate-2.jpg\" data-elementor-open-lightbox=\"yes\" data-elementor-lightbox-title=\"Certifikate\" data-e-action-hash=\"#elementor-action%3Aaction%3Dlightbox%26settings%3DeyJpZCI6MjkwOSwidXJsIjoiaHR0cHM6XC9cL2Zpa3NlemphcnJpLmFsXC93cC1jb250ZW50XC91cGxvYWRzXC8yMDI1XC8wMVwvaS1maXJlLXNocGstY2VydGlmaWthdGUtMi5qcGcifQ%3D%3D\">\n\t\t\t\t\t\t\t<img decoding=\"async\" width=\"346\" height=\"489\" src=\"https:\/\/fiksezjarri.al\/wp-content\/uploads\/2025\/01\/i-fire-shpk-certifikate-2.jpg\" class=\"attachment-full size-full wp-image-2909\" alt=\"\" srcset=\"https:\/\/fiksezjarri.al\/wp-content\/uploads\/2025\/01\/i-fire-shpk-certifikate-2.jpg 346w, https:\/\/fiksezjarri.al\/wp-content\/uploads\/2025\/01\/i-fire-shpk-certifikate-2-212x300.jpg 212w\" sizes=\"(max-width: 346px) 100vw, 346px\" \/>\t\t\t\t\t\t\t\t<\/a>\n\t\t\t\t\t\t\t\t\t\t\t\t\t\t\t<\/div>\n\t\t\t\t<\/div>\n\t\t\t\t<div class=\"elementor-element elementor-element-9055e60 elementor-widget elementor-widget-image\" data-id=\"9055e60\" data-element_type=\"widget\" data-widget_type=\"image.default\">\n\t\t\t\t<div class=\"elementor-widget-container\">\n\t\t\t\t\t\t\t\t\t\t\t\t\t\t\t\t<a href=\"https:\/\/fiksezjarri.al\/wp-content\/uploads\/2025\/01\/i-fire-shpk-certifikate-3.jpg\" data-elementor-open-lightbox=\"yes\" data-elementor-lightbox-title=\"Certifikate\" data-e-action-hash=\"#elementor-action%3Aaction%3Dlightbox%26settings%3DeyJpZCI6MjkxMCwidXJsIjoiaHR0cHM6XC9cL2Zpa3NlemphcnJpLmFsXC93cC1jb250ZW50XC91cGxvYWRzXC8yMDI1XC8wMVwvaS1maXJlLXNocGstY2VydGlmaWthdGUtMy5qcGcifQ%3D%3D\">\n\t\t\t\t\t\t\t<img fetchpriority=\"high\" decoding=\"async\" width=\"346\" height=\"489\" src=\"https:\/\/fiksezjarri.al\/wp-content\/uploads\/2025\/01\/i-fire-shpk-certifikate-3.jpg\" class=\"attachment-full size-full wp-image-2910\" alt=\"\" srcset=\"https:\/\/fiksezjarri.al\/wp-content\/uploads\/2025\/01\/i-fire-shpk-certifikate-3.jpg 346w, https:\/\/fiksezjarri.al\/wp-content\/uploads\/2025\/01\/i-fire-shpk-certifikate-3-212x300.jpg 212w\" sizes=\"(max-width: 346px) 100vw, 346px\" \/>\t\t\t\t\t\t\t\t<\/a>\n\t\t\t\t\t\t\t\t\t\t\t\t\t\t\t<\/div>\n\t\t\t\t<\/div>\n\t\t\t\t\t<\/div>\n\t\t\t\t<\/div>\n\t\t\t\t<\/div>","protected":false},"excerpt":{"rendered":"<p>\u00c7ertifikata Deri tani \u00ebsht\u00eb rritur besueshm\u00ebria e saj dhe cil\u00ebsia e nd\u00ebrtimit ka rezultuar n\u00eb rritjen e k\u00ebrkes\u00ebs ditore dhe n\u00eb zgjerimin e tregjeve. N\u00eb m\u00ebnyr\u00eb q\u00eb t\u00eb plot\u00ebsojm\u00eb t\u00eb gjitha nevojat e klient\u00ebve tan\u00eb dhe t\u00eb rrisim sigurin\u00eb e tyre, ne po punojm\u00eb vazhdimisht n\u00eb p\u00ebrmir\u00ebsimin e produktit ton\u00eb. Ne kemi \u00e7ertifikatat ISO 9001 [&hellip;]<\/p>","protected":false},"author":1,"featured_media":0,"parent":0,"menu_order":0,"comment_status":"closed","ping_status":"closed","template":"page-builder.php","meta":{"footnotes":""},"categories":[],"tags":[],"class_list":["post-58","page","type-page","status-publish","hentry"],"yoast_head":"<!-- This site is optimized with the Yoast SEO plugin v26.6 - https:\/\/yoast.com\/wordpress\/plugins\/seo\/ -->\n<title>\u00c7ertifikata &#8226; i-Fire Shpk<\/title>\n<meta name=\"description\" content=\"Fikse Zjarri per Biznese &amp; Shtepi. Fikse Zjarri PUDER, Fikse Zjarri CO2, Fikse Zjarri SHKUME, Fikse Zjarri TAVANORE,etj... Trajnime Stafi Zjarrfikes\" \/>\n<meta name=\"robots\" content=\"index, follow, max-snippet:-1, max-image-preview:large, max-video-preview:-1\" \/>\n<link rel=\"canonical\" href=\"https:\/\/fiksezjarri.al\/en\/certifikata\/\" \/>\n<meta property=\"og:locale\" content=\"en_GB\" \/>\n<meta property=\"og:type\" content=\"article\" \/>\n<meta property=\"og:title\" content=\"\u00c7ertifikata &#8226; i-Fire Shpk\" \/>\n<meta property=\"og:description\" content=\"Fikse Zjarri per Biznese &amp; Shtepi. Fikse Zjarri PUDER, Fikse Zjarri CO2, Fikse Zjarri SHKUME, Fikse Zjarri TAVANORE,etj... Trajnime Stafi Zjarrfikes\" \/>\n<meta property=\"og:url\" content=\"https:\/\/fiksezjarri.al\/en\/certifikata\/\" \/>\n<meta property=\"og:site_name\" content=\"Fikse Zjarri I-Fire Shpk\" \/>\n<meta property=\"article:publisher\" content=\"https:\/\/www.facebook.com\/fikse.zjarri\" \/>\n<meta property=\"article:modified_time\" content=\"2025-01-11T17:30:23+00:00\" \/>\n<meta property=\"og:image\" content=\"https:\/\/fiksezjarri.al\/wp-content\/uploads\/2025\/01\/i-fire-shpk-certifikate-3.jpg\" \/>\n<meta name=\"twitter:card\" content=\"summary_large_image\" \/>\n<meta name=\"twitter:label1\" content=\"Estimated reading time\" \/>\n\t<meta name=\"twitter:data1\" content=\"1 minute\" \/>\n<script type=\"application\/ld+json\" class=\"yoast-schema-graph\">{\"@context\":\"https:\/\/schema.org\",\"@graph\":[{\"@type\":\"WebPage\",\"@id\":\"https:\/\/fiksezjarri.al\/certifikata\/\",\"url\":\"https:\/\/fiksezjarri.al\/certifikata\/\",\"name\":\"\u00c7ertifikata &#8226; i-Fire Shpk\",\"isPartOf\":{\"@id\":\"https:\/\/fiksezjarri.al\/al\/#website\"},\"primaryImageOfPage\":{\"@id\":\"https:\/\/fiksezjarri.al\/certifikata\/#primaryimage\"},\"image\":{\"@id\":\"https:\/\/fiksezjarri.al\/certifikata\/#primaryimage\"},\"thumbnailUrl\":\"https:\/\/fiksezjarri.al\/wp-content\/uploads\/2025\/01\/i-fire-shpk-certifikate-3.jpg\",\"datePublished\":\"2023-07-17T14:28:47+00:00\",\"dateModified\":\"2025-01-11T17:30:23+00:00\",\"description\":\"Fikse Zjarri per Biznese & Shtepi. Fikse Zjarri PUDER, Fikse Zjarri CO2, Fikse Zjarri SHKUME, Fikse Zjarri TAVANORE,etj... Trajnime Stafi Zjarrfikes\",\"breadcrumb\":{\"@id\":\"https:\/\/fiksezjarri.al\/certifikata\/#breadcrumb\"},\"inLanguage\":\"en-GB\",\"potentialAction\":[{\"@type\":\"ReadAction\",\"target\":[\"https:\/\/fiksezjarri.al\/certifikata\/\"]}]},{\"@type\":\"ImageObject\",\"inLanguage\":\"en-GB\",\"@id\":\"https:\/\/fiksezjarri.al\/certifikata\/#primaryimage\",\"url\":\"https:\/\/fiksezjarri.al\/wp-content\/uploads\/2025\/01\/i-fire-shpk-certifikate-3.jpg\",\"contentUrl\":\"https:\/\/fiksezjarri.al\/wp-content\/uploads\/2025\/01\/i-fire-shpk-certifikate-3.jpg\"},{\"@type\":\"BreadcrumbList\",\"@id\":\"https:\/\/fiksezjarri.al\/certifikata\/#breadcrumb\",\"itemListElement\":[{\"@type\":\"ListItem\",\"position\":1,\"name\":\"Home\",\"item\":\"https:\/\/fiksezjarri.al\/al\/\"},{\"@type\":\"ListItem\",\"position\":2,\"name\":\"\u00c7ertifikata\"}]},{\"@type\":\"WebSite\",\"@id\":\"https:\/\/fiksezjarri.al\/al\/#website\",\"url\":\"https:\/\/fiksezjarri.al\/al\/\",\"name\":\"Fikse Zjarri\",\"description\":\"Fikse Zjarri per Biznese &amp; Industri\",\"publisher\":{\"@id\":\"https:\/\/fiksezjarri.al\/al\/#organization\"},\"alternateName\":\"Fikse Zjarri\",\"potentialAction\":[{\"@type\":\"SearchAction\",\"target\":{\"@type\":\"EntryPoint\",\"urlTemplate\":\"https:\/\/fiksezjarri.al\/al\/?s={search_term_string}\"},\"query-input\":{\"@type\":\"PropertyValueSpecification\",\"valueRequired\":true,\"valueName\":\"search_term_string\"}}],\"inLanguage\":\"en-GB\"},{\"@type\":\"Organization\",\"@id\":\"https:\/\/fiksezjarri.al\/al\/#organization\",\"name\":\"Fikse Zjarri I-Fire Shpk\",\"alternateName\":\"Fikse Zjarri i-Fire Shpk\",\"url\":\"https:\/\/fiksezjarri.al\/al\/\",\"logo\":{\"@type\":\"ImageObject\",\"inLanguage\":\"en-GB\",\"@id\":\"https:\/\/fiksezjarri.al\/al\/#\/schema\/logo\/image\/\",\"url\":\"https:\/\/fiksezjarri.al\/wp-content\/uploads\/2025\/01\/Logo-Fikse-Zjarri.png\",\"contentUrl\":\"https:\/\/fiksezjarri.al\/wp-content\/uploads\/2025\/01\/Logo-Fikse-Zjarri.png\",\"width\":226,\"height\":117,\"caption\":\"Fikse Zjarri I-Fire Shpk\"},\"image\":{\"@id\":\"https:\/\/fiksezjarri.al\/al\/#\/schema\/logo\/image\/\"},\"sameAs\":[\"https:\/\/www.facebook.com\/fikse.zjarri\",\"https:\/\/www.instagram.com\/fikse_zjarri\/\"]}]}<\/script>\n<!-- \/ Yoast SEO plugin. -->","yoast_head_json":{"title":"\u00c7ertifikata &#8226; i-Fire Shpk","description":"Fikse Zjarri per Biznese & Shtepi. Fikse Zjarri PUDER, Fikse Zjarri CO2, Fikse Zjarri SHKUME, Fikse Zjarri TAVANORE,etj... Trajnime Stafi Zjarrfikes","robots":{"index":"index","follow":"follow","max-snippet":"max-snippet:-1","max-image-preview":"max-image-preview:large","max-video-preview":"max-video-preview:-1"},"canonical":"https:\/\/fiksezjarri.al\/en\/certifikata\/","og_locale":"en_GB","og_type":"article","og_title":"\u00c7ertifikata &#8226; i-Fire Shpk","og_description":"Fikse Zjarri per Biznese & Shtepi. Fikse Zjarri PUDER, Fikse Zjarri CO2, Fikse Zjarri SHKUME, Fikse Zjarri TAVANORE,etj... Trajnime Stafi Zjarrfikes","og_url":"https:\/\/fiksezjarri.al\/en\/certifikata\/","og_site_name":"Fikse Zjarri I-Fire Shpk","article_publisher":"https:\/\/www.facebook.com\/fikse.zjarri","article_modified_time":"2025-01-11T17:30:23+00:00","og_image":[{"url":"https:\/\/fiksezjarri.al\/wp-content\/uploads\/2025\/01\/i-fire-shpk-certifikate-3.jpg","type":"","width":"","height":""}],"twitter_card":"summary_large_image","twitter_misc":{"Estimated reading time":"1 minute"},"schema":{"@context":"https:\/\/schema.org","@graph":[{"@type":"WebPage","@id":"https:\/\/fiksezjarri.al\/certifikata\/","url":"https:\/\/fiksezjarri.al\/certifikata\/","name":"\u00c7ertifikata &#8226; i-Fire Shpk","isPartOf":{"@id":"https:\/\/fiksezjarri.al\/al\/#website"},"primaryImageOfPage":{"@id":"https:\/\/fiksezjarri.al\/certifikata\/#primaryimage"},"image":{"@id":"https:\/\/fiksezjarri.al\/certifikata\/#primaryimage"},"thumbnailUrl":"https:\/\/fiksezjarri.al\/wp-content\/uploads\/2025\/01\/i-fire-shpk-certifikate-3.jpg","datePublished":"2023-07-17T14:28:47+00:00","dateModified":"2025-01-11T17:30:23+00:00","description":"Fikse Zjarri per Biznese & Shtepi. Fikse Zjarri PUDER, Fikse Zjarri CO2, Fikse Zjarri SHKUME, Fikse Zjarri TAVANORE,etj... Trajnime Stafi Zjarrfikes","breadcrumb":{"@id":"https:\/\/fiksezjarri.al\/certifikata\/#breadcrumb"},"inLanguage":"en-GB","potentialAction":[{"@type":"ReadAction","target":["https:\/\/fiksezjarri.al\/certifikata\/"]}]},{"@type":"ImageObject","inLanguage":"en-GB","@id":"https:\/\/fiksezjarri.al\/certifikata\/#primaryimage","url":"https:\/\/fiksezjarri.al\/wp-content\/uploads\/2025\/01\/i-fire-shpk-certifikate-3.jpg","contentUrl":"https:\/\/fiksezjarri.al\/wp-content\/uploads\/2025\/01\/i-fire-shpk-certifikate-3.jpg"},{"@type":"BreadcrumbList","@id":"https:\/\/fiksezjarri.al\/certifikata\/#breadcrumb","itemListElement":[{"@type":"ListItem","position":1,"name":"Home","item":"https:\/\/fiksezjarri.al\/al\/"},{"@type":"ListItem","position":2,"name":"\u00c7ertifikata"}]},{"@type":"WebSite","@id":"https:\/\/fiksezjarri.al\/al\/#website","url":"https:\/\/fiksezjarri.al\/al\/","name":"Fire Extinguisher","description":"Fikse Zjarri per Biznese &amp; Industri","publisher":{"@id":"https:\/\/fiksezjarri.al\/al\/#organization"},"alternateName":"Fikse Zjarri","potentialAction":[{"@type":"SearchAction","target":{"@type":"EntryPoint","urlTemplate":"https:\/\/fiksezjarri.al\/al\/?s={search_term_string}"},"query-input":{"@type":"PropertyValueSpecification","valueRequired":true,"valueName":"search_term_string"}}],"inLanguage":"en-GB"},{"@type":"Organization","@id":"https:\/\/fiksezjarri.al\/al\/#organization","name":"Fikse Zjarri I-Fire Shpk","alternateName":"Fikse Zjarri i-Fire Shpk","url":"https:\/\/fiksezjarri.al\/al\/","logo":{"@type":"ImageObject","inLanguage":"en-GB","@id":"https:\/\/fiksezjarri.al\/al\/#\/schema\/logo\/image\/","url":"https:\/\/fiksezjarri.al\/wp-content\/uploads\/2025\/01\/Logo-Fikse-Zjarri.png","contentUrl":"https:\/\/fiksezjarri.al\/wp-content\/uploads\/2025\/01\/Logo-Fikse-Zjarri.png","width":226,"height":117,"caption":"Fikse Zjarri I-Fire Shpk"},"image":{"@id":"https:\/\/fiksezjarri.al\/al\/#\/schema\/logo\/image\/"},"sameAs":["https:\/\/www.facebook.com\/fikse.zjarri","https:\/\/www.instagram.com\/fikse_zjarri\/"]}]}},"_links":{"self":[{"href":"https:\/\/fiksezjarri.al\/en\/wp-json\/wp\/v2\/pages\/58","targetHints":{"allow":["GET"]}}],"collection":[{"href":"https:\/\/fiksezjarri.al\/en\/wp-json\/wp\/v2\/pages"}],"about":[{"href":"https:\/\/fiksezjarri.al\/en\/wp-json\/wp\/v2\/types\/page"}],"author":[{"embeddable":true,"href":"https:\/\/fiksezjarri.al\/en\/wp-json\/wp\/v2\/users\/1"}],"replies":[{"embeddable":true,"href":"https:\/\/fiksezjarri.al\/en\/wp-json\/wp\/v2\/comments?post=58"}],"version-history":[{"count":23,"href":"https:\/\/fiksezjarri.al\/en\/wp-json\/wp\/v2\/pages\/58\/revisions"}],"predecessor-version":[{"id":3147,"href":"https:\/\/fiksezjarri.al\/en\/wp-json\/wp\/v2\/pages\/58\/revisions\/3147"}],"wp:attachment":[{"href":"https:\/\/fiksezjarri.al\/en\/wp-json\/wp\/v2\/media?parent=58"}],"wp:term":[{"taxonomy":"category","embeddable":true,"href":"https:\/\/fiksezjarri.al\/en\/wp-json\/wp\/v2\/categories?post=58"},{"taxonomy":"post_tag","embeddable":true,"href":"https:\/\/fiksezjarri.al\/en\/wp-json\/wp\/v2\/tags?post=58"}],"curies":[{"name":"wp","href":"https:\/\/api.w.org\/{rel}","templated":true}]}}