{"id":2728,"date":"2025-01-10T19:42:29","date_gmt":"2025-01-10T19:42:29","guid":{"rendered":"https:\/\/fiksezjarri.al\/?page_id=2728"},"modified":"2025-01-11T17:09:29","modified_gmt":"2025-01-11T17:09:29","slug":"produkte-te-tjera","status":"publish","type":"page","link":"https:\/\/fiksezjarri.al\/en\/produkte-te-tjera\/","title":{"rendered":"Other Products"},"content":{"rendered":"<div data-elementor-type=\"wp-page\" data-elementor-id=\"2728\" class=\"elementor elementor-2728\" data-elementor-post-type=\"page\">\n\t\t\t\t\t\t<section class=\"elementor-section elementor-top-section elementor-element elementor-element-75c9491b elementor-section-boxed elementor-section-height-default elementor-section-height-default\" data-id=\"75c9491b\" data-element_type=\"section\" data-settings=\"{&quot;background_background&quot;:&quot;classic&quot;}\">\n\t\t\t\t\t\t<div class=\"elementor-container elementor-column-gap-no\">\n\t\t\t\t\t<div class=\"elementor-column elementor-col-100 elementor-top-column elementor-element elementor-element-5e45b84a\" data-id=\"5e45b84a\" data-element_type=\"column\">\n\t\t\t<div class=\"elementor-widget-wrap elementor-element-populated\">\n\t\t\t\t\t\t<div class=\"elementor-element elementor-element-37d009cc elementor-widget__width-initial elementor-widget elementor-widget-services_noxiy\" data-id=\"37d009cc\" data-element_type=\"widget\" data-widget_type=\"services_noxiy.default\">\n\t\t\t\t<div class=\"elementor-widget-container\">\n\t\t\t\t\t\r\n        \r\n                    <div class=\"services__one-item m-0\">\r\n                <div class=\"services__one-item-image\">\r\n                    <img decoding=\"async\" src=\"https:\/\/fiksezjarri.al\/wp-content\/uploads\/2025\/01\/Kuti-e-ndihmes-se-shpejte.jpg\" alt=\"No alt text\" \/>                <\/div>\r\n                <div class=\"services__one-item-content\">\r\n                    <div class=\"services__one-item-content-icon\">\r\n                        <i class=\"fas fa-fire-extinguisher\"><\/i>\r\n                    <\/div>\r\n                    <h4><a href=\"https:\/\/wa.me\/+355696165555\">First aid box<\/a>\r\n                    <\/h4>\r\n                    <p>\r\n                                            <\/p>\r\n                    <a href=\"https:\/\/wa.me\/+355696165555\">\r\n                        <p>\r\n                            Order on WhatsApp                        <\/p><i class=\"fas fa-long-arrow-right\"><\/i>\r\n                    <\/a>\r\n                <\/div>\r\n            <\/div>\r\n        \r\n\r\n        \r\n        \r\n        \t\t\t\t<\/div>\n\t\t\t\t<\/div>\n\t\t\t\t<div class=\"elementor-element elementor-element-372fa27f elementor-widget__width-initial elementor-widget elementor-widget-services_noxiy\" data-id=\"372fa27f\" data-element_type=\"widget\" data-widget_type=\"services_noxiy.default\">\n\t\t\t\t<div class=\"elementor-widget-container\">\n\t\t\t\t\t\r\n        \r\n                    <div class=\"services__one-item m-0\">\r\n                <div class=\"services__one-item-image\">\r\n                    <img decoding=\"async\" src=\"https:\/\/fiksezjarri.al\/wp-content\/uploads\/2025\/01\/Kuti-postare-metalike.jpg\" alt=\"No alt text\" \/>                <\/div>\r\n                <div class=\"services__one-item-content\">\r\n                    <div class=\"services__one-item-content-icon\">\r\n                        <i class=\"fas fa-fire-extinguisher\"><\/i>\r\n                    <\/div>\r\n                    <h4><a href=\"https:\/\/wa.me\/+355696165555\">Metal mailbox<\/a>\r\n                    <\/h4>\r\n                    <p>\r\n                                            <\/p>\r\n                    <a href=\"https:\/\/wa.me\/+355696165555\">\r\n                        <p>\r\n                            Order on WhatsApp                        <\/p><i class=\"fas fa-long-arrow-right\"><\/i>\r\n                    <\/a>\r\n                <\/div>\r\n            <\/div>\r\n        \r\n\r\n        \r\n        \r\n        \t\t\t\t<\/div>\n\t\t\t\t<\/div>\n\t\t\t\t<div class=\"elementor-element elementor-element-110685c elementor-widget__width-initial elementor-widget elementor-widget-services_noxiy\" data-id=\"110685c\" data-element_type=\"widget\" data-widget_type=\"services_noxiy.default\">\n\t\t\t\t<div class=\"elementor-widget-container\">\n\t\t\t\t\t\r\n        \r\n                    <div class=\"services__one-item m-0\">\r\n                <div class=\"services__one-item-image\">\r\n                    <img decoding=\"async\" src=\"https:\/\/fiksezjarri.al\/wp-content\/uploads\/2025\/01\/Kuti-metalike-te-ndryshme.jpg\" alt=\"No alt text\" \/>                <\/div>\r\n                <div class=\"services__one-item-content\">\r\n                    <div class=\"services__one-item-content-icon\">\r\n                        <i class=\"fas fa-fire-extinguisher\"><\/i>\r\n                    <\/div>\r\n                    <h4><a href=\"https:\/\/wa.me\/+355696165555\">Various metal boxes<\/a>\r\n                    <\/h4>\r\n                    <p>\r\n                                            <\/p>\r\n                    <a href=\"https:\/\/wa.me\/+355696165555\">\r\n                        <p>\r\n                            Order on WhatsApp                        <\/p><i class=\"fas fa-long-arrow-right\"><\/i>\r\n                    <\/a>\r\n                <\/div>\r\n            <\/div>\r\n        \r\n\r\n        \r\n        \r\n        \t\t\t\t<\/div>\n\t\t\t\t<\/div>\n\t\t\t\t\t<\/div>\n\t\t<\/div>\n\t\t\t\t\t<\/div>\n\t\t<\/section>\n\t\t\t\t<\/div>","protected":false},"excerpt":{"rendered":"<p>Kuti e ndihm\u00ebs s\u00eb shpejt\u00eb Porosit ne WhatsApp Kuti postare metalike Porosit ne WhatsApp Kuti metalike t\u00eb ndryshme Porosit ne WhatsApp<\/p>","protected":false},"author":1,"featured_media":0,"parent":0,"menu_order":0,"comment_status":"closed","ping_status":"closed","template":"","meta":{"footnotes":""},"categories":[],"tags":[324,322,323],"class_list":["post-2728","page","type-page","status-publish","hentry","tag-kuti-e-ndihmes-se-shpejte","tag-kuti-metalike-te-ndryshme","tag-kuti-postare-metalike"],"yoast_head":"<!-- This site is optimized with the Yoast SEO plugin v26.6 - https:\/\/yoast.com\/wordpress\/plugins\/seo\/ -->\n<title>Produkte te Tjera &#8226; i-Fire Shpk<\/title>\n<meta name=\"description\" content=\"Fikse Zjarri per Biznese &amp; Shtepi. Fikse Zjarri PUDER, Fikse Zjarri CO2, Fikse Zjarri SHKUME, Fikse Zjarri TAVANORE,etj... Trajnime Stafi Zjarrfikes\" \/>\n<meta name=\"robots\" content=\"index, follow, max-snippet:-1, max-image-preview:large, max-video-preview:-1\" \/>\n<link rel=\"canonical\" href=\"https:\/\/fiksezjarri.al\/en\/produkte-te-tjera\/\" \/>\n<meta property=\"og:locale\" content=\"en_GB\" \/>\n<meta property=\"og:type\" content=\"article\" \/>\n<meta property=\"og:title\" content=\"Produkte te Tjera &#8226; i-Fire Shpk\" \/>\n<meta property=\"og:description\" content=\"Fikse Zjarri per Biznese &amp; Shtepi. Fikse Zjarri PUDER, Fikse Zjarri CO2, Fikse Zjarri SHKUME, Fikse Zjarri TAVANORE,etj... Trajnime Stafi Zjarrfikes\" \/>\n<meta property=\"og:url\" content=\"https:\/\/fiksezjarri.al\/en\/produkte-te-tjera\/\" \/>\n<meta property=\"og:site_name\" content=\"Fikse Zjarri I-Fire Shpk\" \/>\n<meta property=\"article:publisher\" content=\"https:\/\/www.facebook.com\/fikse.zjarri\" \/>\n<meta property=\"article:modified_time\" content=\"2025-01-11T17:09:29+00:00\" \/>\n<meta property=\"og:image\" content=\"https:\/\/fiksezjarri.al\/wp-content\/uploads\/2025\/01\/Kuti-e-ndihmes-se-shpejte.jpg\" \/>\n<meta name=\"twitter:card\" content=\"summary_large_image\" \/>\n<script type=\"application\/ld+json\" class=\"yoast-schema-graph\">{\"@context\":\"https:\/\/schema.org\",\"@graph\":[{\"@type\":\"WebPage\",\"@id\":\"https:\/\/fiksezjarri.al\/produkte-te-tjera\/\",\"url\":\"https:\/\/fiksezjarri.al\/produkte-te-tjera\/\",\"name\":\"Produkte te Tjera &#8226; i-Fire Shpk\",\"isPartOf\":{\"@id\":\"https:\/\/fiksezjarri.al\/al\/#website\"},\"primaryImageOfPage\":{\"@id\":\"https:\/\/fiksezjarri.al\/produkte-te-tjera\/#primaryimage\"},\"image\":{\"@id\":\"https:\/\/fiksezjarri.al\/produkte-te-tjera\/#primaryimage\"},\"thumbnailUrl\":\"https:\/\/fiksezjarri.al\/wp-content\/uploads\/2025\/01\/Kuti-e-ndihmes-se-shpejte.jpg\",\"datePublished\":\"2025-01-10T19:42:29+00:00\",\"dateModified\":\"2025-01-11T17:09:29+00:00\",\"description\":\"Fikse Zjarri per Biznese & Shtepi. Fikse Zjarri PUDER, Fikse Zjarri CO2, Fikse Zjarri SHKUME, Fikse Zjarri TAVANORE,etj... Trajnime Stafi Zjarrfikes\",\"breadcrumb\":{\"@id\":\"https:\/\/fiksezjarri.al\/produkte-te-tjera\/#breadcrumb\"},\"inLanguage\":\"en-GB\",\"potentialAction\":[{\"@type\":\"ReadAction\",\"target\":[\"https:\/\/fiksezjarri.al\/produkte-te-tjera\/\"]}]},{\"@type\":\"ImageObject\",\"inLanguage\":\"en-GB\",\"@id\":\"https:\/\/fiksezjarri.al\/produkte-te-tjera\/#primaryimage\",\"url\":\"https:\/\/fiksezjarri.al\/wp-content\/uploads\/2025\/01\/Kuti-e-ndihmes-se-shpejte.jpg\",\"contentUrl\":\"https:\/\/fiksezjarri.al\/wp-content\/uploads\/2025\/01\/Kuti-e-ndihmes-se-shpejte.jpg\"},{\"@type\":\"BreadcrumbList\",\"@id\":\"https:\/\/fiksezjarri.al\/produkte-te-tjera\/#breadcrumb\",\"itemListElement\":[{\"@type\":\"ListItem\",\"position\":1,\"name\":\"Home\",\"item\":\"https:\/\/fiksezjarri.al\/al\/\"},{\"@type\":\"ListItem\",\"position\":2,\"name\":\"Produkte te Tjera\"}]},{\"@type\":\"WebSite\",\"@id\":\"https:\/\/fiksezjarri.al\/al\/#website\",\"url\":\"https:\/\/fiksezjarri.al\/al\/\",\"name\":\"Fikse Zjarri\",\"description\":\"Fikse Zjarri per Biznese &amp; Industri\",\"publisher\":{\"@id\":\"https:\/\/fiksezjarri.al\/al\/#organization\"},\"alternateName\":\"Fikse Zjarri\",\"potentialAction\":[{\"@type\":\"SearchAction\",\"target\":{\"@type\":\"EntryPoint\",\"urlTemplate\":\"https:\/\/fiksezjarri.al\/al\/?s={search_term_string}\"},\"query-input\":{\"@type\":\"PropertyValueSpecification\",\"valueRequired\":true,\"valueName\":\"search_term_string\"}}],\"inLanguage\":\"en-GB\"},{\"@type\":\"Organization\",\"@id\":\"https:\/\/fiksezjarri.al\/al\/#organization\",\"name\":\"Fikse Zjarri I-Fire Shpk\",\"alternateName\":\"Fikse Zjarri i-Fire Shpk\",\"url\":\"https:\/\/fiksezjarri.al\/al\/\",\"logo\":{\"@type\":\"ImageObject\",\"inLanguage\":\"en-GB\",\"@id\":\"https:\/\/fiksezjarri.al\/al\/#\/schema\/logo\/image\/\",\"url\":\"https:\/\/fiksezjarri.al\/wp-content\/uploads\/2025\/01\/Logo-Fikse-Zjarri.png\",\"contentUrl\":\"https:\/\/fiksezjarri.al\/wp-content\/uploads\/2025\/01\/Logo-Fikse-Zjarri.png\",\"width\":226,\"height\":117,\"caption\":\"Fikse Zjarri I-Fire Shpk\"},\"image\":{\"@id\":\"https:\/\/fiksezjarri.al\/al\/#\/schema\/logo\/image\/\"},\"sameAs\":[\"https:\/\/www.facebook.com\/fikse.zjarri\",\"https:\/\/www.instagram.com\/fikse_zjarri\/\"]}]}<\/script>\n<!-- \/ Yoast SEO plugin. -->","yoast_head_json":{"title":"Produkte te Tjera &#8226; i-Fire Shpk","description":"Fikse Zjarri per Biznese & Shtepi. Fikse Zjarri PUDER, Fikse Zjarri CO2, Fikse Zjarri SHKUME, Fikse Zjarri TAVANORE,etj... Trajnime Stafi Zjarrfikes","robots":{"index":"index","follow":"follow","max-snippet":"max-snippet:-1","max-image-preview":"max-image-preview:large","max-video-preview":"max-video-preview:-1"},"canonical":"https:\/\/fiksezjarri.al\/en\/produkte-te-tjera\/","og_locale":"en_GB","og_type":"article","og_title":"Produkte te Tjera &#8226; i-Fire Shpk","og_description":"Fikse Zjarri per Biznese & Shtepi. Fikse Zjarri PUDER, Fikse Zjarri CO2, Fikse Zjarri SHKUME, Fikse Zjarri TAVANORE,etj... Trajnime Stafi Zjarrfikes","og_url":"https:\/\/fiksezjarri.al\/en\/produkte-te-tjera\/","og_site_name":"Fikse Zjarri I-Fire Shpk","article_publisher":"https:\/\/www.facebook.com\/fikse.zjarri","article_modified_time":"2025-01-11T17:09:29+00:00","og_image":[{"url":"https:\/\/fiksezjarri.al\/wp-content\/uploads\/2025\/01\/Kuti-e-ndihmes-se-shpejte.jpg","type":"","width":"","height":""}],"twitter_card":"summary_large_image","schema":{"@context":"https:\/\/schema.org","@graph":[{"@type":"WebPage","@id":"https:\/\/fiksezjarri.al\/produkte-te-tjera\/","url":"https:\/\/fiksezjarri.al\/produkte-te-tjera\/","name":"Produkte te Tjera &#8226; i-Fire Shpk","isPartOf":{"@id":"https:\/\/fiksezjarri.al\/al\/#website"},"primaryImageOfPage":{"@id":"https:\/\/fiksezjarri.al\/produkte-te-tjera\/#primaryimage"},"image":{"@id":"https:\/\/fiksezjarri.al\/produkte-te-tjera\/#primaryimage"},"thumbnailUrl":"https:\/\/fiksezjarri.al\/wp-content\/uploads\/2025\/01\/Kuti-e-ndihmes-se-shpejte.jpg","datePublished":"2025-01-10T19:42:29+00:00","dateModified":"2025-01-11T17:09:29+00:00","description":"Fikse Zjarri per Biznese & Shtepi. Fikse Zjarri PUDER, Fikse Zjarri CO2, Fikse Zjarri SHKUME, Fikse Zjarri TAVANORE,etj... Trajnime Stafi Zjarrfikes","breadcrumb":{"@id":"https:\/\/fiksezjarri.al\/produkte-te-tjera\/#breadcrumb"},"inLanguage":"en-GB","potentialAction":[{"@type":"ReadAction","target":["https:\/\/fiksezjarri.al\/produkte-te-tjera\/"]}]},{"@type":"ImageObject","inLanguage":"en-GB","@id":"https:\/\/fiksezjarri.al\/produkte-te-tjera\/#primaryimage","url":"https:\/\/fiksezjarri.al\/wp-content\/uploads\/2025\/01\/Kuti-e-ndihmes-se-shpejte.jpg","contentUrl":"https:\/\/fiksezjarri.al\/wp-content\/uploads\/2025\/01\/Kuti-e-ndihmes-se-shpejte.jpg"},{"@type":"BreadcrumbList","@id":"https:\/\/fiksezjarri.al\/produkte-te-tjera\/#breadcrumb","itemListElement":[{"@type":"ListItem","position":1,"name":"Home","item":"https:\/\/fiksezjarri.al\/al\/"},{"@type":"ListItem","position":2,"name":"Produkte te Tjera"}]},{"@type":"WebSite","@id":"https:\/\/fiksezjarri.al\/al\/#website","url":"https:\/\/fiksezjarri.al\/al\/","name":"Fire Extinguisher","description":"Fikse Zjarri per Biznese &amp; Industri","publisher":{"@id":"https:\/\/fiksezjarri.al\/al\/#organization"},"alternateName":"Fikse Zjarri","potentialAction":[{"@type":"SearchAction","target":{"@type":"EntryPoint","urlTemplate":"https:\/\/fiksezjarri.al\/al\/?s={search_term_string}"},"query-input":{"@type":"PropertyValueSpecification","valueRequired":true,"valueName":"search_term_string"}}],"inLanguage":"en-GB"},{"@type":"Organization","@id":"https:\/\/fiksezjarri.al\/al\/#organization","name":"Fikse Zjarri I-Fire Shpk","alternateName":"Fikse Zjarri i-Fire Shpk","url":"https:\/\/fiksezjarri.al\/al\/","logo":{"@type":"ImageObject","inLanguage":"en-GB","@id":"https:\/\/fiksezjarri.al\/al\/#\/schema\/logo\/image\/","url":"https:\/\/fiksezjarri.al\/wp-content\/uploads\/2025\/01\/Logo-Fikse-Zjarri.png","contentUrl":"https:\/\/fiksezjarri.al\/wp-content\/uploads\/2025\/01\/Logo-Fikse-Zjarri.png","width":226,"height":117,"caption":"Fikse Zjarri I-Fire Shpk"},"image":{"@id":"https:\/\/fiksezjarri.al\/al\/#\/schema\/logo\/image\/"},"sameAs":["https:\/\/www.facebook.com\/fikse.zjarri","https:\/\/www.instagram.com\/fikse_zjarri\/"]}]}},"_links":{"self":[{"href":"https:\/\/fiksezjarri.al\/en\/wp-json\/wp\/v2\/pages\/2728","targetHints":{"allow":["GET"]}}],"collection":[{"href":"https:\/\/fiksezjarri.al\/en\/wp-json\/wp\/v2\/pages"}],"about":[{"href":"https:\/\/fiksezjarri.al\/en\/wp-json\/wp\/v2\/types\/page"}],"author":[{"embeddable":true,"href":"https:\/\/fiksezjarri.al\/en\/wp-json\/wp\/v2\/users\/1"}],"replies":[{"embeddable":true,"href":"https:\/\/fiksezjarri.al\/en\/wp-json\/wp\/v2\/comments?post=2728"}],"version-history":[{"count":4,"href":"https:\/\/fiksezjarri.al\/en\/wp-json\/wp\/v2\/pages\/2728\/revisions"}],"predecessor-version":[{"id":3056,"href":"https:\/\/fiksezjarri.al\/en\/wp-json\/wp\/v2\/pages\/2728\/revisions\/3056"}],"wp:attachment":[{"href":"https:\/\/fiksezjarri.al\/en\/wp-json\/wp\/v2\/media?parent=2728"}],"wp:term":[{"taxonomy":"category","embeddable":true,"href":"https:\/\/fiksezjarri.al\/en\/wp-json\/wp\/v2\/categories?post=2728"},{"taxonomy":"post_tag","embeddable":true,"href":"https:\/\/fiksezjarri.al\/en\/wp-json\/wp\/v2\/tags?post=2728"}],"curies":[{"name":"wp","href":"https:\/\/api.w.org\/{rel}","templated":true}]}}