{"id":2722,"date":"2025-01-10T19:37:35","date_gmt":"2025-01-10T19:37:35","guid":{"rendered":"https:\/\/fiksezjarri.al\/?page_id=2722"},"modified":"2025-01-11T17:08:22","modified_gmt":"2025-01-11T17:08:22","slug":"hidrante-zjarrfikese","status":"publish","type":"page","link":"https:\/\/fiksezjarri.al\/en\/hidrante-zjarrfikese\/","title":{"rendered":"Hydrants"},"content":{"rendered":"<div data-elementor-type=\"wp-page\" data-elementor-id=\"2722\" class=\"elementor elementor-2722\" data-elementor-post-type=\"page\">\n\t\t\t\t\t\t<section class=\"elementor-section elementor-top-section elementor-element elementor-element-1a039950 elementor-section-boxed elementor-section-height-default elementor-section-height-default\" data-id=\"1a039950\" data-element_type=\"section\" data-settings=\"{&quot;background_background&quot;:&quot;classic&quot;}\">\n\t\t\t\t\t\t<div class=\"elementor-container elementor-column-gap-no\">\n\t\t\t\t\t<div class=\"elementor-column elementor-col-100 elementor-top-column elementor-element elementor-element-7ec1f5ad\" data-id=\"7ec1f5ad\" data-element_type=\"column\">\n\t\t\t<div class=\"elementor-widget-wrap elementor-element-populated\">\n\t\t\t\t\t\t<div class=\"elementor-element elementor-element-44f539f4 elementor-widget__width-initial elementor-widget elementor-widget-services_noxiy\" data-id=\"44f539f4\" data-element_type=\"widget\" data-widget_type=\"services_noxiy.default\">\n\t\t\t\t<div class=\"elementor-widget-container\">\n\t\t\t\t\t\r\n        \r\n                    <div class=\"services__one-item m-0\">\r\n                <div class=\"services__one-item-image\">\r\n                    <img decoding=\"async\" src=\"https:\/\/fiksezjarri.al\/wp-content\/uploads\/2025\/01\/Hidrant-per-ne-mur.jpg\" alt=\"No alt text\" \/>                <\/div>\r\n                <div class=\"services__one-item-content\">\r\n                    <div class=\"services__one-item-content-icon\">\r\n                        <i class=\"fas fa-fire-extinguisher\"><\/i>\r\n                    <\/div>\r\n                    <h4><a href=\"https:\/\/wa.me\/+355696165555\">Wall-mounted hydrant<\/a>\r\n                    <\/h4>\r\n                    <p>\r\n                                            <\/p>\r\n                    <a href=\"https:\/\/wa.me\/+355696165555\">\r\n                        <p>\r\n                            Order on WhatsApp                        <\/p><i class=\"fas fa-long-arrow-right\"><\/i>\r\n                    <\/a>\r\n                <\/div>\r\n            <\/div>\r\n        \r\n\r\n        \r\n        \r\n        \t\t\t\t<\/div>\n\t\t\t\t<\/div>\n\t\t\t\t<div class=\"elementor-element elementor-element-f68ae2e elementor-widget__width-initial elementor-widget elementor-widget-services_noxiy\" data-id=\"f68ae2e\" data-element_type=\"widget\" data-widget_type=\"services_noxiy.default\">\n\t\t\t\t<div class=\"elementor-widget-container\">\n\t\t\t\t\t\r\n        \r\n                    <div class=\"services__one-item m-0\">\r\n                <div class=\"services__one-item-image\">\r\n                    <img decoding=\"async\" src=\"https:\/\/fiksezjarri.al\/wp-content\/uploads\/2025\/01\/Hidrant-i-kombinuar.jpg\" alt=\"No alt text\" \/>                <\/div>\r\n                <div class=\"services__one-item-content\">\r\n                    <div class=\"services__one-item-content-icon\">\r\n                        <i class=\"fas fa-fire-extinguisher\"><\/i>\r\n                    <\/div>\r\n                    <h4><a href=\"https:\/\/wa.me\/+355696165555\">Combined hydrant<\/a>\r\n                    <\/h4>\r\n                    <p>\r\n                                            <\/p>\r\n                    <a href=\"https:\/\/wa.me\/+355696165555\">\r\n                        <p>\r\n                            Order on WhatsApp                        <\/p><i class=\"fas fa-long-arrow-right\"><\/i>\r\n                    <\/a>\r\n                <\/div>\r\n            <\/div>\r\n        \r\n\r\n        \r\n        \r\n        \t\t\t\t<\/div>\n\t\t\t\t<\/div>\n\t\t\t\t<div class=\"elementor-element elementor-element-3529f2eb elementor-widget__width-initial elementor-widget elementor-widget-services_noxiy\" data-id=\"3529f2eb\" data-element_type=\"widget\" data-widget_type=\"services_noxiy.default\">\n\t\t\t\t<div class=\"elementor-widget-container\">\n\t\t\t\t\t\r\n        \r\n                    <div class=\"services__one-item m-0\">\r\n                <div class=\"services__one-item-image\">\r\n                    <img decoding=\"async\" src=\"https:\/\/fiksezjarri.al\/wp-content\/uploads\/2025\/01\/Hidrant-tek-me-kembe-metalike.jpg\" alt=\"No alt text\" \/>                <\/div>\r\n                <div class=\"services__one-item-content\">\r\n                    <div class=\"services__one-item-content-icon\">\r\n                        <i class=\"fas fa-fire-extinguisher\"><\/i>\r\n                    <\/div>\r\n                    <h4><a href=\"https:\/\/wa.me\/+355696165555\">Single hydrant with metal legs<\/a>\r\n                    <\/h4>\r\n                    <p>\r\n                                            <\/p>\r\n                    <a href=\"https:\/\/wa.me\/+355696165555\">\r\n                        <p>\r\n                            Order on WhatsApp                        <\/p><i class=\"fas fa-long-arrow-right\"><\/i>\r\n                    <\/a>\r\n                <\/div>\r\n            <\/div>\r\n        \r\n\r\n        \r\n        \r\n        \t\t\t\t<\/div>\n\t\t\t\t<\/div>\n\t\t\t\t<div class=\"elementor-element elementor-element-557dd3b6 elementor-widget__width-initial elementor-widget elementor-widget-services_noxiy\" data-id=\"557dd3b6\" data-element_type=\"widget\" data-widget_type=\"services_noxiy.default\">\n\t\t\t\t<div class=\"elementor-widget-container\">\n\t\t\t\t\t\r\n        \r\n                    <div class=\"services__one-item m-0\">\r\n                <div class=\"services__one-item-image\">\r\n                    <img decoding=\"async\" src=\"https:\/\/fiksezjarri.al\/wp-content\/uploads\/2025\/01\/Hidrant-dopjo-me-kembe-metalike.jpg\" alt=\"Hidrant dopio me k\u00ebmb\u00eb metalike\" \/>                <\/div>\r\n                <div class=\"services__one-item-content\">\r\n                    <div class=\"services__one-item-content-icon\">\r\n                        <i class=\"fas fa-fire-extinguisher\"><\/i>\r\n                    <\/div>\r\n                    <h4><a href=\"https:\/\/wa.me\/+355696165555\">Double hydrant with metal legs<\/a>\r\n                    <\/h4>\r\n                    <p>\r\n                                            <\/p>\r\n                    <a href=\"https:\/\/wa.me\/+355696165555\">\r\n                        <p>\r\n                            Order on WhatsApp                        <\/p><i class=\"fas fa-long-arrow-right\"><\/i>\r\n                    <\/a>\r\n                <\/div>\r\n            <\/div>\r\n        \r\n\r\n        \r\n        \r\n        \t\t\t\t<\/div>\n\t\t\t\t<\/div>\n\t\t\t\t<div class=\"elementor-element elementor-element-3da6ee8 elementor-widget__width-initial elementor-widget elementor-widget-services_noxiy\" data-id=\"3da6ee8\" data-element_type=\"widget\" data-widget_type=\"services_noxiy.default\">\n\t\t\t\t<div class=\"elementor-widget-container\">\n\t\t\t\t\t\r\n        \r\n                    <div class=\"services__one-item m-0\">\r\n                <div class=\"services__one-item-image\">\r\n                    <img decoding=\"async\" src=\"https:\/\/fiksezjarri.al\/wp-content\/uploads\/2025\/01\/Hidrant-per-fikse-zjarri-me-shkume.jpg\" alt=\"No alt text\" \/>                <\/div>\r\n                <div class=\"services__one-item-content\">\r\n                    <div class=\"services__one-item-content-icon\">\r\n                        <i class=\"fas fa-fire-extinguisher\"><\/i>\r\n                    <\/div>\r\n                    <h4><a href=\"https:\/\/wa.me\/+355696165555\">Fire extinguisher hydrant with foam<\/a>\r\n                    <\/h4>\r\n                    <p>\r\n                                            <\/p>\r\n                    <a href=\"https:\/\/wa.me\/+355696165555\">\r\n                        <p>\r\n                            Order on WhatsApp                        <\/p><i class=\"fas fa-long-arrow-right\"><\/i>\r\n                    <\/a>\r\n                <\/div>\r\n            <\/div>\r\n        \r\n\r\n        \r\n        \r\n        \t\t\t\t<\/div>\n\t\t\t\t<\/div>\n\t\t\t\t<div class=\"elementor-element elementor-element-73e030c elementor-widget__width-initial elementor-widget elementor-widget-services_noxiy\" data-id=\"73e030c\" data-element_type=\"widget\" data-widget_type=\"services_noxiy.default\">\n\t\t\t\t<div class=\"elementor-widget-container\">\n\t\t\t\t\t\r\n        \r\n                    <div class=\"services__one-item m-0\">\r\n                <div class=\"services__one-item-image\">\r\n                    <img decoding=\"async\" src=\"https:\/\/fiksezjarri.al\/wp-content\/uploads\/2025\/01\/Hidrant-me-mekanizem-rrotullues.jpg\" alt=\"No alt text\" \/>                <\/div>\r\n                <div class=\"services__one-item-content\">\r\n                    <div class=\"services__one-item-content-icon\">\r\n                        <i class=\"fas fa-fire-extinguisher\"><\/i>\r\n                    <\/div>\r\n                    <h4><a href=\"https:\/\/wa.me\/+355696165555\">Hydrant with a rotating mechanism<\/a>\r\n                    <\/h4>\r\n                    <p>\r\n                                            <\/p>\r\n                    <a href=\"https:\/\/wa.me\/+355696165555\">\r\n                        <p>\r\n                            Order on WhatsApp                        <\/p><i class=\"fas fa-long-arrow-right\"><\/i>\r\n                    <\/a>\r\n                <\/div>\r\n            <\/div>\r\n        \r\n\r\n        \r\n        \r\n        \t\t\t\t<\/div>\n\t\t\t\t<\/div>\n\t\t\t\t<div class=\"elementor-element elementor-element-7bb841b0 elementor-widget__width-initial elementor-widget elementor-widget-services_noxiy\" data-id=\"7bb841b0\" data-element_type=\"widget\" data-widget_type=\"services_noxiy.default\">\n\t\t\t\t<div class=\"elementor-widget-container\">\n\t\t\t\t\t\r\n        \r\n                    <div class=\"services__one-item m-0\">\r\n                <div class=\"services__one-item-image\">\r\n                    <img decoding=\"async\" src=\"https:\/\/fiksezjarri.al\/wp-content\/uploads\/2025\/01\/Kabinet-metalik-me-kapak-me-celes.jpg\" alt=\"Kabinet metalik me kapak me cel\u00ebs\" \/>                <\/div>\r\n                <div class=\"services__one-item-content\">\r\n                    <div class=\"services__one-item-content-icon\">\r\n                        <i class=\"fas fa-fire-extinguisher\"><\/i>\r\n                    <\/div>\r\n                    <h4><a href=\"https:\/\/wa.me\/+355696165555\">Metal cabinet with a key-lock cover<\/a>\r\n                    <\/h4>\r\n                    <p>\r\n                                            <\/p>\r\n                    <a href=\"https:\/\/wa.me\/+355696165555\">\r\n                        <p>\r\n                            Order on WhatsApp                        <\/p><i class=\"fas fa-long-arrow-right\"><\/i>\r\n                    <\/a>\r\n                <\/div>\r\n            <\/div>\r\n        \r\n\r\n        \r\n        \r\n        \t\t\t\t<\/div>\n\t\t\t\t<\/div>\n\t\t\t\t<div class=\"elementor-element elementor-element-2510e399 elementor-widget__width-initial elementor-widget elementor-widget-services_noxiy\" data-id=\"2510e399\" data-element_type=\"widget\" data-widget_type=\"services_noxiy.default\">\n\t\t\t\t<div class=\"elementor-widget-container\">\n\t\t\t\t\t\r\n        \r\n                    <div class=\"services__one-item m-0\">\r\n                <div class=\"services__one-item-image\">\r\n                    <img decoding=\"async\" src=\"https:\/\/fiksezjarri.al\/wp-content\/uploads\/2025\/01\/Kuti-magazinimi-metalike.jpg\" alt=\"No alt text\" \/>                <\/div>\r\n                <div class=\"services__one-item-content\">\r\n                    <div class=\"services__one-item-content-icon\">\r\n                        <i class=\"fas fa-fire-extinguisher\"><\/i>\r\n                    <\/div>\r\n                    <h4><a href=\"https:\/\/wa.me\/+355696165555\">Metal storage box<\/a>\r\n                    <\/h4>\r\n                    <p>\r\n                                            <\/p>\r\n                    <a href=\"https:\/\/wa.me\/+355696165555\">\r\n                        <p>\r\n                            Order on WhatsApp                        <\/p><i class=\"fas fa-long-arrow-right\"><\/i>\r\n                    <\/a>\r\n                <\/div>\r\n            <\/div>\r\n        \r\n\r\n        \r\n        \r\n        \t\t\t\t<\/div>\n\t\t\t\t<\/div>\n\t\t\t\t<div class=\"elementor-element elementor-element-4ed14061 elementor-widget__width-initial elementor-widget elementor-widget-services_noxiy\" data-id=\"4ed14061\" data-element_type=\"widget\" data-widget_type=\"services_noxiy.default\">\n\t\t\t\t<div class=\"elementor-widget-container\">\n\t\t\t\t\t\r\n        \r\n                    <div class=\"services__one-item m-0\">\r\n                <div class=\"services__one-item-image\">\r\n                    <img decoding=\"async\" src=\"https:\/\/fiksezjarri.al\/wp-content\/uploads\/2025\/01\/Vegla-per-hidrante.jpg\" alt=\"No alt text\" \/>                <\/div>\r\n                <div class=\"services__one-item-content\">\r\n                    <div class=\"services__one-item-content-icon\">\r\n                        <i class=\"fas fa-fire-extinguisher\"><\/i>\r\n                    <\/div>\r\n                    <h4><a href=\"https:\/\/wa.me\/+355696165555\">Tools for hydrants<\/a>\r\n                    <\/h4>\r\n                    <p>\r\n                                            <\/p>\r\n                    <a href=\"https:\/\/wa.me\/+355696165555\">\r\n                        <p>\r\n                            Order on WhatsApp                        <\/p><i class=\"fas fa-long-arrow-right\"><\/i>\r\n                    <\/a>\r\n                <\/div>\r\n            <\/div>\r\n        \r\n\r\n        \r\n        \r\n        \t\t\t\t<\/div>\n\t\t\t\t<\/div>\n\t\t\t\t\t<\/div>\n\t\t<\/div>\n\t\t\t\t\t<\/div>\n\t\t<\/section>\n\t\t\t\t<\/div>","protected":false},"excerpt":{"rendered":"<p>Hidrant p\u00ebr n\u00eb mur Porosit ne WhatsApp Hidrant i kombinuar Porosit ne WhatsApp Hidrant tek me k\u00ebmb\u00eb metalike Porosit ne WhatsApp Hidrant dopjo me k\u00ebmb\u00eb metalike Porosit ne WhatsApp Hidrant p\u00ebr fikse zjarri me shkum\u00eb Porosit ne WhatsApp Hidrant me mekaniz\u00ebm rrotullues Porosit ne WhatsApp Kabinet metalik me kapak me \u00e7el\u00ebs Porosit ne WhatsApp Kuti [&hellip;]<\/p>","protected":false},"author":1,"featured_media":0,"parent":0,"menu_order":0,"comment_status":"closed","ping_status":"closed","template":"","meta":{"footnotes":""},"categories":[],"tags":[239,252,267,270,235,254,262,240,251,274,241,247,230,248,258,259,243,250,268,265,245,253,255,237,256,260,233,272,232,244,264,234,246,238,273,275,263,242,257,266,249,269,271,261,231,236],"class_list":["post-2722","page","type-page","status-publish","hentry","tag-hidrante-fikse-industriale","tag-hidrante-fikse-per-ambiente-sportive","tag-hidrante-fikse-per-fabrika-te-medha","tag-hidrante-fikse-per-hapesira-te-mbyllura","tag-hidrante-fikse-per-ndertesa-te-larta","tag-hidrante-fikse-per-parkingje","tag-hidrante-fikse-per-qendra-shendetesore","tag-hidrante-fikse-per-qendra-tregtare","tag-hidrante-fikse-per-salla-konferencash","tag-hidrante-fikse-per-shtepi-te-mencura","tag-hidrante-fikse-per-spitale","tag-hidrante-fikse-per-zonat-publike","tag-hidrante-fikse-zjarri","tag-hidrante-per-ambiente-komerciale","tag-hidrante-per-fabrikat","tag-hidrante-per-mbrojtje-industriale","tag-hidrante-per-mbrojtje-nga-zjarri","tag-hidrante-per-mbrojtje-te-shtepive","tag-hidrante-per-mbrojtjen-e-objekteve-te-pasurive-te-patundshme","tag-hidrante-per-mbrojtjen-e-sherbimeve-publike","tag-hidrante-per-menaxhimin-e-zjarrit","tag-hidrante-per-ndertesa-komerciale","tag-hidrante-per-shkolla-dhe-fakultete","tag-hidrante-per-shpetimin-nga-zjarri","tag-hidrante-per-shtepi-private","tag-hidrante-per-zyra-dhe-qendra-administratash","tag-hidrante-zjarri-per-ndertesa","tag-instalimi-dhe-mirembajtja-e-hidranteve","tag-instalimi-i-hidranteve-fikse","tag-instalimi-i-hidranteve-te-sigurise","tag-pajisje-hidrante-per-sisteme-fikse-zjarri","tag-pajisje-hidrante-per-zjarre","tag-sherbime-hidrante-per-shtepi","tag-sherbime-hidrante-per-zjarre","tag-sherbime-per-kontrollin-e-hidranteve-te-zjarrit","tag-sistemi-hidrante-per-parandalimin-e-zjarrit","tag-sistemi-hidrante-per-shpetimin-nga-zjarri","tag-sistemi-i-alarmit-dhe-hidrante-zjarri","tag-sistemi-i-hidranteve-per-biznese","tag-sistemi-i-hidranteve-per-hoteleri","tag-sistemi-i-hidranteve-per-mbrojtje-zjarri","tag-sistemi-i-hidranteve-per-ndertesa-te-reja","tag-sistemi-i-hidranteve-per-zona-te-ndjeshme","tag-sistemi-i-hidranteve-te-sigurise","tag-sistemi-i-hidranteve-te-zjarrit","tag-sistemi-i-sigurimit-me-hidrante-zjarri"],"yoast_head":"<!-- This site is optimized with the Yoast SEO plugin v26.6 - https:\/\/yoast.com\/wordpress\/plugins\/seo\/ -->\n<title>Hidrante &#8226; i-Fire Shpk<\/title>\n<meta name=\"description\" content=\"Fikse Zjarri per Biznese &amp; Shtepi. Fikse Zjarri PUDER, Fikse Zjarri CO2, Fikse Zjarri SHKUME, Fikse Zjarri TAVANORE,etj... Trajnime Stafi Zjarrfikes\" \/>\n<meta name=\"robots\" content=\"index, follow, max-snippet:-1, max-image-preview:large, max-video-preview:-1\" \/>\n<link rel=\"canonical\" href=\"https:\/\/fiksezjarri.al\/en\/hidrante-zjarrfikese\/\" \/>\n<meta property=\"og:locale\" content=\"en_GB\" \/>\n<meta property=\"og:type\" content=\"article\" \/>\n<meta property=\"og:title\" content=\"Hidrante &#8226; i-Fire Shpk\" \/>\n<meta property=\"og:description\" content=\"Fikse Zjarri per Biznese &amp; Shtepi. Fikse Zjarri PUDER, Fikse Zjarri CO2, Fikse Zjarri SHKUME, Fikse Zjarri TAVANORE,etj... Trajnime Stafi Zjarrfikes\" \/>\n<meta property=\"og:url\" content=\"https:\/\/fiksezjarri.al\/en\/hidrante-zjarrfikese\/\" \/>\n<meta property=\"og:site_name\" content=\"Fikse Zjarri I-Fire Shpk\" \/>\n<meta property=\"article:publisher\" content=\"https:\/\/www.facebook.com\/fikse.zjarri\" \/>\n<meta property=\"article:modified_time\" content=\"2025-01-11T17:08:22+00:00\" \/>\n<meta property=\"og:image\" content=\"https:\/\/fiksezjarri.al\/wp-content\/uploads\/2025\/01\/Hidrant-per-ne-mur.jpg\" \/>\n<meta name=\"twitter:card\" content=\"summary_large_image\" \/>\n<script type=\"application\/ld+json\" class=\"yoast-schema-graph\">{\"@context\":\"https:\/\/schema.org\",\"@graph\":[{\"@type\":\"WebPage\",\"@id\":\"https:\/\/fiksezjarri.al\/hidrante-zjarrfikese\/\",\"url\":\"https:\/\/fiksezjarri.al\/hidrante-zjarrfikese\/\",\"name\":\"Hidrante &#8226; i-Fire Shpk\",\"isPartOf\":{\"@id\":\"https:\/\/fiksezjarri.al\/al\/#website\"},\"primaryImageOfPage\":{\"@id\":\"https:\/\/fiksezjarri.al\/hidrante-zjarrfikese\/#primaryimage\"},\"image\":{\"@id\":\"https:\/\/fiksezjarri.al\/hidrante-zjarrfikese\/#primaryimage\"},\"thumbnailUrl\":\"https:\/\/fiksezjarri.al\/wp-content\/uploads\/2025\/01\/Hidrant-per-ne-mur.jpg\",\"datePublished\":\"2025-01-10T19:37:35+00:00\",\"dateModified\":\"2025-01-11T17:08:22+00:00\",\"description\":\"Fikse Zjarri per Biznese & Shtepi. Fikse Zjarri PUDER, Fikse Zjarri CO2, Fikse Zjarri SHKUME, Fikse Zjarri TAVANORE,etj... Trajnime Stafi Zjarrfikes\",\"breadcrumb\":{\"@id\":\"https:\/\/fiksezjarri.al\/hidrante-zjarrfikese\/#breadcrumb\"},\"inLanguage\":\"en-GB\",\"potentialAction\":[{\"@type\":\"ReadAction\",\"target\":[\"https:\/\/fiksezjarri.al\/hidrante-zjarrfikese\/\"]}]},{\"@type\":\"ImageObject\",\"inLanguage\":\"en-GB\",\"@id\":\"https:\/\/fiksezjarri.al\/hidrante-zjarrfikese\/#primaryimage\",\"url\":\"https:\/\/fiksezjarri.al\/wp-content\/uploads\/2025\/01\/Hidrant-per-ne-mur.jpg\",\"contentUrl\":\"https:\/\/fiksezjarri.al\/wp-content\/uploads\/2025\/01\/Hidrant-per-ne-mur.jpg\"},{\"@type\":\"BreadcrumbList\",\"@id\":\"https:\/\/fiksezjarri.al\/hidrante-zjarrfikese\/#breadcrumb\",\"itemListElement\":[{\"@type\":\"ListItem\",\"position\":1,\"name\":\"Home\",\"item\":\"https:\/\/fiksezjarri.al\/al\/\"},{\"@type\":\"ListItem\",\"position\":2,\"name\":\"Hidrante\"}]},{\"@type\":\"WebSite\",\"@id\":\"https:\/\/fiksezjarri.al\/al\/#website\",\"url\":\"https:\/\/fiksezjarri.al\/al\/\",\"name\":\"Fikse Zjarri\",\"description\":\"Fikse Zjarri per Biznese &amp; Industri\",\"publisher\":{\"@id\":\"https:\/\/fiksezjarri.al\/al\/#organization\"},\"alternateName\":\"Fikse Zjarri\",\"potentialAction\":[{\"@type\":\"SearchAction\",\"target\":{\"@type\":\"EntryPoint\",\"urlTemplate\":\"https:\/\/fiksezjarri.al\/al\/?s={search_term_string}\"},\"query-input\":{\"@type\":\"PropertyValueSpecification\",\"valueRequired\":true,\"valueName\":\"search_term_string\"}}],\"inLanguage\":\"en-GB\"},{\"@type\":\"Organization\",\"@id\":\"https:\/\/fiksezjarri.al\/al\/#organization\",\"name\":\"Fikse Zjarri I-Fire Shpk\",\"alternateName\":\"Fikse Zjarri i-Fire Shpk\",\"url\":\"https:\/\/fiksezjarri.al\/al\/\",\"logo\":{\"@type\":\"ImageObject\",\"inLanguage\":\"en-GB\",\"@id\":\"https:\/\/fiksezjarri.al\/al\/#\/schema\/logo\/image\/\",\"url\":\"https:\/\/fiksezjarri.al\/wp-content\/uploads\/2025\/01\/Logo-Fikse-Zjarri.png\",\"contentUrl\":\"https:\/\/fiksezjarri.al\/wp-content\/uploads\/2025\/01\/Logo-Fikse-Zjarri.png\",\"width\":226,\"height\":117,\"caption\":\"Fikse Zjarri I-Fire Shpk\"},\"image\":{\"@id\":\"https:\/\/fiksezjarri.al\/al\/#\/schema\/logo\/image\/\"},\"sameAs\":[\"https:\/\/www.facebook.com\/fikse.zjarri\",\"https:\/\/www.instagram.com\/fikse_zjarri\/\"]}]}<\/script>\n<!-- \/ Yoast SEO plugin. -->","yoast_head_json":{"title":"Hidrante &#8226; i-Fire Shpk","description":"Fikse Zjarri per Biznese & Shtepi. Fikse Zjarri PUDER, Fikse Zjarri CO2, Fikse Zjarri SHKUME, Fikse Zjarri TAVANORE,etj... Trajnime Stafi Zjarrfikes","robots":{"index":"index","follow":"follow","max-snippet":"max-snippet:-1","max-image-preview":"max-image-preview:large","max-video-preview":"max-video-preview:-1"},"canonical":"https:\/\/fiksezjarri.al\/en\/hidrante-zjarrfikese\/","og_locale":"en_GB","og_type":"article","og_title":"Hidrante &#8226; i-Fire Shpk","og_description":"Fikse Zjarri per Biznese & Shtepi. Fikse Zjarri PUDER, Fikse Zjarri CO2, Fikse Zjarri SHKUME, Fikse Zjarri TAVANORE,etj... Trajnime Stafi Zjarrfikes","og_url":"https:\/\/fiksezjarri.al\/en\/hidrante-zjarrfikese\/","og_site_name":"Fikse Zjarri I-Fire Shpk","article_publisher":"https:\/\/www.facebook.com\/fikse.zjarri","article_modified_time":"2025-01-11T17:08:22+00:00","og_image":[{"url":"https:\/\/fiksezjarri.al\/wp-content\/uploads\/2025\/01\/Hidrant-per-ne-mur.jpg","type":"","width":"","height":""}],"twitter_card":"summary_large_image","schema":{"@context":"https:\/\/schema.org","@graph":[{"@type":"WebPage","@id":"https:\/\/fiksezjarri.al\/hidrante-zjarrfikese\/","url":"https:\/\/fiksezjarri.al\/hidrante-zjarrfikese\/","name":"Hidrante &#8226; i-Fire Shpk","isPartOf":{"@id":"https:\/\/fiksezjarri.al\/al\/#website"},"primaryImageOfPage":{"@id":"https:\/\/fiksezjarri.al\/hidrante-zjarrfikese\/#primaryimage"},"image":{"@id":"https:\/\/fiksezjarri.al\/hidrante-zjarrfikese\/#primaryimage"},"thumbnailUrl":"https:\/\/fiksezjarri.al\/wp-content\/uploads\/2025\/01\/Hidrant-per-ne-mur.jpg","datePublished":"2025-01-10T19:37:35+00:00","dateModified":"2025-01-11T17:08:22+00:00","description":"Fikse Zjarri per Biznese & Shtepi. Fikse Zjarri PUDER, Fikse Zjarri CO2, Fikse Zjarri SHKUME, Fikse Zjarri TAVANORE,etj... Trajnime Stafi Zjarrfikes","breadcrumb":{"@id":"https:\/\/fiksezjarri.al\/hidrante-zjarrfikese\/#breadcrumb"},"inLanguage":"en-GB","potentialAction":[{"@type":"ReadAction","target":["https:\/\/fiksezjarri.al\/hidrante-zjarrfikese\/"]}]},{"@type":"ImageObject","inLanguage":"en-GB","@id":"https:\/\/fiksezjarri.al\/hidrante-zjarrfikese\/#primaryimage","url":"https:\/\/fiksezjarri.al\/wp-content\/uploads\/2025\/01\/Hidrant-per-ne-mur.jpg","contentUrl":"https:\/\/fiksezjarri.al\/wp-content\/uploads\/2025\/01\/Hidrant-per-ne-mur.jpg"},{"@type":"BreadcrumbList","@id":"https:\/\/fiksezjarri.al\/hidrante-zjarrfikese\/#breadcrumb","itemListElement":[{"@type":"ListItem","position":1,"name":"Home","item":"https:\/\/fiksezjarri.al\/al\/"},{"@type":"ListItem","position":2,"name":"Hidrante"}]},{"@type":"WebSite","@id":"https:\/\/fiksezjarri.al\/al\/#website","url":"https:\/\/fiksezjarri.al\/al\/","name":"Fire Extinguisher","description":"Fikse Zjarri per Biznese &amp; Industri","publisher":{"@id":"https:\/\/fiksezjarri.al\/al\/#organization"},"alternateName":"Fikse Zjarri","potentialAction":[{"@type":"SearchAction","target":{"@type":"EntryPoint","urlTemplate":"https:\/\/fiksezjarri.al\/al\/?s={search_term_string}"},"query-input":{"@type":"PropertyValueSpecification","valueRequired":true,"valueName":"search_term_string"}}],"inLanguage":"en-GB"},{"@type":"Organization","@id":"https:\/\/fiksezjarri.al\/al\/#organization","name":"Fikse Zjarri I-Fire Shpk","alternateName":"Fikse Zjarri i-Fire Shpk","url":"https:\/\/fiksezjarri.al\/al\/","logo":{"@type":"ImageObject","inLanguage":"en-GB","@id":"https:\/\/fiksezjarri.al\/al\/#\/schema\/logo\/image\/","url":"https:\/\/fiksezjarri.al\/wp-content\/uploads\/2025\/01\/Logo-Fikse-Zjarri.png","contentUrl":"https:\/\/fiksezjarri.al\/wp-content\/uploads\/2025\/01\/Logo-Fikse-Zjarri.png","width":226,"height":117,"caption":"Fikse Zjarri I-Fire Shpk"},"image":{"@id":"https:\/\/fiksezjarri.al\/al\/#\/schema\/logo\/image\/"},"sameAs":["https:\/\/www.facebook.com\/fikse.zjarri","https:\/\/www.instagram.com\/fikse_zjarri\/"]}]}},"_links":{"self":[{"href":"https:\/\/fiksezjarri.al\/en\/wp-json\/wp\/v2\/pages\/2722","targetHints":{"allow":["GET"]}}],"collection":[{"href":"https:\/\/fiksezjarri.al\/en\/wp-json\/wp\/v2\/pages"}],"about":[{"href":"https:\/\/fiksezjarri.al\/en\/wp-json\/wp\/v2\/types\/page"}],"author":[{"embeddable":true,"href":"https:\/\/fiksezjarri.al\/en\/wp-json\/wp\/v2\/users\/1"}],"replies":[{"embeddable":true,"href":"https:\/\/fiksezjarri.al\/en\/wp-json\/wp\/v2\/comments?post=2722"}],"version-history":[{"count":8,"href":"https:\/\/fiksezjarri.al\/en\/wp-json\/wp\/v2\/pages\/2722\/revisions"}],"predecessor-version":[{"id":3037,"href":"https:\/\/fiksezjarri.al\/en\/wp-json\/wp\/v2\/pages\/2722\/revisions\/3037"}],"wp:attachment":[{"href":"https:\/\/fiksezjarri.al\/en\/wp-json\/wp\/v2\/media?parent=2722"}],"wp:term":[{"taxonomy":"category","embeddable":true,"href":"https:\/\/fiksezjarri.al\/en\/wp-json\/wp\/v2\/categories?post=2722"},{"taxonomy":"post_tag","embeddable":true,"href":"https:\/\/fiksezjarri.al\/en\/wp-json\/wp\/v2\/tags?post=2722"}],"curies":[{"name":"wp","href":"https:\/\/api.w.org\/{rel}","templated":true}]}}