{"id":2720,"date":"2025-01-10T19:32:31","date_gmt":"2025-01-10T19:32:31","guid":{"rendered":"https:\/\/fiksezjarri.al\/?page_id=2720"},"modified":"2025-01-11T17:11:14","modified_gmt":"2025-01-11T17:11:14","slug":"fikse-zjarri","status":"publish","type":"page","link":"https:\/\/fiksezjarri.al\/en\/fikse-zjarri\/","title":{"rendered":"Fire Extinguisher"},"content":{"rendered":"<div data-elementor-type=\"wp-page\" data-elementor-id=\"2720\" class=\"elementor elementor-2720\" data-elementor-post-type=\"page\">\n\t\t\t\t\t\t<section class=\"elementor-section elementor-top-section elementor-element elementor-element-62e522b8 elementor-section-boxed elementor-section-height-default elementor-section-height-default\" data-id=\"62e522b8\" data-element_type=\"section\" data-settings=\"{&quot;background_background&quot;:&quot;classic&quot;}\">\n\t\t\t\t\t\t<div class=\"elementor-container elementor-column-gap-no\">\n\t\t\t\t\t<div class=\"elementor-column elementor-col-100 elementor-top-column elementor-element elementor-element-3159979f\" data-id=\"3159979f\" data-element_type=\"column\">\n\t\t\t<div class=\"elementor-widget-wrap elementor-element-populated\">\n\t\t\t\t\t\t<div class=\"elementor-element elementor-element-5dae7899 elementor-widget__width-initial elementor-widget elementor-widget-services_noxiy\" data-id=\"5dae7899\" data-element_type=\"widget\" data-widget_type=\"services_noxiy.default\">\n\t\t\t\t<div class=\"elementor-widget-container\">\n\t\t\t\t\t\r\n        \r\n                    <div class=\"services__one-item m-0\">\r\n                <div class=\"services__one-item-image\">\r\n                    <img decoding=\"async\" src=\"https:\/\/fiksezjarri.al\/wp-content\/uploads\/2025\/01\/Fikse-zjarri-me-pluhur.jpg\" alt=\"Fikse zjarri pluhur\" \/>                <\/div>\r\n                <div class=\"services__one-item-content\">\r\n                    <div class=\"services__one-item-content-icon\">\r\n                        <i class=\"fas fa-fire-extinguisher\"><\/i>\r\n                    <\/div>\r\n                    <h4><a href=\"https:\/\/wa.me\/+355696165555\">Fire extinguisher with powder<\/a>\r\n                    <\/h4>\r\n                    <p>\r\n                                            <\/p>\r\n                    <a href=\"https:\/\/wa.me\/+355696165555\">\r\n                        <p>\r\n                            Order on WhatsApp                        <\/p><i class=\"fas fa-long-arrow-right\"><\/i>\r\n                    <\/a>\r\n                <\/div>\r\n            <\/div>\r\n        \r\n\r\n        \r\n        \r\n        \t\t\t\t<\/div>\n\t\t\t\t<\/div>\n\t\t\t\t<div class=\"elementor-element elementor-element-e0b19df elementor-widget__width-initial elementor-widget elementor-widget-services_noxiy\" data-id=\"e0b19df\" data-element_type=\"widget\" data-widget_type=\"services_noxiy.default\">\n\t\t\t\t<div class=\"elementor-widget-container\">\n\t\t\t\t\t\r\n        \r\n                    <div class=\"services__one-item m-0\">\r\n                <div class=\"services__one-item-image\">\r\n                    <img decoding=\"async\" src=\"https:\/\/fiksezjarri.al\/wp-content\/uploads\/2025\/01\/Fikse-zjarri-me-CO2.jpg\" alt=\"Fikse zjarri CO2\" \/>                <\/div>\r\n                <div class=\"services__one-item-content\">\r\n                    <div class=\"services__one-item-content-icon\">\r\n                        <i class=\"fas fa-fire-extinguisher\"><\/i>\r\n                    <\/div>\r\n                    <h4><a href=\"https:\/\/wa.me\/+355696165555\">Fire Extinguisher with CO2<\/a>\r\n                    <\/h4>\r\n                    <p>\r\n                                            <\/p>\r\n                    <a href=\"https:\/\/wa.me\/+355696165555\">\r\n                        <p>\r\n                            Order on WhatsApp                        <\/p><i class=\"fas fa-long-arrow-right\"><\/i>\r\n                    <\/a>\r\n                <\/div>\r\n            <\/div>\r\n        \r\n\r\n        \r\n        \r\n        \t\t\t\t<\/div>\n\t\t\t\t<\/div>\n\t\t\t\t<div class=\"elementor-element elementor-element-455894e elementor-widget__width-initial elementor-widget elementor-widget-services_noxiy\" data-id=\"455894e\" data-element_type=\"widget\" data-widget_type=\"services_noxiy.default\">\n\t\t\t\t<div class=\"elementor-widget-container\">\n\t\t\t\t\t\r\n        \r\n                    <div class=\"services__one-item m-0\">\r\n                <div class=\"services__one-item-image\">\r\n                    <img decoding=\"async\" src=\"https:\/\/fiksezjarri.al\/wp-content\/uploads\/2025\/01\/Fikse-zjarri-me-gaz-ekologjik.jpg\" alt=\"Fikse zjarri me gaz ekologjik\" \/>                <\/div>\r\n                <div class=\"services__one-item-content\">\r\n                    <div class=\"services__one-item-content-icon\">\r\n                        <i class=\"fas fa-fire-extinguisher\"><\/i>\r\n                    <\/div>\r\n                    <h4><a href=\"https:\/\/wa.me\/+355696165555\">Fire extinguisher with ecological gas<\/a>\r\n                    <\/h4>\r\n                    <p>\r\n                                            <\/p>\r\n                    <a href=\"https:\/\/wa.me\/+355696165555\">\r\n                        <p>\r\n                            Order on WhatsApp                        <\/p><i class=\"fas fa-long-arrow-right\"><\/i>\r\n                    <\/a>\r\n                <\/div>\r\n            <\/div>\r\n        \r\n\r\n        \r\n        \r\n        \t\t\t\t<\/div>\n\t\t\t\t<\/div>\n\t\t\t\t<div class=\"elementor-element elementor-element-f2f230a elementor-widget__width-initial elementor-widget elementor-widget-services_noxiy\" data-id=\"f2f230a\" data-element_type=\"widget\" data-widget_type=\"services_noxiy.default\">\n\t\t\t\t<div class=\"elementor-widget-container\">\n\t\t\t\t\t\r\n        \r\n                    <div class=\"services__one-item m-0\">\r\n                <div class=\"services__one-item-image\">\r\n                    <img decoding=\"async\" src=\"https:\/\/fiksezjarri.al\/wp-content\/uploads\/2025\/01\/Fikse-zjarri-me-uje.jpg\" alt=\"Fikse zjarri me uj\u00eb\" \/>                <\/div>\r\n                <div class=\"services__one-item-content\">\r\n                    <div class=\"services__one-item-content-icon\">\r\n                        <i class=\"fas fa-fire-extinguisher\"><\/i>\r\n                    <\/div>\r\n                    <h4><a href=\"https:\/\/wa.me\/+355696165555\">Fire extinguisher with water<\/a>\r\n                    <\/h4>\r\n                    <p>\r\n                                            <\/p>\r\n                    <a href=\"https:\/\/wa.me\/+355696165555\">\r\n                        <p>\r\n                            Order on WhatsApp                        <\/p><i class=\"fas fa-long-arrow-right\"><\/i>\r\n                    <\/a>\r\n                <\/div>\r\n            <\/div>\r\n        \r\n\r\n        \r\n        \r\n        \t\t\t\t<\/div>\n\t\t\t\t<\/div>\n\t\t\t\t<div class=\"elementor-element elementor-element-1043e50 elementor-widget__width-initial elementor-widget elementor-widget-services_noxiy\" data-id=\"1043e50\" data-element_type=\"widget\" data-widget_type=\"services_noxiy.default\">\n\t\t\t\t<div class=\"elementor-widget-container\">\n\t\t\t\t\t\r\n        \r\n                    <div class=\"services__one-item m-0\">\r\n                <div class=\"services__one-item-image\">\r\n                    <img decoding=\"async\" src=\"https:\/\/fiksezjarri.al\/wp-content\/uploads\/2025\/01\/Fikse-zjarri-me-shkume.jpg\" alt=\"No alt text\" \/>                <\/div>\r\n                <div class=\"services__one-item-content\">\r\n                    <div class=\"services__one-item-content-icon\">\r\n                        <i class=\"fas fa-fire-extinguisher\"><\/i>\r\n                    <\/div>\r\n                    <h4><a href=\"https:\/\/wa.me\/+355696165555\">Fikse zjarri me foam<\/a>\r\n                    <\/h4>\r\n                    <p>\r\n                                            <\/p>\r\n                    <a href=\"https:\/\/wa.me\/+355696165555\">\r\n                        <p>\r\n                            Order on WhatsApp                        <\/p><i class=\"fas fa-long-arrow-right\"><\/i>\r\n                    <\/a>\r\n                <\/div>\r\n            <\/div>\r\n        \r\n\r\n        \r\n        \r\n        \t\t\t\t<\/div>\n\t\t\t\t<\/div>\n\t\t\t\t<div class=\"elementor-element elementor-element-a101218 elementor-widget__width-initial elementor-widget elementor-widget-services_noxiy\" data-id=\"a101218\" data-element_type=\"widget\" data-widget_type=\"services_noxiy.default\">\n\t\t\t\t<div class=\"elementor-widget-container\">\n\t\t\t\t\t\r\n        \r\n                    <div class=\"services__one-item m-0\">\r\n                <div class=\"services__one-item-image\">\r\n                    <img decoding=\"async\" src=\"https:\/\/fiksezjarri.al\/wp-content\/uploads\/2025\/01\/Fikse-zjarri-automatike.jpg\" alt=\"Fikse zjarri automatike\" \/>                <\/div>\r\n                <div class=\"services__one-item-content\">\r\n                    <div class=\"services__one-item-content-icon\">\r\n                        <i class=\"fas fa-fire-extinguisher\"><\/i>\r\n                    <\/div>\r\n                    <h4><a href=\"https:\/\/wa.me\/+355696165555\">Automatic fire extinguisher<\/a>\r\n                    <\/h4>\r\n                    <p>\r\n                                            <\/p>\r\n                    <a href=\"https:\/\/wa.me\/+355696165555\">\r\n                        <p>\r\n                            Order on WhatsApp                        <\/p><i class=\"fas fa-long-arrow-right\"><\/i>\r\n                    <\/a>\r\n                <\/div>\r\n            <\/div>\r\n        \r\n\r\n        \r\n        \r\n        \t\t\t\t<\/div>\n\t\t\t\t<\/div>\n\t\t\t\t<div class=\"elementor-element elementor-element-34737a9 elementor-widget__width-initial elementor-widget elementor-widget-services_noxiy\" data-id=\"34737a9\" data-element_type=\"widget\" data-widget_type=\"services_noxiy.default\">\n\t\t\t\t<div class=\"elementor-widget-container\">\n\t\t\t\t\t\r\n        \r\n                    <div class=\"services__one-item m-0\">\r\n                <div class=\"services__one-item-image\">\r\n                    <img decoding=\"async\" src=\"https:\/\/fiksezjarri.al\/wp-content\/uploads\/2025\/01\/Pjese-kembimi-per-fikse-zjarri.jpg\" alt=\"Pjes\u00eb p\u00ebr fikse zjarri\" \/>                <\/div>\r\n                <div class=\"services__one-item-content\">\r\n                    <div class=\"services__one-item-content-icon\">\r\n                        <i class=\"fas fa-fire-extinguisher\"><\/i>\r\n                    <\/div>\r\n                    <h4><a href=\"https:\/\/wa.me\/+355696165555\">Parts for fire extinguishers<\/a>\r\n                    <\/h4>\r\n                    <p>\r\n                                            <\/p>\r\n                    <a href=\"https:\/\/wa.me\/+355696165555\">\r\n                        <p>\r\n                            Order on WhatsApp                        <\/p><i class=\"fas fa-long-arrow-right\"><\/i>\r\n                    <\/a>\r\n                <\/div>\r\n            <\/div>\r\n        \r\n\r\n        \r\n        \r\n        \t\t\t\t<\/div>\n\t\t\t\t<\/div>\n\t\t\t\t<div class=\"elementor-element elementor-element-a6ca78f elementor-widget__width-initial elementor-widget elementor-widget-services_noxiy\" data-id=\"a6ca78f\" data-element_type=\"widget\" data-widget_type=\"services_noxiy.default\">\n\t\t\t\t<div class=\"elementor-widget-container\">\n\t\t\t\t\t\r\n        \r\n                    <div class=\"services__one-item m-0\">\r\n                <div class=\"services__one-item-image\">\r\n                    <img decoding=\"async\" src=\"https:\/\/fiksezjarri.al\/wp-content\/uploads\/2025\/01\/Aksesore-per-fikse-zjarri.jpg\" alt=\"Aksesor\u00eb per fikse zjarri\" \/>                <\/div>\r\n                <div class=\"services__one-item-content\">\r\n                    <div class=\"services__one-item-content-icon\">\r\n                        <i class=\"fas fa-fire-extinguisher\"><\/i>\r\n                    <\/div>\r\n                    <h4><a href=\"https:\/\/wa.me\/+355696165555\">Accessories for fire extinguishers<\/a>\r\n                    <\/h4>\r\n                    <p>\r\n                                            <\/p>\r\n                    <a href=\"https:\/\/wa.me\/+355696165555\">\r\n                        <p>\r\n                            Order on WhatsApp                        <\/p><i class=\"fas fa-long-arrow-right\"><\/i>\r\n                    <\/a>\r\n                <\/div>\r\n            <\/div>\r\n        \r\n\r\n        \r\n        \r\n        \t\t\t\t<\/div>\n\t\t\t\t<\/div>\n\t\t\t\t\t<\/div>\n\t\t<\/div>\n\t\t\t\t\t<\/div>\n\t\t<\/section>\n\t\t\t\t<\/div>","protected":false},"excerpt":{"rendered":"<p>Fikse zjarri me pluhur Porosit ne WhatsApp Fikse zjarri me CO2 Porosit ne WhatsApp Fikse zjarri me gaz ekologjik Porosit ne WhatsApp Fikse zjarri me uj\u00eb Porosit ne WhatsApp Fikse zjarri me shkum\u00eb Porosit ne WhatsApp Fikse zjarri automatike Porosit ne WhatsApp Pjes\u00eb p\u00ebr fikse zjarri Porosit ne WhatsApp Aksesor\u00eb p\u00ebr fikse zjarri Porosit ne [&hellip;]<\/p>","protected":false},"author":1,"featured_media":0,"parent":0,"menu_order":0,"comment_status":"closed","ping_status":"closed","template":"","meta":{"footnotes":""},"categories":[],"tags":[333,334,335,337,229,338,217,220,201,199,193,210,215,336,339,191,98,225,204,340,341,208,226,190,195,211,216,342,343,344,222,212,202,186,345,184,221,206,218,197,188,227,213,200,194,346,189,347,348,349,350,351,352,187,198,223,185,209,196,203,219,207,228,205,192,224,214],"class_list":["post-2720","page","type-page","status-publish","hentry","tag-dyqan-per-produkte-te-mbrojtjes-nga-zjarri","tag-fikese-zjarri-me-co2","tag-fikese-zjarri-me-puder","tag-fikse-zjarri-ne-shitje","tag-fikse-zjarri-per-ambiente-hotelerie","tag-fikse-zjarri-per-institucione","tag-fikse-zjarri-per-komplekse-rezidenciale","tag-fikse-zjarri-per-parqe-industriale","tag-fikse-zjarri-per-qendra-it","tag-fikse-zjarri-per-qendra-mjekesore","tag-fikse-zjarri-per-shtepi-moderne","tag-fikse-zjarri-per-spitale-dhe-klinika","tag-fikse-zjarri-per-zona-turistike","tag-fikse-zjarri-tavanore","tag-furnizim-me-fikse-zjarri","tag-instalime-te-sigurise-per-zjarret","tag-instalimi-i-sistemeve-te-alarmit-per-zjarre","tag-instalimi-i-sistemeve-te-fikseve-per-zjarre-te-vogla","tag-instalimi-i-sistemit-te-zjarrit-ne-restorante","tag-kolaudim-i-fikseve-te-zjarrit","tag-montim-i-fikseve-te-zjarrit","tag-pajisje-fikse-zjarri-per-fabrika","tag-pajisje-fikse-zjarri-per-hapesira-perreth-shtepise","tag-pajisje-fikse-zjarri-per-zyrat","tag-pajisje-per-alarm-dhe-fikje-zjarri","tag-pajisje-per-mbrojtje-nga-zjarri-per-sisteme-hvac","tag-pajisje-per-parandalimin-e-zjarrit-ne-restorante","tag-produkte-per-mbrojtjen-nga-zjarri","tag-projekte-per-mbrojtjen-nga-zjarri-ne-godina","tag-rimbushje-te-bombulave-te-fikseve-te-zjarrit","tag-sherbime-fikse-zjarri-per-ambasada","tag-sherbime-fikse-zjarri-per-biblioteka","tag-sherbime-fikse-zjarri-per-hotele-te-medha","tag-sherbime-fikse-zjarri-per-ndertesa-te-larta","tag-sisteme-per-mbrojtjen-nga-zjarri","tag-sistemi-automatizuar-i-fikseve-te-zjarrit","tag-sistemi-i-fikseve-per-hapesira-edukative","tag-sistemi-i-fikseve-te-zjarrit-per-banka","tag-sistemi-i-fikseve-te-zjarrit-per-sherbime-shteterore","tag-sistemi-i-fikseve-te-zjarrit-per-teatro","tag-sistemi-i-mbrojtjes-nga-zjarri-ne-ambiente-publike","tag-sistemi-i-zjarrit-per-ambiente-financiare","tag-sistemi-i-zjarrit-per-qendra-tregtare","tag-sistemi-per-mbrojtje-nga-zjarri-ne-depo","tag-sistemi-per-mbrojtje-nga-zjarri-ne-shkolla","tag-tabela-sinjalizuese-per-godina","tag-teknologji-per-parandalimin-e-zjarrit","tag-trajnime-stafi-per-mbrojtjen-nga-zjarri","tag-vendosje-e-fikseve-te-zjarrit-ne-kopshte-dhe-cerdhe","tag-vendosje-te-fikeseve-te-zjarrit-ne-shkolla","tag-veshje-antizjarr","tag-zbatim-i-projekteve-te-mbrojtjes-nga-zjarri","tag-zevendesim-i-fikseve-te-zjarrit","tag-zjarrfikes-per-kantiere-ndertimi","tag-zjarrfikes-per-objektet-arkeologjike","tag-zjarrfikes-per-qendra-shendetesore","tag-zjarri-dhe-mbrojtja-e-pasurise","tag-zjarri-dhe-mbrojtja-ne-dyqane","tag-zjarri-dhe-mbrojtja-ne-sisteme-energjie","tag-zjarri-dhe-mbrojtja-per-ambiente-sportive","tag-zjarri-dhe-mbrojtja-per-ambientet-shkollore","tag-zjarri-dhe-mbrojtja-per-hapesira-te-medha","tag-zjarri-dhe-mbrojtja-per-palestra","tag-zjarri-dhe-menaxhimi-i-riskut-per-ndertesa","tag-zjarri-dhe-siguria-e-fabrikave","tag-zjarri-dhe-siguria-ne-hotele","tag-zjarri-dhe-siguria-per-ndertesa-te-medha"],"yoast_head":"<!-- This site is optimized with the Yoast SEO plugin v26.6 - https:\/\/yoast.com\/wordpress\/plugins\/seo\/ -->\n<title>Fikse Zjarri &#8226; i-Fire Shpk<\/title>\n<meta name=\"description\" content=\"Fikse Zjarri per Biznese &amp; Shtepi. Fikse Zjarri PUDER, Fikse Zjarri CO2, Fikse Zjarri SHKUME, Fikse Zjarri TAVANORE,etj... Trajnime Stafi Zjarrfikes\" \/>\n<meta name=\"robots\" content=\"index, follow, max-snippet:-1, max-image-preview:large, max-video-preview:-1\" \/>\n<link rel=\"canonical\" href=\"https:\/\/fiksezjarri.al\/en\/fikse-zjarri\/\" \/>\n<meta property=\"og:locale\" content=\"en_GB\" \/>\n<meta property=\"og:type\" content=\"article\" \/>\n<meta property=\"og:title\" content=\"Fikse Zjarri &#8226; i-Fire Shpk\" \/>\n<meta property=\"og:description\" content=\"Fikse Zjarri per Biznese &amp; Shtepi. Fikse Zjarri PUDER, Fikse Zjarri CO2, Fikse Zjarri SHKUME, Fikse Zjarri TAVANORE,etj... Trajnime Stafi Zjarrfikes\" \/>\n<meta property=\"og:url\" content=\"https:\/\/fiksezjarri.al\/en\/fikse-zjarri\/\" \/>\n<meta property=\"og:site_name\" content=\"Fikse Zjarri I-Fire Shpk\" \/>\n<meta property=\"article:publisher\" content=\"https:\/\/www.facebook.com\/fikse.zjarri\" \/>\n<meta property=\"article:modified_time\" content=\"2025-01-11T17:11:14+00:00\" \/>\n<meta property=\"og:image\" content=\"https:\/\/fiksezjarri.al\/wp-content\/uploads\/2025\/01\/Fikse-zjarri-me-pluhur.jpg\" \/>\n<meta name=\"twitter:card\" content=\"summary_large_image\" \/>\n<script type=\"application\/ld+json\" class=\"yoast-schema-graph\">{\"@context\":\"https:\/\/schema.org\",\"@graph\":[{\"@type\":\"WebPage\",\"@id\":\"https:\/\/fiksezjarri.al\/fikse-zjarri\/\",\"url\":\"https:\/\/fiksezjarri.al\/fikse-zjarri\/\",\"name\":\"Fikse Zjarri &#8226; i-Fire Shpk\",\"isPartOf\":{\"@id\":\"https:\/\/fiksezjarri.al\/al\/#website\"},\"primaryImageOfPage\":{\"@id\":\"https:\/\/fiksezjarri.al\/fikse-zjarri\/#primaryimage\"},\"image\":{\"@id\":\"https:\/\/fiksezjarri.al\/fikse-zjarri\/#primaryimage\"},\"thumbnailUrl\":\"https:\/\/fiksezjarri.al\/wp-content\/uploads\/2025\/01\/Fikse-zjarri-me-pluhur.jpg\",\"datePublished\":\"2025-01-10T19:32:31+00:00\",\"dateModified\":\"2025-01-11T17:11:14+00:00\",\"description\":\"Fikse Zjarri per Biznese & Shtepi. Fikse Zjarri PUDER, Fikse Zjarri CO2, Fikse Zjarri SHKUME, Fikse Zjarri TAVANORE,etj... Trajnime Stafi Zjarrfikes\",\"breadcrumb\":{\"@id\":\"https:\/\/fiksezjarri.al\/fikse-zjarri\/#breadcrumb\"},\"inLanguage\":\"en-GB\",\"potentialAction\":[{\"@type\":\"ReadAction\",\"target\":[\"https:\/\/fiksezjarri.al\/fikse-zjarri\/\"]}]},{\"@type\":\"ImageObject\",\"inLanguage\":\"en-GB\",\"@id\":\"https:\/\/fiksezjarri.al\/fikse-zjarri\/#primaryimage\",\"url\":\"https:\/\/fiksezjarri.al\/wp-content\/uploads\/2025\/01\/Fikse-zjarri-me-pluhur.jpg\",\"contentUrl\":\"https:\/\/fiksezjarri.al\/wp-content\/uploads\/2025\/01\/Fikse-zjarri-me-pluhur.jpg\"},{\"@type\":\"BreadcrumbList\",\"@id\":\"https:\/\/fiksezjarri.al\/fikse-zjarri\/#breadcrumb\",\"itemListElement\":[{\"@type\":\"ListItem\",\"position\":1,\"name\":\"Home\",\"item\":\"https:\/\/fiksezjarri.al\/al\/\"},{\"@type\":\"ListItem\",\"position\":2,\"name\":\"Fikse Zjarri\"}]},{\"@type\":\"WebSite\",\"@id\":\"https:\/\/fiksezjarri.al\/al\/#website\",\"url\":\"https:\/\/fiksezjarri.al\/al\/\",\"name\":\"Fikse Zjarri\",\"description\":\"Fikse Zjarri per Biznese &amp; Industri\",\"publisher\":{\"@id\":\"https:\/\/fiksezjarri.al\/al\/#organization\"},\"alternateName\":\"Fikse Zjarri\",\"potentialAction\":[{\"@type\":\"SearchAction\",\"target\":{\"@type\":\"EntryPoint\",\"urlTemplate\":\"https:\/\/fiksezjarri.al\/al\/?s={search_term_string}\"},\"query-input\":{\"@type\":\"PropertyValueSpecification\",\"valueRequired\":true,\"valueName\":\"search_term_string\"}}],\"inLanguage\":\"en-GB\"},{\"@type\":\"Organization\",\"@id\":\"https:\/\/fiksezjarri.al\/al\/#organization\",\"name\":\"Fikse Zjarri I-Fire Shpk\",\"alternateName\":\"Fikse Zjarri i-Fire Shpk\",\"url\":\"https:\/\/fiksezjarri.al\/al\/\",\"logo\":{\"@type\":\"ImageObject\",\"inLanguage\":\"en-GB\",\"@id\":\"https:\/\/fiksezjarri.al\/al\/#\/schema\/logo\/image\/\",\"url\":\"https:\/\/fiksezjarri.al\/wp-content\/uploads\/2025\/01\/Logo-Fikse-Zjarri.png\",\"contentUrl\":\"https:\/\/fiksezjarri.al\/wp-content\/uploads\/2025\/01\/Logo-Fikse-Zjarri.png\",\"width\":226,\"height\":117,\"caption\":\"Fikse Zjarri I-Fire Shpk\"},\"image\":{\"@id\":\"https:\/\/fiksezjarri.al\/al\/#\/schema\/logo\/image\/\"},\"sameAs\":[\"https:\/\/www.facebook.com\/fikse.zjarri\",\"https:\/\/www.instagram.com\/fikse_zjarri\/\"]}]}<\/script>\n<!-- \/ Yoast SEO plugin. -->","yoast_head_json":{"title":"Fikse Zjarri &#8226; i-Fire Shpk","description":"Fikse Zjarri per Biznese & Shtepi. Fikse Zjarri PUDER, Fikse Zjarri CO2, Fikse Zjarri SHKUME, Fikse Zjarri TAVANORE,etj... Trajnime Stafi Zjarrfikes","robots":{"index":"index","follow":"follow","max-snippet":"max-snippet:-1","max-image-preview":"max-image-preview:large","max-video-preview":"max-video-preview:-1"},"canonical":"https:\/\/fiksezjarri.al\/en\/fikse-zjarri\/","og_locale":"en_GB","og_type":"article","og_title":"Fikse Zjarri &#8226; i-Fire Shpk","og_description":"Fikse Zjarri per Biznese & Shtepi. Fikse Zjarri PUDER, Fikse Zjarri CO2, Fikse Zjarri SHKUME, Fikse Zjarri TAVANORE,etj... Trajnime Stafi Zjarrfikes","og_url":"https:\/\/fiksezjarri.al\/en\/fikse-zjarri\/","og_site_name":"Fikse Zjarri I-Fire Shpk","article_publisher":"https:\/\/www.facebook.com\/fikse.zjarri","article_modified_time":"2025-01-11T17:11:14+00:00","og_image":[{"url":"https:\/\/fiksezjarri.al\/wp-content\/uploads\/2025\/01\/Fikse-zjarri-me-pluhur.jpg","type":"","width":"","height":""}],"twitter_card":"summary_large_image","schema":{"@context":"https:\/\/schema.org","@graph":[{"@type":"WebPage","@id":"https:\/\/fiksezjarri.al\/fikse-zjarri\/","url":"https:\/\/fiksezjarri.al\/fikse-zjarri\/","name":"Fikse Zjarri &#8226; i-Fire Shpk","isPartOf":{"@id":"https:\/\/fiksezjarri.al\/al\/#website"},"primaryImageOfPage":{"@id":"https:\/\/fiksezjarri.al\/fikse-zjarri\/#primaryimage"},"image":{"@id":"https:\/\/fiksezjarri.al\/fikse-zjarri\/#primaryimage"},"thumbnailUrl":"https:\/\/fiksezjarri.al\/wp-content\/uploads\/2025\/01\/Fikse-zjarri-me-pluhur.jpg","datePublished":"2025-01-10T19:32:31+00:00","dateModified":"2025-01-11T17:11:14+00:00","description":"Fikse Zjarri per Biznese & Shtepi. Fikse Zjarri PUDER, Fikse Zjarri CO2, Fikse Zjarri SHKUME, Fikse Zjarri TAVANORE,etj... Trajnime Stafi Zjarrfikes","breadcrumb":{"@id":"https:\/\/fiksezjarri.al\/fikse-zjarri\/#breadcrumb"},"inLanguage":"en-GB","potentialAction":[{"@type":"ReadAction","target":["https:\/\/fiksezjarri.al\/fikse-zjarri\/"]}]},{"@type":"ImageObject","inLanguage":"en-GB","@id":"https:\/\/fiksezjarri.al\/fikse-zjarri\/#primaryimage","url":"https:\/\/fiksezjarri.al\/wp-content\/uploads\/2025\/01\/Fikse-zjarri-me-pluhur.jpg","contentUrl":"https:\/\/fiksezjarri.al\/wp-content\/uploads\/2025\/01\/Fikse-zjarri-me-pluhur.jpg"},{"@type":"BreadcrumbList","@id":"https:\/\/fiksezjarri.al\/fikse-zjarri\/#breadcrumb","itemListElement":[{"@type":"ListItem","position":1,"name":"Home","item":"https:\/\/fiksezjarri.al\/al\/"},{"@type":"ListItem","position":2,"name":"Fikse Zjarri"}]},{"@type":"WebSite","@id":"https:\/\/fiksezjarri.al\/al\/#website","url":"https:\/\/fiksezjarri.al\/al\/","name":"Fire Extinguisher","description":"Fikse Zjarri per Biznese &amp; Industri","publisher":{"@id":"https:\/\/fiksezjarri.al\/al\/#organization"},"alternateName":"Fikse Zjarri","potentialAction":[{"@type":"SearchAction","target":{"@type":"EntryPoint","urlTemplate":"https:\/\/fiksezjarri.al\/al\/?s={search_term_string}"},"query-input":{"@type":"PropertyValueSpecification","valueRequired":true,"valueName":"search_term_string"}}],"inLanguage":"en-GB"},{"@type":"Organization","@id":"https:\/\/fiksezjarri.al\/al\/#organization","name":"Fikse Zjarri I-Fire Shpk","alternateName":"Fikse Zjarri i-Fire Shpk","url":"https:\/\/fiksezjarri.al\/al\/","logo":{"@type":"ImageObject","inLanguage":"en-GB","@id":"https:\/\/fiksezjarri.al\/al\/#\/schema\/logo\/image\/","url":"https:\/\/fiksezjarri.al\/wp-content\/uploads\/2025\/01\/Logo-Fikse-Zjarri.png","contentUrl":"https:\/\/fiksezjarri.al\/wp-content\/uploads\/2025\/01\/Logo-Fikse-Zjarri.png","width":226,"height":117,"caption":"Fikse Zjarri I-Fire Shpk"},"image":{"@id":"https:\/\/fiksezjarri.al\/al\/#\/schema\/logo\/image\/"},"sameAs":["https:\/\/www.facebook.com\/fikse.zjarri","https:\/\/www.instagram.com\/fikse_zjarri\/"]}]}},"_links":{"self":[{"href":"https:\/\/fiksezjarri.al\/en\/wp-json\/wp\/v2\/pages\/2720","targetHints":{"allow":["GET"]}}],"collection":[{"href":"https:\/\/fiksezjarri.al\/en\/wp-json\/wp\/v2\/pages"}],"about":[{"href":"https:\/\/fiksezjarri.al\/en\/wp-json\/wp\/v2\/types\/page"}],"author":[{"embeddable":true,"href":"https:\/\/fiksezjarri.al\/en\/wp-json\/wp\/v2\/users\/1"}],"replies":[{"embeddable":true,"href":"https:\/\/fiksezjarri.al\/en\/wp-json\/wp\/v2\/comments?post=2720"}],"version-history":[{"count":7,"href":"https:\/\/fiksezjarri.al\/en\/wp-json\/wp\/v2\/pages\/2720\/revisions"}],"predecessor-version":[{"id":3016,"href":"https:\/\/fiksezjarri.al\/en\/wp-json\/wp\/v2\/pages\/2720\/revisions\/3016"}],"wp:attachment":[{"href":"https:\/\/fiksezjarri.al\/en\/wp-json\/wp\/v2\/media?parent=2720"}],"wp:term":[{"taxonomy":"category","embeddable":true,"href":"https:\/\/fiksezjarri.al\/en\/wp-json\/wp\/v2\/categories?post=2720"},{"taxonomy":"post_tag","embeddable":true,"href":"https:\/\/fiksezjarri.al\/en\/wp-json\/wp\/v2\/tags?post=2720"}],"curies":[{"name":"wp","href":"https:\/\/api.w.org\/{rel}","templated":true}]}}