{"id":69,"date":"2023-07-17T14:31:39","date_gmt":"2023-07-17T14:31:39","guid":{"rendered":"http:\/\/noxiy.local\/?page_id=68"},"modified":"2025-01-11T17:15:38","modified_gmt":"2025-01-11T17:15:38","slug":"kontakt","status":"publish","type":"page","link":"https:\/\/fiksezjarri.al\/al\/kontakt\/","title":{"rendered":"Kontakt"},"content":{"rendered":"\t\t<div data-elementor-type=\"wp-page\" data-elementor-id=\"69\" class=\"elementor elementor-69\" data-elementor-post-type=\"page\">\n\t\t\t\t<div class=\"elementor-element elementor-element-f4b016b e-flex e-con-boxed e-con e-parent\" data-id=\"f4b016b\" data-element_type=\"container\">\n\t\t\t\t\t<div class=\"e-con-inner\">\n\t\t\t\t<div class=\"elementor-element elementor-element-198ca63 elementor-widget elementor-widget-text-editor\" data-id=\"198ca63\" data-element_type=\"widget\" data-widget_type=\"text-editor.default\">\n\t\t\t\t<div class=\"elementor-widget-container\">\n\t\t\t\t\t\t\t\t\t<p>P\u00ebr \u00e7do pyetje ose informacion rreth produkteve t\u00eb fikseve t\u00eb zjarrit ose sh\u00ebrbimeve t\u00eb i-Fire, mund t\u2019na kontaktoni. Ne vler\u00ebsojm\u00eb interesin tuaj dhe jemi k\u00ebtu p\u00ebr t&#8217;ju ndihmuar! N\u00ebse keni pyetje, sugjerime apo nevoj\u00eb p\u00ebr informacion shtes\u00eb, ju lutem mos hezitoni t\u00eb na kontaktoni. Ekipi yn\u00eb \u00ebsht\u00eb i gatsh\u00ebm t\u2019ju informoj\u00eb!<\/p>\t\t\t\t\t\t\t\t<\/div>\n\t\t\t\t<\/div>\n\t\t\t\t\t<\/div>\n\t\t\t\t<\/div>\n\t\t\t\t<section class=\"elementor-section elementor-top-section elementor-element elementor-element-9856f4e elementor-section-boxed elementor-section-height-default elementor-section-height-default\" data-id=\"9856f4e\" data-element_type=\"section\">\n\t\t\t\t\t\t<div class=\"elementor-container elementor-column-gap-default\">\n\t\t\t\t\t<div class=\"elementor-column elementor-col-25 elementor-top-column elementor-element elementor-element-878eca5\" data-id=\"878eca5\" data-element_type=\"column\" data-settings=\"{&quot;background_background&quot;:&quot;classic&quot;}\">\n\t\t\t<div class=\"elementor-widget-wrap elementor-element-populated\">\n\t\t\t\t\t\t<div class=\"elementor-element elementor-element-782693a elementor-widget elementor-widget-image\" data-id=\"782693a\" data-element_type=\"widget\" data-widget_type=\"image.default\">\n\t\t\t\t<div class=\"elementor-widget-container\">\n\t\t\t\t\t\t\t\t\t\t\t\t\t\t\t<img decoding=\"async\" width=\"64\" height=\"64\" src=\"https:\/\/fiksezjarri.al\/wp-content\/uploads\/2023\/07\/phone.png\" class=\"attachment-full size-full wp-image-1528\" alt=\"\" \/>\t\t\t\t\t\t\t\t\t\t\t\t\t\t\t<\/div>\n\t\t\t\t<\/div>\n\t\t\t\t<div class=\"elementor-element elementor-element-d5425e2 elementor-widget elementor-widget-heading\" data-id=\"d5425e2\" data-element_type=\"widget\" data-widget_type=\"heading.default\">\n\t\t\t\t<div class=\"elementor-widget-container\">\n\t\t\t\t\t<h4 class=\"elementor-heading-title elementor-size-default\">Telefon<\/h4>\t\t\t\t<\/div>\n\t\t\t\t<\/div>\n\t\t\t\t<div class=\"elementor-element elementor-element-c326099 elementor-align-center elementor-icon-list--layout-traditional elementor-list-item-link-full_width elementor-widget elementor-widget-icon-list\" data-id=\"c326099\" data-element_type=\"widget\" data-widget_type=\"icon-list.default\">\n\t\t\t\t<div class=\"elementor-widget-container\">\n\t\t\t\t\t\t\t<ul class=\"elementor-icon-list-items\">\n\t\t\t\t\t\t\t<li class=\"elementor-icon-list-item\">\n\t\t\t\t\t\t\t\t\t\t\t<a href=\"tel:+355696165555\" target=\"_blank\">\n\n\t\t\t\t\t\t\t\t\t\t\t<span class=\"elementor-icon-list-text\">+355 69 61 65 555<\/span>\n\t\t\t\t\t\t\t\t\t\t\t<\/a>\n\t\t\t\t\t\t\t\t\t<\/li>\n\t\t\t\t\t\t\t\t<li class=\"elementor-icon-list-item\">\n\t\t\t\t\t\t\t\t\t\t\t<a href=\"tel:+355696164444\">\n\n\t\t\t\t\t\t\t\t\t\t\t<span class=\"elementor-icon-list-text\">+355 69 61 64 444<\/span>\n\t\t\t\t\t\t\t\t\t\t\t<\/a>\n\t\t\t\t\t\t\t\t\t<\/li>\n\t\t\t\t\t\t<\/ul>\n\t\t\t\t\t\t<\/div>\n\t\t\t\t<\/div>\n\t\t\t\t\t<\/div>\n\t\t<\/div>\n\t\t\t\t<div class=\"elementor-column elementor-col-25 elementor-top-column elementor-element elementor-element-9ce2918\" data-id=\"9ce2918\" data-element_type=\"column\" data-settings=\"{&quot;background_background&quot;:&quot;classic&quot;}\">\n\t\t\t<div class=\"elementor-widget-wrap elementor-element-populated\">\n\t\t\t\t\t\t<div class=\"elementor-element elementor-element-de26408 elementor-widget elementor-widget-image\" data-id=\"de26408\" data-element_type=\"widget\" data-widget_type=\"image.default\">\n\t\t\t\t<div class=\"elementor-widget-container\">\n\t\t\t\t\t\t\t\t\t\t\t\t\t\t\t<img decoding=\"async\" width=\"64\" height=\"64\" src=\"https:\/\/fiksezjarri.al\/wp-content\/uploads\/2023\/07\/email.png\" class=\"attachment-full size-full wp-image-1525\" alt=\"\" \/>\t\t\t\t\t\t\t\t\t\t\t\t\t\t\t<\/div>\n\t\t\t\t<\/div>\n\t\t\t\t<div class=\"elementor-element elementor-element-7c9ae4c elementor-widget elementor-widget-heading\" data-id=\"7c9ae4c\" data-element_type=\"widget\" data-widget_type=\"heading.default\">\n\t\t\t\t<div class=\"elementor-widget-container\">\n\t\t\t\t\t<h4 class=\"elementor-heading-title elementor-size-default\">Email<\/h4>\t\t\t\t<\/div>\n\t\t\t\t<\/div>\n\t\t\t\t<div class=\"elementor-element elementor-element-eb1910c elementor-align-center elementor-icon-list--layout-traditional elementor-list-item-link-full_width elementor-widget elementor-widget-icon-list\" data-id=\"eb1910c\" data-element_type=\"widget\" data-widget_type=\"icon-list.default\">\n\t\t\t\t<div class=\"elementor-widget-container\">\n\t\t\t\t\t\t\t<ul class=\"elementor-icon-list-items\">\n\t\t\t\t\t\t\t<li class=\"elementor-icon-list-item\">\n\t\t\t\t\t\t\t\t\t\t\t<a href=\"mailto:support@gmail.com\">\n\n\t\t\t\t\t\t\t\t\t\t\t<span class=\"elementor-icon-list-text\">i.fireshpk@gmail.com<\/span>\n\t\t\t\t\t\t\t\t\t\t\t<\/a>\n\t\t\t\t\t\t\t\t\t<\/li>\n\t\t\t\t\t\t<\/ul>\n\t\t\t\t\t\t<\/div>\n\t\t\t\t<\/div>\n\t\t\t\t\t<\/div>\n\t\t<\/div>\n\t\t\t\t<div class=\"elementor-column elementor-col-25 elementor-top-column elementor-element elementor-element-e3f0028\" data-id=\"e3f0028\" data-element_type=\"column\" data-settings=\"{&quot;background_background&quot;:&quot;classic&quot;}\">\n\t\t\t<div class=\"elementor-widget-wrap elementor-element-populated\">\n\t\t\t\t\t\t<div class=\"elementor-element elementor-element-b162239 elementor-widget elementor-widget-image\" data-id=\"b162239\" data-element_type=\"widget\" data-widget_type=\"image.default\">\n\t\t\t\t<div class=\"elementor-widget-container\">\n\t\t\t\t\t\t\t\t\t\t\t\t\t\t\t<img decoding=\"async\" width=\"64\" height=\"64\" src=\"https:\/\/fiksezjarri.al\/wp-content\/uploads\/2023\/07\/map.png\" class=\"attachment-full size-full wp-image-1526\" alt=\"\" \/>\t\t\t\t\t\t\t\t\t\t\t\t\t\t\t<\/div>\n\t\t\t\t<\/div>\n\t\t\t\t<div class=\"elementor-element elementor-element-b4f89f0 elementor-widget elementor-widget-heading\" data-id=\"b4f89f0\" data-element_type=\"widget\" data-widget_type=\"heading.default\">\n\t\t\t\t<div class=\"elementor-widget-container\">\n\t\t\t\t\t<h4 class=\"elementor-heading-title elementor-size-default\">Dyqanet Tona<\/h4>\t\t\t\t<\/div>\n\t\t\t\t<\/div>\n\t\t\t\t<div class=\"elementor-element elementor-element-3e101ef elementor-widget elementor-widget-heading\" data-id=\"3e101ef\" data-element_type=\"widget\" data-widget_type=\"heading.default\">\n\t\t\t\t<div class=\"elementor-widget-container\">\n\t\t\t\t\t<span class=\"elementor-heading-title elementor-size-default\"><b> Tiran\u00eb:<\/b>  Rruga e Kavaj\u00ebs<\/span>\t\t\t\t<\/div>\n\t\t\t\t<\/div>\n\t\t\t\t<div class=\"elementor-element elementor-element-00cd184 elementor-widget elementor-widget-heading\" data-id=\"00cd184\" data-element_type=\"widget\" data-widget_type=\"heading.default\">\n\t\t\t\t<div class=\"elementor-widget-container\">\n\t\t\t\t\t<span class=\"elementor-heading-title elementor-size-default\"><b>Durr\u00ebs:<\/b> Rruga Martin Camaj<\/span>\t\t\t\t<\/div>\n\t\t\t\t<\/div>\n\t\t\t\t\t<\/div>\n\t\t<\/div>\n\t\t\t\t<div class=\"elementor-column elementor-col-25 elementor-top-column elementor-element elementor-element-b614b1b\" data-id=\"b614b1b\" data-element_type=\"column\" data-settings=\"{&quot;background_background&quot;:&quot;classic&quot;}\">\n\t\t\t<div class=\"elementor-widget-wrap elementor-element-populated\">\n\t\t\t\t\t\t<div class=\"elementor-element elementor-element-088855f elementor-widget elementor-widget-image\" data-id=\"088855f\" data-element_type=\"widget\" data-widget_type=\"image.default\">\n\t\t\t\t<div class=\"elementor-widget-container\">\n\t\t\t\t\t\t\t\t\t\t\t\t\t\t\t<img loading=\"lazy\" decoding=\"async\" width=\"64\" height=\"64\" src=\"https:\/\/fiksezjarri.al\/wp-content\/uploads\/2023\/07\/opening-hours.png\" class=\"attachment-full size-full wp-image-1527\" alt=\"\" \/>\t\t\t\t\t\t\t\t\t\t\t\t\t\t\t<\/div>\n\t\t\t\t<\/div>\n\t\t\t\t<div class=\"elementor-element elementor-element-2d302b7 elementor-widget elementor-widget-heading\" data-id=\"2d302b7\" data-element_type=\"widget\" data-widget_type=\"heading.default\">\n\t\t\t\t<div class=\"elementor-widget-container\">\n\t\t\t\t\t<h4 class=\"elementor-heading-title elementor-size-default\">Orari<\/h4>\t\t\t\t<\/div>\n\t\t\t\t<\/div>\n\t\t\t\t<div class=\"elementor-element elementor-element-28d9c5e elementor-widget elementor-widget-heading\" data-id=\"28d9c5e\" data-element_type=\"widget\" data-widget_type=\"heading.default\">\n\t\t\t\t<div class=\"elementor-widget-container\">\n\t\t\t\t\t<span class=\"elementor-heading-title elementor-size-default\">E H\u00ebn\u00eb - E Shtun\u00eb<br> 08:00AM - 05:00PM<\/span>\t\t\t\t<\/div>\n\t\t\t\t<\/div>\n\t\t\t\t\t<\/div>\n\t\t<\/div>\n\t\t\t\t\t<\/div>\n\t\t<\/section>\n\t\t\t\t<section class=\"elementor-section elementor-top-section elementor-element elementor-element-29b382c elementor-section-boxed elementor-section-height-default elementor-section-height-default\" data-id=\"29b382c\" data-element_type=\"section\">\n\t\t\t\t\t\t<div class=\"elementor-container elementor-column-gap-no\">\n\t\t\t\t\t<div class=\"elementor-column elementor-col-100 elementor-top-column elementor-element elementor-element-1d77390\" data-id=\"1d77390\" data-element_type=\"column\">\n\t\t\t<div class=\"elementor-widget-wrap elementor-element-populated\">\n\t\t\t\t\t\t<div class=\"elementor-element elementor-element-e7f5092 elementor-widget elementor-widget-google_maps\" data-id=\"e7f5092\" data-element_type=\"widget\" data-widget_type=\"google_maps.default\">\n\t\t\t\t<div class=\"elementor-widget-container\">\n\t\t\t\t\t\t\t<div class=\"elementor-custom-embed\">\n\t\t\t<iframe loading=\"lazy\"\n\t\t\t\t\tsrc=\"https:\/\/maps.google.com\/maps?q=%20Fikse%20Zjarri%20%E2%80%A2%20I%20Fire%2C%20Tirana&#038;t=m&#038;z=13&#038;output=embed&#038;iwloc=near\"\n\t\t\t\t\ttitle=\" Fikse Zjarri \u2022 I Fire, Tirana\"\n\t\t\t\t\taria-label=\" Fikse Zjarri \u2022 I Fire, Tirana\"\n\t\t\t><\/iframe>\n\t\t<\/div>\n\t\t\t\t\t\t<\/div>\n\t\t\t\t<\/div>\n\t\t\t\t\t<\/div>\n\t\t<\/div>\n\t\t\t\t\t<\/div>\n\t\t<\/section>\n\t\t\t\t<\/div>\n\t\t","protected":false},"excerpt":{"rendered":"<p>P\u00ebr \u00e7do pyetje ose informacion rreth produkteve t\u00eb fikseve t\u00eb zjarrit ose sh\u00ebrbimeve t\u00eb i-Fire, mund t\u2019na kontaktoni. Ne vler\u00ebsojm\u00eb interesin tuaj dhe jemi k\u00ebtu p\u00ebr t&#8217;ju ndihmuar! N\u00ebse keni pyetje, sugjerime apo nevoj\u00eb p\u00ebr informacion shtes\u00eb, ju lutem mos hezitoni t\u00eb na kontaktoni. Ekipi yn\u00eb \u00ebsht\u00eb i gatsh\u00ebm t\u2019ju informoj\u00eb! Telefon +355 69 61 [&hellip;]<\/p>\n","protected":false},"author":1,"featured_media":0,"parent":0,"menu_order":0,"comment_status":"closed","ping_status":"closed","template":"page-builder.php","meta":{"footnotes":""},"categories":[],"tags":[433,434,440,447,441,438,442,453,458,448,435,459,454,452,460,437,445,450,457,456,451,436,449,455,444,446,432,443,439],"class_list":["post-69","page","type-page","status-publish","hentry","tag-edukim-per-sigurine-nga-zjarri","tag-kurse-per-zjarrfikes","tag-pjesemarrje-ne-trajnime-zjarrfikes","tag-program-edukimi-per-sigurine-e-zjarrit","tag-program-trajnimi-per-personelin-zjarrfikes","tag-trajnim-i-sigurise-ne-pune","tag-trajnim-per-evakuim-nga-zjarri","tag-trajnim-per-kontrollin-e-zjarrit-ne-ambiente-te-mbyllura","tag-trajnim-per-mbrojtjen-e-personelit-ne-kushte-emergjente","tag-trajnim-per-mbrojtjen-e-strukturave-nga-zjarri","tag-trajnim-per-mbrojtjen-nga-zjarri","tag-trajnim-per-menaxhimin-e-situatave-te-zjarrit","tag-trajnim-per-ndihme-pas-zjarrit","tag-trajnim-per-ndihmen-e-pare","tag-trajnim-per-perdorimin-e-mjeteve-personale-te-mbrojtjes","tag-trajnim-per-perdorimin-e-pajisjeve-te-fikseve","tag-trajnim-per-perdorimin-e-pajisjeve-te-sigurta","tag-trajnim-per-perdorimin-e-sistemeve-automatike-per-zjarri","tag-trajnim-per-perdorimin-e-sistemeve-te-alarmit","tag-trajnim-per-pergatitjen-dhe-menaxhimin-e-shpetimit","tag-trajnim-per-planifikimin-dhe-reagimin-ne-situata-emergjente","tag-trajnim-per-reagim-ne-emergjence","tag-trajnim-per-shuarjen-e-zjarrit","tag-trajnim-per-sigurimin-e-njerezve-gjate-nje-zjarri","tag-trajnim-per-sistemet-e-alarmit-te-zjarrit","tag-trajnim-per-zbatimin-e-procedurave-te-sigurise","tag-trajnim-zjarrfikes","tag-trajnime-per-nderhyrje-te-shpejte","tag-trajnime-per-teknika-fikse-zjarri"],"yoast_head":"<!-- This site is optimized with the Yoast SEO plugin v26.6 - https:\/\/yoast.com\/wordpress\/plugins\/seo\/ -->\n<title>Kontakt &#8226; i-Fire Shpk<\/title>\n<meta name=\"description\" content=\"Fikse Zjarri per Biznese &amp; Shtepi. Fikse Zjarri PUDER, Fikse Zjarri CO2, Fikse Zjarri SHKUME, Fikse Zjarri TAVANORE,etj... Trajnime Stafi Zjarrfikes\" \/>\n<meta name=\"robots\" content=\"index, follow, max-snippet:-1, max-image-preview:large, max-video-preview:-1\" \/>\n<link rel=\"canonical\" href=\"https:\/\/fiksezjarri.al\/al\/kontakt\/\" \/>\n<meta property=\"og:locale\" content=\"sq_AL\" \/>\n<meta property=\"og:type\" content=\"article\" \/>\n<meta property=\"og:title\" content=\"Kontakt &#8226; i-Fire Shpk\" \/>\n<meta property=\"og:description\" content=\"Fikse Zjarri per Biznese &amp; Shtepi. Fikse Zjarri PUDER, Fikse Zjarri CO2, Fikse Zjarri SHKUME, Fikse Zjarri TAVANORE,etj... Trajnime Stafi Zjarrfikes\" \/>\n<meta property=\"og:url\" content=\"https:\/\/fiksezjarri.al\/al\/kontakt\/\" \/>\n<meta property=\"og:site_name\" content=\"Fikse Zjarri I-Fire Shpk\" \/>\n<meta property=\"article:publisher\" content=\"https:\/\/www.facebook.com\/fikse.zjarri\" \/>\n<meta property=\"article:modified_time\" content=\"2025-01-11T17:15:38+00:00\" \/>\n<meta property=\"og:image\" content=\"https:\/\/fiksezjarri.al\/wp-content\/uploads\/2023\/07\/phone.png\" \/>\n<meta name=\"twitter:card\" content=\"summary_large_image\" \/>\n<script type=\"application\/ld+json\" class=\"yoast-schema-graph\">{\"@context\":\"https:\/\/schema.org\",\"@graph\":[{\"@type\":\"WebPage\",\"@id\":\"https:\/\/fiksezjarri.al\/kontakt\/\",\"url\":\"https:\/\/fiksezjarri.al\/kontakt\/\",\"name\":\"Kontakt &#8226; i-Fire Shpk\",\"isPartOf\":{\"@id\":\"https:\/\/fiksezjarri.al\/al\/#website\"},\"primaryImageOfPage\":{\"@id\":\"https:\/\/fiksezjarri.al\/kontakt\/#primaryimage\"},\"image\":{\"@id\":\"https:\/\/fiksezjarri.al\/kontakt\/#primaryimage\"},\"thumbnailUrl\":\"https:\/\/fiksezjarri.al\/wp-content\/uploads\/2023\/07\/phone.png\",\"datePublished\":\"2023-07-17T14:31:39+00:00\",\"dateModified\":\"2025-01-11T17:15:38+00:00\",\"description\":\"Fikse Zjarri per Biznese & Shtepi. Fikse Zjarri PUDER, Fikse Zjarri CO2, Fikse Zjarri SHKUME, Fikse Zjarri TAVANORE,etj... Trajnime Stafi Zjarrfikes\",\"breadcrumb\":{\"@id\":\"https:\/\/fiksezjarri.al\/kontakt\/#breadcrumb\"},\"inLanguage\":\"sq\",\"potentialAction\":[{\"@type\":\"ReadAction\",\"target\":[\"https:\/\/fiksezjarri.al\/kontakt\/\"]}]},{\"@type\":\"ImageObject\",\"inLanguage\":\"sq\",\"@id\":\"https:\/\/fiksezjarri.al\/kontakt\/#primaryimage\",\"url\":\"https:\/\/fiksezjarri.al\/wp-content\/uploads\/2023\/07\/phone.png\",\"contentUrl\":\"https:\/\/fiksezjarri.al\/wp-content\/uploads\/2023\/07\/phone.png\"},{\"@type\":\"BreadcrumbList\",\"@id\":\"https:\/\/fiksezjarri.al\/kontakt\/#breadcrumb\",\"itemListElement\":[{\"@type\":\"ListItem\",\"position\":1,\"name\":\"Home\",\"item\":\"https:\/\/fiksezjarri.al\/al\/\"},{\"@type\":\"ListItem\",\"position\":2,\"name\":\"Kontakt\"}]},{\"@type\":\"WebSite\",\"@id\":\"https:\/\/fiksezjarri.al\/al\/#website\",\"url\":\"https:\/\/fiksezjarri.al\/al\/\",\"name\":\"Fikse Zjarri\",\"description\":\"Fikse Zjarri per Biznese &amp; Industri\",\"publisher\":{\"@id\":\"https:\/\/fiksezjarri.al\/al\/#organization\"},\"alternateName\":\"Fikse Zjarri\",\"potentialAction\":[{\"@type\":\"SearchAction\",\"target\":{\"@type\":\"EntryPoint\",\"urlTemplate\":\"https:\/\/fiksezjarri.al\/al\/?s={search_term_string}\"},\"query-input\":{\"@type\":\"PropertyValueSpecification\",\"valueRequired\":true,\"valueName\":\"search_term_string\"}}],\"inLanguage\":\"sq\"},{\"@type\":\"Organization\",\"@id\":\"https:\/\/fiksezjarri.al\/al\/#organization\",\"name\":\"Fikse Zjarri I-Fire Shpk\",\"alternateName\":\"Fikse Zjarri i-Fire Shpk\",\"url\":\"https:\/\/fiksezjarri.al\/al\/\",\"logo\":{\"@type\":\"ImageObject\",\"inLanguage\":\"sq\",\"@id\":\"https:\/\/fiksezjarri.al\/al\/#\/schema\/logo\/image\/\",\"url\":\"https:\/\/fiksezjarri.al\/wp-content\/uploads\/2025\/01\/Logo-Fikse-Zjarri.png\",\"contentUrl\":\"https:\/\/fiksezjarri.al\/wp-content\/uploads\/2025\/01\/Logo-Fikse-Zjarri.png\",\"width\":226,\"height\":117,\"caption\":\"Fikse Zjarri I-Fire Shpk\"},\"image\":{\"@id\":\"https:\/\/fiksezjarri.al\/al\/#\/schema\/logo\/image\/\"},\"sameAs\":[\"https:\/\/www.facebook.com\/fikse.zjarri\",\"https:\/\/www.instagram.com\/fikse_zjarri\/\"]}]}<\/script>\n<!-- \/ Yoast SEO plugin. -->","yoast_head_json":{"title":"Kontakt &#8226; i-Fire Shpk","description":"Fikse Zjarri per Biznese & Shtepi. Fikse Zjarri PUDER, Fikse Zjarri CO2, Fikse Zjarri SHKUME, Fikse Zjarri TAVANORE,etj... Trajnime Stafi Zjarrfikes","robots":{"index":"index","follow":"follow","max-snippet":"max-snippet:-1","max-image-preview":"max-image-preview:large","max-video-preview":"max-video-preview:-1"},"canonical":"https:\/\/fiksezjarri.al\/al\/kontakt\/","og_locale":"sq_AL","og_type":"article","og_title":"Kontakt &#8226; i-Fire Shpk","og_description":"Fikse Zjarri per Biznese & Shtepi. Fikse Zjarri PUDER, Fikse Zjarri CO2, Fikse Zjarri SHKUME, Fikse Zjarri TAVANORE,etj... Trajnime Stafi Zjarrfikes","og_url":"https:\/\/fiksezjarri.al\/al\/kontakt\/","og_site_name":"Fikse Zjarri I-Fire Shpk","article_publisher":"https:\/\/www.facebook.com\/fikse.zjarri","article_modified_time":"2025-01-11T17:15:38+00:00","og_image":[{"url":"https:\/\/fiksezjarri.al\/wp-content\/uploads\/2023\/07\/phone.png","type":"","width":"","height":""}],"twitter_card":"summary_large_image","schema":{"@context":"https:\/\/schema.org","@graph":[{"@type":"WebPage","@id":"https:\/\/fiksezjarri.al\/kontakt\/","url":"https:\/\/fiksezjarri.al\/kontakt\/","name":"Kontakt &#8226; i-Fire Shpk","isPartOf":{"@id":"https:\/\/fiksezjarri.al\/al\/#website"},"primaryImageOfPage":{"@id":"https:\/\/fiksezjarri.al\/kontakt\/#primaryimage"},"image":{"@id":"https:\/\/fiksezjarri.al\/kontakt\/#primaryimage"},"thumbnailUrl":"https:\/\/fiksezjarri.al\/wp-content\/uploads\/2023\/07\/phone.png","datePublished":"2023-07-17T14:31:39+00:00","dateModified":"2025-01-11T17:15:38+00:00","description":"Fikse Zjarri per Biznese & Shtepi. Fikse Zjarri PUDER, Fikse Zjarri CO2, Fikse Zjarri SHKUME, Fikse Zjarri TAVANORE,etj... Trajnime Stafi Zjarrfikes","breadcrumb":{"@id":"https:\/\/fiksezjarri.al\/kontakt\/#breadcrumb"},"inLanguage":"sq","potentialAction":[{"@type":"ReadAction","target":["https:\/\/fiksezjarri.al\/kontakt\/"]}]},{"@type":"ImageObject","inLanguage":"sq","@id":"https:\/\/fiksezjarri.al\/kontakt\/#primaryimage","url":"https:\/\/fiksezjarri.al\/wp-content\/uploads\/2023\/07\/phone.png","contentUrl":"https:\/\/fiksezjarri.al\/wp-content\/uploads\/2023\/07\/phone.png"},{"@type":"BreadcrumbList","@id":"https:\/\/fiksezjarri.al\/kontakt\/#breadcrumb","itemListElement":[{"@type":"ListItem","position":1,"name":"Home","item":"https:\/\/fiksezjarri.al\/al\/"},{"@type":"ListItem","position":2,"name":"Kontakt"}]},{"@type":"WebSite","@id":"https:\/\/fiksezjarri.al\/al\/#website","url":"https:\/\/fiksezjarri.al\/al\/","name":"Fikse Zjarri","description":"Fikse Zjarri per Biznese &amp; Industri","publisher":{"@id":"https:\/\/fiksezjarri.al\/al\/#organization"},"alternateName":"Fikse Zjarri","potentialAction":[{"@type":"SearchAction","target":{"@type":"EntryPoint","urlTemplate":"https:\/\/fiksezjarri.al\/al\/?s={search_term_string}"},"query-input":{"@type":"PropertyValueSpecification","valueRequired":true,"valueName":"search_term_string"}}],"inLanguage":"sq"},{"@type":"Organization","@id":"https:\/\/fiksezjarri.al\/al\/#organization","name":"Fikse Zjarri I-Fire Shpk","alternateName":"Fikse Zjarri i-Fire Shpk","url":"https:\/\/fiksezjarri.al\/al\/","logo":{"@type":"ImageObject","inLanguage":"sq","@id":"https:\/\/fiksezjarri.al\/al\/#\/schema\/logo\/image\/","url":"https:\/\/fiksezjarri.al\/wp-content\/uploads\/2025\/01\/Logo-Fikse-Zjarri.png","contentUrl":"https:\/\/fiksezjarri.al\/wp-content\/uploads\/2025\/01\/Logo-Fikse-Zjarri.png","width":226,"height":117,"caption":"Fikse Zjarri I-Fire Shpk"},"image":{"@id":"https:\/\/fiksezjarri.al\/al\/#\/schema\/logo\/image\/"},"sameAs":["https:\/\/www.facebook.com\/fikse.zjarri","https:\/\/www.instagram.com\/fikse_zjarri\/"]}]}},"_links":{"self":[{"href":"https:\/\/fiksezjarri.al\/al\/wp-json\/wp\/v2\/pages\/69","targetHints":{"allow":["GET"]}}],"collection":[{"href":"https:\/\/fiksezjarri.al\/al\/wp-json\/wp\/v2\/pages"}],"about":[{"href":"https:\/\/fiksezjarri.al\/al\/wp-json\/wp\/v2\/types\/page"}],"author":[{"embeddable":true,"href":"https:\/\/fiksezjarri.al\/al\/wp-json\/wp\/v2\/users\/1"}],"replies":[{"embeddable":true,"href":"https:\/\/fiksezjarri.al\/al\/wp-json\/wp\/v2\/comments?post=69"}],"version-history":[{"count":21,"href":"https:\/\/fiksezjarri.al\/al\/wp-json\/wp\/v2\/pages\/69\/revisions"}],"predecessor-version":[{"id":3090,"href":"https:\/\/fiksezjarri.al\/al\/wp-json\/wp\/v2\/pages\/69\/revisions\/3090"}],"wp:attachment":[{"href":"https:\/\/fiksezjarri.al\/al\/wp-json\/wp\/v2\/media?parent=69"}],"wp:term":[{"taxonomy":"category","embeddable":true,"href":"https:\/\/fiksezjarri.al\/al\/wp-json\/wp\/v2\/categories?post=69"},{"taxonomy":"post_tag","embeddable":true,"href":"https:\/\/fiksezjarri.al\/al\/wp-json\/wp\/v2\/tags?post=69"}],"curies":[{"name":"wp","href":"https:\/\/api.w.org\/{rel}","templated":true}]}}