{"id":2725,"date":"2025-01-10T19:39:18","date_gmt":"2025-01-10T19:39:18","guid":{"rendered":"https:\/\/fiksezjarri.al\/?page_id=2725"},"modified":"2025-01-11T17:09:00","modified_gmt":"2025-01-11T17:09:00","slug":"tabela-sinjalizuese","status":"publish","type":"page","link":"https:\/\/fiksezjarri.al\/al\/tabela-sinjalizuese\/","title":{"rendered":"Tabela Sinjalizuese"},"content":{"rendered":"\t\t<div data-elementor-type=\"wp-page\" data-elementor-id=\"2725\" class=\"elementor elementor-2725\" data-elementor-post-type=\"page\">\n\t\t\t\t\t\t<section class=\"elementor-section elementor-top-section elementor-element elementor-element-629fcf56 elementor-section-boxed elementor-section-height-default elementor-section-height-default\" data-id=\"629fcf56\" data-element_type=\"section\" data-settings=\"{&quot;background_background&quot;:&quot;classic&quot;}\">\n\t\t\t\t\t\t<div class=\"elementor-container elementor-column-gap-no\">\n\t\t\t\t\t<div class=\"elementor-column elementor-col-100 elementor-top-column elementor-element elementor-element-12f03583\" data-id=\"12f03583\" data-element_type=\"column\">\n\t\t\t<div class=\"elementor-widget-wrap elementor-element-populated\">\n\t\t\t\t\t\t<div class=\"elementor-element elementor-element-38a39158 elementor-widget__width-initial elementor-widget elementor-widget-services_noxiy\" data-id=\"38a39158\" data-element_type=\"widget\" data-widget_type=\"services_noxiy.default\">\n\t\t\t\t<div class=\"elementor-widget-container\">\n\t\t\t\t\t\r\n        \r\n                    <div class=\"services__one-item m-0\">\r\n                <div class=\"services__one-item-image\">\r\n                    <img decoding=\"async\" src=\"https:\/\/fiksezjarri.al\/wp-content\/uploads\/2025\/01\/Tabela-Ndaluese-per-Zjarr.png\" alt=\"Tabela Ndalese\" \/>                <\/div>\r\n                <div class=\"services__one-item-content\">\r\n                    <div class=\"services__one-item-content-icon\">\r\n                        <i class=\"fas fa-fire-extinguisher\"><\/i>\r\n                    <\/div>\r\n                    <h4><a href=\"https:\/\/wa.me\/+355696165555\">Tabela Ndaluese<\/a>\r\n                    <\/h4>\r\n                    <p>\r\n                                            <\/p>\r\n                    <a href=\"https:\/\/wa.me\/+355696165555\">\r\n                        <p>\r\n                            Porosit ne WhatsApp                        <\/p><i class=\"fas fa-long-arrow-right\"><\/i>\r\n                    <\/a>\r\n                <\/div>\r\n            <\/div>\r\n        \r\n\r\n        \r\n        \r\n        \t\t\t\t<\/div>\n\t\t\t\t<\/div>\n\t\t\t\t<div class=\"elementor-element elementor-element-49e0e9e6 elementor-widget__width-initial elementor-widget elementor-widget-services_noxiy\" data-id=\"49e0e9e6\" data-element_type=\"widget\" data-widget_type=\"services_noxiy.default\">\n\t\t\t\t<div class=\"elementor-widget-container\">\n\t\t\t\t\t\r\n        \r\n                    <div class=\"services__one-item m-0\">\r\n                <div class=\"services__one-item-image\">\r\n                    <img decoding=\"async\" src=\"https:\/\/fiksezjarri.al\/wp-content\/uploads\/2025\/01\/Tabela-detyruese.png\" alt=\"No alt text\" \/>                <\/div>\r\n                <div class=\"services__one-item-content\">\r\n                    <div class=\"services__one-item-content-icon\">\r\n                        <i class=\"fas fa-fire-extinguisher\"><\/i>\r\n                    <\/div>\r\n                    <h4><a href=\"https:\/\/wa.me\/+355696165555\">Tabela detyruese<\/a>\r\n                    <\/h4>\r\n                    <p>\r\n                                            <\/p>\r\n                    <a href=\"https:\/\/wa.me\/+355696165555\">\r\n                        <p>\r\n                            Porosit ne WhatsApp                        <\/p><i class=\"fas fa-long-arrow-right\"><\/i>\r\n                    <\/a>\r\n                <\/div>\r\n            <\/div>\r\n        \r\n\r\n        \r\n        \r\n        \t\t\t\t<\/div>\n\t\t\t\t<\/div>\n\t\t\t\t<div class=\"elementor-element elementor-element-16d848cf elementor-widget__width-initial elementor-widget elementor-widget-services_noxiy\" data-id=\"16d848cf\" data-element_type=\"widget\" data-widget_type=\"services_noxiy.default\">\n\t\t\t\t<div class=\"elementor-widget-container\">\n\t\t\t\t\t\r\n        \r\n                    <div class=\"services__one-item m-0\">\r\n                <div class=\"services__one-item-image\">\r\n                    <img decoding=\"async\" src=\"https:\/\/fiksezjarri.al\/wp-content\/uploads\/2025\/01\/Tabela-rreziku.png\" alt=\"No alt text\" \/>                <\/div>\r\n                <div class=\"services__one-item-content\">\r\n                    <div class=\"services__one-item-content-icon\">\r\n                        <i class=\"fas fa-fire-extinguisher\"><\/i>\r\n                    <\/div>\r\n                    <h4><a href=\"https:\/\/wa.me\/+355696165555\">Tabela rreziku<\/a>\r\n                    <\/h4>\r\n                    <p>\r\n                                            <\/p>\r\n                    <a href=\"https:\/\/wa.me\/+355696165555\">\r\n                        <p>\r\n                            Porosit ne WhatsApp                        <\/p><i class=\"fas fa-long-arrow-right\"><\/i>\r\n                    <\/a>\r\n                <\/div>\r\n            <\/div>\r\n        \r\n\r\n        \r\n        \r\n        \t\t\t\t<\/div>\n\t\t\t\t<\/div>\n\t\t\t\t<div class=\"elementor-element elementor-element-62f7645b elementor-widget__width-initial elementor-widget elementor-widget-services_noxiy\" data-id=\"62f7645b\" data-element_type=\"widget\" data-widget_type=\"services_noxiy.default\">\n\t\t\t\t<div class=\"elementor-widget-container\">\n\t\t\t\t\t\r\n        \r\n                    <div class=\"services__one-item m-0\">\r\n                <div class=\"services__one-item-image\">\r\n                    <img decoding=\"async\" src=\"https:\/\/fiksezjarri.al\/wp-content\/uploads\/2025\/01\/Tablea-informuese.png\" alt=\"No alt text\" \/>                <\/div>\r\n                <div class=\"services__one-item-content\">\r\n                    <div class=\"services__one-item-content-icon\">\r\n                        <i class=\"fas fa-fire-extinguisher\"><\/i>\r\n                    <\/div>\r\n                    <h4><a href=\"https:\/\/wa.me\/+355696165555\">Tablea informuese<\/a>\r\n                    <\/h4>\r\n                    <p>\r\n                                            <\/p>\r\n                    <a href=\"https:\/\/wa.me\/+355696165555\">\r\n                        <p>\r\n                            Porosit ne WhatsApp                        <\/p><i class=\"fas fa-long-arrow-right\"><\/i>\r\n                    <\/a>\r\n                <\/div>\r\n            <\/div>\r\n        \r\n\r\n        \r\n        \r\n        \t\t\t\t<\/div>\n\t\t\t\t<\/div>\n\t\t\t\t<div class=\"elementor-element elementor-element-610e02b5 elementor-widget__width-initial elementor-widget elementor-widget-services_noxiy\" data-id=\"610e02b5\" data-element_type=\"widget\" data-widget_type=\"services_noxiy.default\">\n\t\t\t\t<div class=\"elementor-widget-container\">\n\t\t\t\t\t\r\n        \r\n                    <div class=\"services__one-item m-0\">\r\n                <div class=\"services__one-item-image\">\r\n                    <img decoding=\"async\" src=\"https:\/\/fiksezjarri.al\/wp-content\/uploads\/2025\/01\/Tabela-per-materiale-te-rrezikshme.jpg\" alt=\"No alt text\" \/>                <\/div>\r\n                <div class=\"services__one-item-content\">\r\n                    <div class=\"services__one-item-content-icon\">\r\n                        <i class=\"fas fa-fire-extinguisher\"><\/i>\r\n                    <\/div>\r\n                    <h4><a href=\"https:\/\/wa.me\/+355696165555\">Tabela p\u00ebr materiale t\u00eb rrezikshme<\/a>\r\n                    <\/h4>\r\n                    <p>\r\n                                            <\/p>\r\n                    <a href=\"https:\/\/wa.me\/+355696165555\">\r\n                        <p>\r\n                            Porosit ne WhatsApp                        <\/p><i class=\"fas fa-long-arrow-right\"><\/i>\r\n                    <\/a>\r\n                <\/div>\r\n            <\/div>\r\n        \r\n\r\n        \r\n        \r\n        \t\t\t\t<\/div>\n\t\t\t\t<\/div>\n\t\t\t\t<div class=\"elementor-element elementor-element-74e9a832 elementor-widget__width-initial elementor-widget elementor-widget-services_noxiy\" data-id=\"74e9a832\" data-element_type=\"widget\" data-widget_type=\"services_noxiy.default\">\n\t\t\t\t<div class=\"elementor-widget-container\">\n\t\t\t\t\t\r\n        \r\n                    <div class=\"services__one-item m-0\">\r\n                <div class=\"services__one-item-image\">\r\n                    <img decoding=\"async\" src=\"https:\/\/fiksezjarri.al\/wp-content\/uploads\/2025\/01\/Tabela-per-numrat-e-emergjences.png\" alt=\"No alt text\" \/>                <\/div>\r\n                <div class=\"services__one-item-content\">\r\n                    <div class=\"services__one-item-content-icon\">\r\n                        <i class=\"fas fa-fire-extinguisher\"><\/i>\r\n                    <\/div>\r\n                    <h4><a href=\"https:\/\/wa.me\/+355696165555\">Tabela p\u00ebr numrat e emergjenc\u00ebs<\/a>\r\n                    <\/h4>\r\n                    <p>\r\n                                            <\/p>\r\n                    <a href=\"https:\/\/wa.me\/+355696165555\">\r\n                        <p>\r\n                            Porosit ne WhatsApp                        <\/p><i class=\"fas fa-long-arrow-right\"><\/i>\r\n                    <\/a>\r\n                <\/div>\r\n            <\/div>\r\n        \r\n\r\n        \r\n        \r\n        \t\t\t\t<\/div>\n\t\t\t\t<\/div>\n\t\t\t\t<div class=\"elementor-element elementor-element-19fae582 elementor-widget__width-initial elementor-widget elementor-widget-services_noxiy\" data-id=\"19fae582\" data-element_type=\"widget\" data-widget_type=\"services_noxiy.default\">\n\t\t\t\t<div class=\"elementor-widget-container\">\n\t\t\t\t\t\r\n        \r\n                    <div class=\"services__one-item m-0\">\r\n                <div class=\"services__one-item-image\">\r\n                    <img decoding=\"async\" src=\"https:\/\/fiksezjarri.al\/wp-content\/uploads\/2025\/01\/Tabela-ndricuese.jpg\" alt=\"No alt text\" \/>                <\/div>\r\n                <div class=\"services__one-item-content\">\r\n                    <div class=\"services__one-item-content-icon\">\r\n                        <i class=\"fas fa-fire-extinguisher\"><\/i>\r\n                    <\/div>\r\n                    <h4><a href=\"https:\/\/wa.me\/+355696165555\">Tabela ndri\u00e7uese<\/a>\r\n                    <\/h4>\r\n                    <p>\r\n                                            <\/p>\r\n                    <a href=\"https:\/\/wa.me\/+355696165555\">\r\n                        <p>\r\n                            Porosit ne WhatsApp                        <\/p><i class=\"fas fa-long-arrow-right\"><\/i>\r\n                    <\/a>\r\n                <\/div>\r\n            <\/div>\r\n        \r\n\r\n        \r\n        \r\n        \t\t\t\t<\/div>\n\t\t\t\t<\/div>\n\t\t\t\t<div class=\"elementor-element elementor-element-49193a45 elementor-widget__width-initial elementor-widget elementor-widget-services_noxiy\" data-id=\"49193a45\" data-element_type=\"widget\" data-widget_type=\"services_noxiy.default\">\n\t\t\t\t<div class=\"elementor-widget-container\">\n\t\t\t\t\t\r\n        \r\n                    <div class=\"services__one-item m-0\">\r\n                <div class=\"services__one-item-image\">\r\n                    <img decoding=\"async\" src=\"https:\/\/fiksezjarri.al\/wp-content\/uploads\/2025\/01\/Tabela-te-tjera.png\" alt=\"No alt text\" \/>                <\/div>\r\n                <div class=\"services__one-item-content\">\r\n                    <div class=\"services__one-item-content-icon\">\r\n                        <i class=\"fas fa-fire-extinguisher\"><\/i>\r\n                    <\/div>\r\n                    <h4><a href=\"https:\/\/wa.me\/+355696165555\">Tabela t\u00eb tjera<\/a>\r\n                    <\/h4>\r\n                    <p>\r\n                                            <\/p>\r\n                    <a href=\"https:\/\/wa.me\/+355696165555\">\r\n                        <p>\r\n                            Porosit ne WhatsApp                        <\/p><i class=\"fas fa-long-arrow-right\"><\/i>\r\n                    <\/a>\r\n                <\/div>\r\n            <\/div>\r\n        \r\n\r\n        \r\n        \r\n        \t\t\t\t<\/div>\n\t\t\t\t<\/div>\n\t\t\t\t\t<\/div>\n\t\t<\/div>\n\t\t\t\t\t<\/div>\n\t\t<\/section>\n\t\t\t\t<\/div>\n\t\t","protected":false},"excerpt":{"rendered":"<p>Tabela Ndaluese Porosit ne WhatsApp Tabela detyruese Porosit ne WhatsApp Tabela rreziku Porosit ne WhatsApp Tablea informuese Porosit ne WhatsApp Tabela p\u00ebr materiale t\u00eb rrezikshme Porosit ne WhatsApp Tabela p\u00ebr numrat e emergjenc\u00ebs Porosit ne WhatsApp Tabela ndri\u00e7uese Porosit ne WhatsApp Tabela t\u00eb tjera Porosit ne WhatsApp<\/p>\n","protected":false},"author":1,"featured_media":0,"parent":0,"menu_order":0,"comment_status":"closed","ping_status":"closed","template":"","meta":{"footnotes":""},"categories":[],"tags":[290,287,305,281,312,317,307,318,301,304,279,294,302,319,300,321,309,313,311,296,310,280,299,282,314,308,293,315,306,288,297,303,298,320,292,291,276,286,316,278,285,284,277,289,283,295],"class_list":["post-2725","page","type-page","status-publish","hentry","tag-tabela-me-udhezime-per-evakuim-nga-zjarri","tag-tabela-per-alarm-dhe-sinjalizim-zjarri","tag-tabela-per-alarmet-e-emergjencave","tag-tabela-per-evakuim-ne-rast-zjarri","tag-tabela-per-evakuim-te-sigurt-nga-zjarri","tag-tabela-per-kontrollin-e-sigurise-nga-zjarri","tag-tabela-per-mbrojtje-ne-zona-publike","tag-tabela-per-mbrojtjen-e-pasurise-nga-zjarri","tag-tabela-per-ndihmen-e-pare-ne-rast-zjarri","tag-tabela-per-ndihmen-ne-rast-emergjencash","tag-tabela-per-paralajmerimin-e-zjarrit","tag-tabela-per-parandalimin-e-zjarrit","tag-tabela-per-perdorimin-e-hidranteve-te-zjarrit","tag-tabela-per-sherbimet-e-zjarrfikesve","tag-tabela-per-sigurine-e-zjarrfikesve","tag-tabela-per-sigurine-ne-hapesira-publike","tag-tabela-per-sigurine-ne-ndertesa","tag-tabela-per-sinjalizim-urgjent","tag-tabela-per-sinjalizimin-e-daljeve-te-shpetimit","tag-tabela-per-sinjalizimin-e-rrugeve-te-shpetimit","tag-tabela-per-sinjalizimin-e-rrugeve-te-shpetimit-nga-zjarri","tag-tabela-per-sinjalizimin-e-zjarrit","tag-tabela-per-sistemin-e-alarmit-te-zjarrit","tag-tabela-per-udhezime-ne-rast-zjarri","tag-tabela-sinjalizuese-per-ambiente-industriale","tag-tabela-sinjalizuese-per-ambiente-shendetesore","tag-tabela-sinjalizuese-per-fabrika","tag-tabela-sinjalizuese-per-hotele-dhe-restorante","tag-tabela-sinjalizuese-per-mbrojtjen-nga-zjarri","tag-tabela-sinjalizuese-per-ndertesa-te-larta","tag-tabela-sinjalizuese-per-ndihmen-e-pare","tag-tabela-sinjalizuese-per-parkingje","tag-tabela-sinjalizuese-per-perdorimin-e-pajisjeve-te-zjarrit","tag-tabela-sinjalizuese-per-qendra-shendetesore","tag-tabela-sinjalizuese-per-shkolla-dhe-universitete","tag-tabela-sinjalizuese-per-spitale","tag-tabela-sinjalizuese-per-zjarr","tag-tabela-sinjalizuese-per-zjarre-ne-restorante","tag-tabela-sinjalizuese-per-zona-te-ndjeshme-ndaj-zjarrit","tag-tabela-sinjalizuese-te-sigurise","tag-tabela-sinjalizuese-te-zjarrit-per-ambiente-komerciale","tag-tabela-sinjalizuese-te-zjarrit-per-ndertesa","tag-tabela-te-alarmit-per-zjarr","tag-tabela-te-sigurise-per-zjarre","tag-tabela-te-sigurta-per-zjarr","tag-tabela-te-sinjalizimit-te-rrezikut-nga-zjarri"],"yoast_head":"<!-- This site is optimized with the Yoast SEO plugin v26.6 - https:\/\/yoast.com\/wordpress\/plugins\/seo\/ -->\n<title>Tabela Sinjalizuese &#8226; i-Fire Shpk<\/title>\n<meta name=\"description\" content=\"Fikse Zjarri per Biznese &amp; Shtepi. Fikse Zjarri PUDER, Fikse Zjarri CO2, Fikse Zjarri SHKUME, Fikse Zjarri TAVANORE,etj... Trajnime Stafi Zjarrfikes\" \/>\n<meta name=\"robots\" content=\"index, follow, max-snippet:-1, max-image-preview:large, max-video-preview:-1\" \/>\n<link rel=\"canonical\" href=\"https:\/\/fiksezjarri.al\/al\/tabela-sinjalizuese\/\" \/>\n<meta property=\"og:locale\" content=\"sq_AL\" \/>\n<meta property=\"og:type\" content=\"article\" \/>\n<meta property=\"og:title\" content=\"Tabela Sinjalizuese &#8226; i-Fire Shpk\" \/>\n<meta property=\"og:description\" content=\"Fikse Zjarri per Biznese &amp; Shtepi. Fikse Zjarri PUDER, Fikse Zjarri CO2, Fikse Zjarri SHKUME, Fikse Zjarri TAVANORE,etj... Trajnime Stafi Zjarrfikes\" \/>\n<meta property=\"og:url\" content=\"https:\/\/fiksezjarri.al\/al\/tabela-sinjalizuese\/\" \/>\n<meta property=\"og:site_name\" content=\"Fikse Zjarri I-Fire Shpk\" \/>\n<meta property=\"article:publisher\" content=\"https:\/\/www.facebook.com\/fikse.zjarri\" \/>\n<meta property=\"article:modified_time\" content=\"2025-01-11T17:09:00+00:00\" \/>\n<meta property=\"og:image\" content=\"https:\/\/fiksezjarri.al\/wp-content\/uploads\/2025\/01\/Tabela-Ndaluese-per-Zjarr.png\" \/>\n<meta name=\"twitter:card\" content=\"summary_large_image\" \/>\n<script type=\"application\/ld+json\" class=\"yoast-schema-graph\">{\"@context\":\"https:\/\/schema.org\",\"@graph\":[{\"@type\":\"WebPage\",\"@id\":\"https:\/\/fiksezjarri.al\/tabela-sinjalizuese\/\",\"url\":\"https:\/\/fiksezjarri.al\/tabela-sinjalizuese\/\",\"name\":\"Tabela Sinjalizuese &#8226; i-Fire Shpk\",\"isPartOf\":{\"@id\":\"https:\/\/fiksezjarri.al\/al\/#website\"},\"primaryImageOfPage\":{\"@id\":\"https:\/\/fiksezjarri.al\/tabela-sinjalizuese\/#primaryimage\"},\"image\":{\"@id\":\"https:\/\/fiksezjarri.al\/tabela-sinjalizuese\/#primaryimage\"},\"thumbnailUrl\":\"https:\/\/fiksezjarri.al\/wp-content\/uploads\/2025\/01\/Tabela-Ndaluese-per-Zjarr.png\",\"datePublished\":\"2025-01-10T19:39:18+00:00\",\"dateModified\":\"2025-01-11T17:09:00+00:00\",\"description\":\"Fikse Zjarri per Biznese & Shtepi. Fikse Zjarri PUDER, Fikse Zjarri CO2, Fikse Zjarri SHKUME, Fikse Zjarri TAVANORE,etj... Trajnime Stafi Zjarrfikes\",\"breadcrumb\":{\"@id\":\"https:\/\/fiksezjarri.al\/tabela-sinjalizuese\/#breadcrumb\"},\"inLanguage\":\"sq\",\"potentialAction\":[{\"@type\":\"ReadAction\",\"target\":[\"https:\/\/fiksezjarri.al\/tabela-sinjalizuese\/\"]}]},{\"@type\":\"ImageObject\",\"inLanguage\":\"sq\",\"@id\":\"https:\/\/fiksezjarri.al\/tabela-sinjalizuese\/#primaryimage\",\"url\":\"https:\/\/fiksezjarri.al\/wp-content\/uploads\/2025\/01\/Tabela-Ndaluese-per-Zjarr.png\",\"contentUrl\":\"https:\/\/fiksezjarri.al\/wp-content\/uploads\/2025\/01\/Tabela-Ndaluese-per-Zjarr.png\"},{\"@type\":\"BreadcrumbList\",\"@id\":\"https:\/\/fiksezjarri.al\/tabela-sinjalizuese\/#breadcrumb\",\"itemListElement\":[{\"@type\":\"ListItem\",\"position\":1,\"name\":\"Home\",\"item\":\"https:\/\/fiksezjarri.al\/al\/\"},{\"@type\":\"ListItem\",\"position\":2,\"name\":\"Tabela Sinjalizuese\"}]},{\"@type\":\"WebSite\",\"@id\":\"https:\/\/fiksezjarri.al\/al\/#website\",\"url\":\"https:\/\/fiksezjarri.al\/al\/\",\"name\":\"Fikse Zjarri\",\"description\":\"Fikse Zjarri per Biznese &amp; Industri\",\"publisher\":{\"@id\":\"https:\/\/fiksezjarri.al\/al\/#organization\"},\"alternateName\":\"Fikse Zjarri\",\"potentialAction\":[{\"@type\":\"SearchAction\",\"target\":{\"@type\":\"EntryPoint\",\"urlTemplate\":\"https:\/\/fiksezjarri.al\/al\/?s={search_term_string}\"},\"query-input\":{\"@type\":\"PropertyValueSpecification\",\"valueRequired\":true,\"valueName\":\"search_term_string\"}}],\"inLanguage\":\"sq\"},{\"@type\":\"Organization\",\"@id\":\"https:\/\/fiksezjarri.al\/al\/#organization\",\"name\":\"Fikse Zjarri I-Fire Shpk\",\"alternateName\":\"Fikse Zjarri i-Fire Shpk\",\"url\":\"https:\/\/fiksezjarri.al\/al\/\",\"logo\":{\"@type\":\"ImageObject\",\"inLanguage\":\"sq\",\"@id\":\"https:\/\/fiksezjarri.al\/al\/#\/schema\/logo\/image\/\",\"url\":\"https:\/\/fiksezjarri.al\/wp-content\/uploads\/2025\/01\/Logo-Fikse-Zjarri.png\",\"contentUrl\":\"https:\/\/fiksezjarri.al\/wp-content\/uploads\/2025\/01\/Logo-Fikse-Zjarri.png\",\"width\":226,\"height\":117,\"caption\":\"Fikse Zjarri I-Fire Shpk\"},\"image\":{\"@id\":\"https:\/\/fiksezjarri.al\/al\/#\/schema\/logo\/image\/\"},\"sameAs\":[\"https:\/\/www.facebook.com\/fikse.zjarri\",\"https:\/\/www.instagram.com\/fikse_zjarri\/\"]}]}<\/script>\n<!-- \/ Yoast SEO plugin. -->","yoast_head_json":{"title":"Tabela Sinjalizuese &#8226; i-Fire Shpk","description":"Fikse Zjarri per Biznese & Shtepi. Fikse Zjarri PUDER, Fikse Zjarri CO2, Fikse Zjarri SHKUME, Fikse Zjarri TAVANORE,etj... Trajnime Stafi Zjarrfikes","robots":{"index":"index","follow":"follow","max-snippet":"max-snippet:-1","max-image-preview":"max-image-preview:large","max-video-preview":"max-video-preview:-1"},"canonical":"https:\/\/fiksezjarri.al\/al\/tabela-sinjalizuese\/","og_locale":"sq_AL","og_type":"article","og_title":"Tabela Sinjalizuese &#8226; i-Fire Shpk","og_description":"Fikse Zjarri per Biznese & Shtepi. Fikse Zjarri PUDER, Fikse Zjarri CO2, Fikse Zjarri SHKUME, Fikse Zjarri TAVANORE,etj... Trajnime Stafi Zjarrfikes","og_url":"https:\/\/fiksezjarri.al\/al\/tabela-sinjalizuese\/","og_site_name":"Fikse Zjarri I-Fire Shpk","article_publisher":"https:\/\/www.facebook.com\/fikse.zjarri","article_modified_time":"2025-01-11T17:09:00+00:00","og_image":[{"url":"https:\/\/fiksezjarri.al\/wp-content\/uploads\/2025\/01\/Tabela-Ndaluese-per-Zjarr.png","type":"","width":"","height":""}],"twitter_card":"summary_large_image","schema":{"@context":"https:\/\/schema.org","@graph":[{"@type":"WebPage","@id":"https:\/\/fiksezjarri.al\/tabela-sinjalizuese\/","url":"https:\/\/fiksezjarri.al\/tabela-sinjalizuese\/","name":"Tabela Sinjalizuese &#8226; i-Fire Shpk","isPartOf":{"@id":"https:\/\/fiksezjarri.al\/al\/#website"},"primaryImageOfPage":{"@id":"https:\/\/fiksezjarri.al\/tabela-sinjalizuese\/#primaryimage"},"image":{"@id":"https:\/\/fiksezjarri.al\/tabela-sinjalizuese\/#primaryimage"},"thumbnailUrl":"https:\/\/fiksezjarri.al\/wp-content\/uploads\/2025\/01\/Tabela-Ndaluese-per-Zjarr.png","datePublished":"2025-01-10T19:39:18+00:00","dateModified":"2025-01-11T17:09:00+00:00","description":"Fikse Zjarri per Biznese & Shtepi. Fikse Zjarri PUDER, Fikse Zjarri CO2, Fikse Zjarri SHKUME, Fikse Zjarri TAVANORE,etj... Trajnime Stafi Zjarrfikes","breadcrumb":{"@id":"https:\/\/fiksezjarri.al\/tabela-sinjalizuese\/#breadcrumb"},"inLanguage":"sq","potentialAction":[{"@type":"ReadAction","target":["https:\/\/fiksezjarri.al\/tabela-sinjalizuese\/"]}]},{"@type":"ImageObject","inLanguage":"sq","@id":"https:\/\/fiksezjarri.al\/tabela-sinjalizuese\/#primaryimage","url":"https:\/\/fiksezjarri.al\/wp-content\/uploads\/2025\/01\/Tabela-Ndaluese-per-Zjarr.png","contentUrl":"https:\/\/fiksezjarri.al\/wp-content\/uploads\/2025\/01\/Tabela-Ndaluese-per-Zjarr.png"},{"@type":"BreadcrumbList","@id":"https:\/\/fiksezjarri.al\/tabela-sinjalizuese\/#breadcrumb","itemListElement":[{"@type":"ListItem","position":1,"name":"Home","item":"https:\/\/fiksezjarri.al\/al\/"},{"@type":"ListItem","position":2,"name":"Tabela Sinjalizuese"}]},{"@type":"WebSite","@id":"https:\/\/fiksezjarri.al\/al\/#website","url":"https:\/\/fiksezjarri.al\/al\/","name":"Fikse Zjarri","description":"Fikse Zjarri per Biznese &amp; Industri","publisher":{"@id":"https:\/\/fiksezjarri.al\/al\/#organization"},"alternateName":"Fikse Zjarri","potentialAction":[{"@type":"SearchAction","target":{"@type":"EntryPoint","urlTemplate":"https:\/\/fiksezjarri.al\/al\/?s={search_term_string}"},"query-input":{"@type":"PropertyValueSpecification","valueRequired":true,"valueName":"search_term_string"}}],"inLanguage":"sq"},{"@type":"Organization","@id":"https:\/\/fiksezjarri.al\/al\/#organization","name":"Fikse Zjarri I-Fire Shpk","alternateName":"Fikse Zjarri i-Fire Shpk","url":"https:\/\/fiksezjarri.al\/al\/","logo":{"@type":"ImageObject","inLanguage":"sq","@id":"https:\/\/fiksezjarri.al\/al\/#\/schema\/logo\/image\/","url":"https:\/\/fiksezjarri.al\/wp-content\/uploads\/2025\/01\/Logo-Fikse-Zjarri.png","contentUrl":"https:\/\/fiksezjarri.al\/wp-content\/uploads\/2025\/01\/Logo-Fikse-Zjarri.png","width":226,"height":117,"caption":"Fikse Zjarri I-Fire Shpk"},"image":{"@id":"https:\/\/fiksezjarri.al\/al\/#\/schema\/logo\/image\/"},"sameAs":["https:\/\/www.facebook.com\/fikse.zjarri","https:\/\/www.instagram.com\/fikse_zjarri\/"]}]}},"_links":{"self":[{"href":"https:\/\/fiksezjarri.al\/al\/wp-json\/wp\/v2\/pages\/2725","targetHints":{"allow":["GET"]}}],"collection":[{"href":"https:\/\/fiksezjarri.al\/al\/wp-json\/wp\/v2\/pages"}],"about":[{"href":"https:\/\/fiksezjarri.al\/al\/wp-json\/wp\/v2\/types\/page"}],"author":[{"embeddable":true,"href":"https:\/\/fiksezjarri.al\/al\/wp-json\/wp\/v2\/users\/1"}],"replies":[{"embeddable":true,"href":"https:\/\/fiksezjarri.al\/al\/wp-json\/wp\/v2\/comments?post=2725"}],"version-history":[{"count":4,"href":"https:\/\/fiksezjarri.al\/al\/wp-json\/wp\/v2\/pages\/2725\/revisions"}],"predecessor-version":[{"id":3049,"href":"https:\/\/fiksezjarri.al\/al\/wp-json\/wp\/v2\/pages\/2725\/revisions\/3049"}],"wp:attachment":[{"href":"https:\/\/fiksezjarri.al\/al\/wp-json\/wp\/v2\/media?parent=2725"}],"wp:term":[{"taxonomy":"category","embeddable":true,"href":"https:\/\/fiksezjarri.al\/al\/wp-json\/wp\/v2\/categories?post=2725"},{"taxonomy":"post_tag","embeddable":true,"href":"https:\/\/fiksezjarri.al\/al\/wp-json\/wp\/v2\/tags?post=2725"}],"curies":[{"name":"wp","href":"https:\/\/api.w.org\/{rel}","templated":true}]}}